	
	
	
	
{"id":9401,"date":"2024-05-18T07:08:16","date_gmt":"2024-05-18T05:08:16","guid":{"rendered":"https:\/\/www.grintoura.fr\/product\/ti-planterre-vanille-louis-leichnig\/"},"modified":"2024-05-18T07:10:31","modified_gmt":"2024-05-18T05:10:31","slug":"ti-planterre-vanille-louis-leichnig","status":"publish","type":"product","link":"https:\/\/www.grintoura.fr\/en\/product\/ti-planterre-vanille-louis-leichnig\/","title":{"rendered":"Ti Planterre \u2013 Vanille Louis Leichnig"},"content":{"rendered":"<p>Agriculteur depuis plus de\u00a0trente ans \u00e0 l\u2019\u00eele de la R\u00e9union<br \/>\nLouis LEICHNIG a toujours voulu proposer aux consommateurs des produits r\u00e9unionnais de qualit\u00e9.<\/p>\n<p>Il s\u2019est donc lanc\u00e9 dans la production de vanille et de fruits exotiques de saison, certifi\u00e9e Agriculture Biologique, gage de qualit\u00e9.<\/p>\n<p>Ainsi, sur ses vingt hectares de terrains, il a mis en place une culture extensive puisque toute sa vanille est cultiv\u00e9e sous bois et que les arbres fruitiers sont aux abords de cette for\u00eat.<\/p>\n<p>Tout le travail qu\u2019il fait, que ce soit pour la vanille ou pour les fruits, rend ses produits exceptionnels sur le march\u00e9. Produits typiques de la R\u00e9union que tout un chacun devrait pouvoir utiliser.<\/p>\n<p>Afin de commercialiser ses produits, Louis LEICHNIG\u00a0a d\u00e9cid\u00e9 de venir les proposer en France m\u00e9tropolitaine.<\/p>\n<p>De salon en salon, il en fait la promotion.<\/p>","protected":false},"excerpt":{"rendered":"<p>Agriculteur depuis plus de\u00a0trente ans \u00e0 l\u2019\u00eele de la R\u00e9union Louis LEICHNIG a toujours voulu proposer aux consommateurs des produits r\u00e9unionnais de qualit\u00e9. Il s\u2019est donc lanc\u00e9 dans la production de vanille et de fruits exotiques de saison, certifi\u00e9e Agriculture Biologique, gage de qualit\u00e9. Ainsi, sur ses vingt hectares de terrains, il a mis en [&hellip;]<\/p>","protected":false},"featured_media":0,"template":"","meta":[],"product_cat":[21],"product_tag":[],"_links":{"self":[{"href":"https:\/\/www.grintoura.fr\/en\/wp-json\/wp\/v2\/product\/9401"}],"collection":[{"href":"https:\/\/www.grintoura.fr\/en\/wp-json\/wp\/v2\/product"}],"about":[{"href":"https:\/\/www.grintoura.fr\/en\/wp-json\/wp\/v2\/types\/product"}],"wp:attachment":[{"href":"https:\/\/www.grintoura.fr\/en\/wp-json\/wp\/v2\/media?parent=9401"}],"wp:term":[{"taxonomy":"product_cat","embeddable":true,"href":"https:\/\/www.grintoura.fr\/en\/wp-json\/wp\/v2\/product_cat?post=9401"},{"taxonomy":"product_tag","embeddable":true,"href":"https:\/\/www.grintoura.fr\/en\/wp-json\/wp\/v2\/product_tag?post=9401"}],"curies":[{"name":"wp","href":"https:\/\/api.w.org\/{rel}","templated":true}]}}