	
	
	
	
{"id":9383,"date":"2024-05-17T21:54:56","date_gmt":"2024-05-17T19:54:56","guid":{"rendered":"https:\/\/www.grintoura.fr\/product\/auberge-de-liezey-la-cuisine-simple-faite-maison\/"},"modified":"2024-05-21T11:26:11","modified_gmt":"2024-05-21T09:26:11","slug":"auberge-de-liezey-la-cuisine-simple-faite-maison","status":"publish","type":"product","link":"https:\/\/www.grintoura.fr\/en\/product\/auberge-de-liezey-la-cuisine-simple-faite-maison\/","title":{"rendered":"Auberge de Li\u00e9zey \u00ab\u00a0La cuisine simple faite maison\u00a0\u00bb"},"content":{"rendered":"<p><strong>Un <a href=\"https:\/\/www.aubergedeliezey.fr\" target=\"_blank\" rel=\"noopener\">restaurant traditionnel<\/a> vosgien<\/strong><\/p>\n<p>Pour vous accueillir simplement, mais avec passion pr\u00e8s d\u2019un feu de chemin\u00e9e<br \/>\navec notre s\u00e9lection de grillades et toutes nos sp\u00e9cialit\u00e9s de notre terroir Vosgien.<\/p>\n<p><strong>Notre cuisine est 100% fait maison<\/strong><\/p>\n<p>Notre Auberge s\u2019inscrit dans une d\u00e9marche et un d\u00e9veloppement durable. Nous nous effor\u00e7ons au maximum d\u2019utiliser des produits dans notre environnement imm\u00e9diat avec une majorit\u00e9 de produits locaux en circuit court, bio, sans ogm, label rouge&#8230; des choses bonnes et simples\u00a0!<\/p>\n<p>Dans notre restaurant, que des recettes anciennes de nos grands-m\u00e8res\u2026 comme on les aime.<\/p>\n<p>Que du bonheur\u00a0!<\/p>\n<p>Notre cuisine traditionnelle du terroir Vosgien vous ravira.<br \/>\nNotre restauration est une cuisine simple, faite maison.<\/p>\n<p>Mais ce qui est simple et bon est aussi ce qu\u2019il y a de plus compliqu\u00e9 \u00e0 atteindre\u2026 Et c\u2019est notre objectif ambitieux et aussi celui de vous faire passer de bons moments de bonheur entre amis, en famille et avec les gens que vous aimez.<\/p>\n<p>&nbsp;<\/p>\n<p><a href=\"https:\/\/www.aubergedeliezey.fr\/restaurant\/cartes-menus\" target=\"_blank\" rel=\"noopener\"><em>Les cartes et menus du restaurant<\/em><\/a><\/p>\n<p><strong>Nous nous effor\u00e7ons au maximum d\u2019utiliser des produits en circuit court, bio, sans ogm, &#8230;<\/strong><\/p>\n<p>Toute l\u2019ann\u00e9e, l\u00e9gumes issus au maximum de nos maraichers BIO ou en circuit court : Salades, Poireaux, Courgettes, C\u00e9leri, Oignons, Navets, Radis, Betteraves&#8230; (selon les disponibilit\u00e9s chez nos mara\u00eechers)<\/p>\n<p>&nbsp;<\/p>\n<p>&nbsp;<\/p>\n<p><a href=\"https:\/\/www.aubergedeliezey.fr\/restaurant\/restaurant-vosges-gerardmer\" target=\"_blank\" rel=\"noopener\">https:\/\/www.aubergedeliezey.fr<\/a><\/p>\n<p>9, route de Saucefaing, 88400 Li\u00e9zey (Vosges)<br \/>\nT\u00e9l. 03 29 63 09 51<br \/>\nE-mail : aubergedeliezey88@gmail.com<\/p>\n<p>&nbsp;<\/p>","protected":false},"excerpt":{"rendered":"<p>Un restaurant traditionnel vosgien Pour vous accueillir simplement, mais avec passion pr\u00e8s d\u2019un feu de chemin\u00e9e avec notre s\u00e9lection de grillades et toutes nos sp\u00e9cialit\u00e9s de notre terroir Vosgien. Notre cuisine est 100% fait maison Notre Auberge s\u2019inscrit dans une d\u00e9marche et un d\u00e9veloppement durable. Nous nous effor\u00e7ons au maximum d\u2019utiliser des produits dans notre [&hellip;]<\/p>","protected":false},"featured_media":0,"template":"","meta":[],"product_cat":[21],"product_tag":[],"_links":{"self":[{"href":"https:\/\/www.grintoura.fr\/en\/wp-json\/wp\/v2\/product\/9383"}],"collection":[{"href":"https:\/\/www.grintoura.fr\/en\/wp-json\/wp\/v2\/product"}],"about":[{"href":"https:\/\/www.grintoura.fr\/en\/wp-json\/wp\/v2\/types\/product"}],"wp:attachment":[{"href":"https:\/\/www.grintoura.fr\/en\/wp-json\/wp\/v2\/media?parent=9383"}],"wp:term":[{"taxonomy":"product_cat","embeddable":true,"href":"https:\/\/www.grintoura.fr\/en\/wp-json\/wp\/v2\/product_cat?post=9383"},{"taxonomy":"product_tag","embeddable":true,"href":"https:\/\/www.grintoura.fr\/en\/wp-json\/wp\/v2\/product_tag?post=9383"}],"curies":[{"name":"wp","href":"https:\/\/api.w.org\/{rel}","templated":true}]}}