	
	
	
	
{"id":9307,"date":"2024-05-12T22:11:06","date_gmt":"2024-05-12T20:11:06","guid":{"rendered":"https:\/\/www.grintoura.fr\/product\/le-mouton-a-soie\/"},"modified":"2024-05-12T22:11:06","modified_gmt":"2024-05-12T20:11:06","slug":"le-mouton-a-soie","status":"publish","type":"product","link":"https:\/\/www.grintoura.fr\/en\/product\/le-mouton-a-soie\/","title":{"rendered":"Le Mouton \u00e0 Soie"},"content":{"rendered":"<p>V\u00caTEMENTS BIOLOGIQUES EN LAINE M\u00c9RINOS &amp; SOIE FABRIQU\u00c9S EN FRANCE<\/p>\n<p>Laine m\u00e9rinos et teintures biologiques<\/p>\n<p>Fabrication 100% Fran\u00e7aise<\/p>\n<p>Paiement 100% s\u00e9curis\u00e9 par CB ou paypal<br \/>\nSatisfait ou rembours\u00e9 :<br \/>\n14 jours pour se d\u00e9cider<br \/>\nLivraison offerte \u00e0 partir de 110\u20ac en France m\u00e9tropolitaine<\/p>\n<p><strong>C\u2019est quoi le Mouton \u00e0 Soie ?<\/strong><br \/>\nInnovant avec sa collection d\u2019\u00e9t\u00e9 en\u00a0 m\u00e9lange laine et soie, Le Mouton \u00e0 Soie vous propose des\u00a0 v\u00eatements en laine bio et fabriqu\u00e9s en France.<\/p>\n<p>Le Mouton \u00e0 Soie est une jeune marque fran\u00e7aise de v\u00eatements en laine et soie, bio et fabriqu\u00e9s en France. Des v\u00eatements simples, \u00e9l\u00e9gants, frais, gais et color\u00e9s, pour petits et grands.<\/p>\n<p>Son originalit\u00e9 r\u00e9side notamment dans le fait de proposer\u00a0une ligne de v\u00eatements en m\u00e9lange laine\/soie pour la mi-saison et l\u2019\u00e9t\u00e9.\u00a0De la laine pour l\u2019\u00e9t\u00e9 ??? Eh bien oui ! Lisez donc\u00a0la laine d\u2019\u00e9t\u00e9, une vraie nouveaut\u00e9\u00a0pour en \u00eatre convaincu.<\/p>\n<p>Les mailles laine\/soie que nous travaillons sont tricot\u00e9es\u00a0exclusivement\u00a0pour Le Mouton \u00e0 Soie ; elles ont \u00e9t\u00e9 con\u00e7ues par Lisa, en partenariat avec des industriels fran\u00e7ais bas\u00e9s en Rh\u00f4ne Alpes (tricotage et teinture). Fil bio certifi\u00e9 GOTS, teintures certifi\u00e9es GOTS, confection dans un petit atelier de la r\u00e9gion Occitanie, Le Mouton \u00e0 Soie fait\u00a0des choix \u00e9thiques et \u00e9cologiques forts, et vous promet la plus grande transparence sur sa cha\u00eene de production.<\/p>\n<p><strong>Lisa Peissak<\/strong><\/p>\n<p>C\u2019est moi le \u201cje\u201d du Mouton ! Tomb\u00e9e amoureuse de la laine pour son confort et ses merveilleuses propri\u00e9t\u00e9s \u00e0 la naissance de ma seconde fille, l\u2019id\u00e9e d\u2019une collection de vrais v\u00eatements en laine pour la saison chaude m\u2019est apparue un jour, aussi soudaine qu\u2019\u00e9vidente. Compl\u00e8tement ext\u00e9rieure au monde de la mode ou de l\u2019entreprenariat, guid\u00e9e par la passion, je me suis appliqu\u00e9e \u00e0 rendre r\u00e9elle cette folle id\u00e9e.<\/p>\n<p>En lien avec les industriels en amont (filateur, tricoteur, teinturier), je g\u00e8re aussi la partie production avec les ateliers de confection et de broderie. Je travaille \u00e9galement sur la mise au point des collections, en \u00e9troite collaboration avec une styliste pour la premi\u00e8re collection, et seule depuis.\u00a0Derri\u00e8re l\u2019\u00e9cran, c\u2019est aussi moi qui vous \u00e9cris sur les r\u00e9seaux sociaux, r\u00e9ponds \u00e0 vos mails, g\u00e8re vos commandes\u2026 Bref, de la fabrication de la maille \u00e0 la commercialisation des v\u00eatements, je suis sur tous les fronts !<\/p>\n<p><strong>Emmanuel Teixeira<\/strong><\/p>\n<p>Il est l\u2019investisseur providentiel du Mouton \u00e0 Soie, celui gr\u00e2ce \u00e0 qui tout a \u00e9t\u00e9 possible. Par ailleurs directeur d\u2019une soci\u00e9t\u00e9, il apporte au Mouton \u00e0 Soie son expertise sur la gestion d\u2019entreprise, sa rigueur et son efficacit\u00e9 redoutable ! Il a tout de suite cru au projet et a \u00e9t\u00e9 un soutien ind\u00e9fectible tout au long de sa mise en place. Je ne saurai\u00a0jamais assez lui exprimer ma reconnaissance pour m\u2019avoir permis de vivre mon r\u00eave et m\u2019avoir fait confiance pour le mener \u00e0 bien.<\/p>\n<p>&nbsp;<\/p>\n<p><strong>Anne-Sophie Thibaut<\/strong><\/p>\n<p>Mod\u00e8le depuis plusieurs ann\u00e9es, Anne-So a rejoint l\u2019\u00e9quipe en septembre 2022. Avec sa douce sensibilit\u00e9, son sens pointu du d\u00e9tail, sa cr\u00e9ativit\u00e9, c\u2019est elle qui se charge de l\u2019exp\u00e9dition de vos colis\u2026 et de 1000 autres t\u00e2ches, petite \u00e9quipe oblige !<\/p>\n<p>&nbsp;<\/p>","protected":false},"excerpt":{"rendered":"<p>V\u00caTEMENTS BIOLOGIQUES EN LAINE M\u00c9RINOS &amp; SOIE FABRIQU\u00c9S EN FRANCE Laine m\u00e9rinos et teintures biologiques Fabrication 100% Fran\u00e7aise Paiement 100% s\u00e9curis\u00e9 par CB ou paypal Satisfait ou rembours\u00e9 : 14 jours pour se d\u00e9cider Livraison offerte \u00e0 partir de 110\u20ac en France m\u00e9tropolitaine C\u2019est quoi le Mouton \u00e0 Soie ? Innovant avec sa collection d\u2019\u00e9t\u00e9 [&hellip;]<\/p>","protected":false},"featured_media":0,"template":"","meta":[],"product_cat":[21],"product_tag":[],"_links":{"self":[{"href":"https:\/\/www.grintoura.fr\/en\/wp-json\/wp\/v2\/product\/9307"}],"collection":[{"href":"https:\/\/www.grintoura.fr\/en\/wp-json\/wp\/v2\/product"}],"about":[{"href":"https:\/\/www.grintoura.fr\/en\/wp-json\/wp\/v2\/types\/product"}],"wp:attachment":[{"href":"https:\/\/www.grintoura.fr\/en\/wp-json\/wp\/v2\/media?parent=9307"}],"wp:term":[{"taxonomy":"product_cat","embeddable":true,"href":"https:\/\/www.grintoura.fr\/en\/wp-json\/wp\/v2\/product_cat?post=9307"},{"taxonomy":"product_tag","embeddable":true,"href":"https:\/\/www.grintoura.fr\/en\/wp-json\/wp\/v2\/product_tag?post=9307"}],"curies":[{"name":"wp","href":"https:\/\/api.w.org\/{rel}","templated":true}]}}