	
	
	
	
{"id":9288,"date":"2024-05-10T18:25:07","date_gmt":"2024-05-10T16:25:07","guid":{"rendered":"https:\/\/www.grintoura.fr\/product\/boulangerie-cezamie\/"},"modified":"2024-05-10T18:25:07","modified_gmt":"2024-05-10T16:25:07","slug":"boulangerie-cezamie","status":"publish","type":"product","link":"https:\/\/www.grintoura.fr\/en\/product\/boulangerie-cezamie\/","title":{"rendered":"Boulangerie C\u00e9zamie"},"content":{"rendered":"<p>PLUS QU\u2019UNE BOULANGERIE DE QUALIT\u00c9 UNE INVITATION<br \/>\nAU \u00abBON VIVRE ENSEMBLE\u00bb<\/p>\n<p>\u00abPlus qu\u2019une boulangerie de qualit\u00e9, une invitation au bon vivre ensemble\u00bb. Que veulent dire ces mots\u00a0pour nous ?<br \/>\nLa qualit\u00e9 c\u2019est le bio, le local et le go\u00fbt du fait maison sans oublier la valeur nutritive de nos produits. Mais \u00e0 quoi rimerait\u00a0la d\u00e9gustation du meilleur plat du monde s\u2019il n\u2019\u00e9tait\u00a0pas partag\u00e9 ?<br \/>\nNotre ambition du \u00abbon vivre ensemble\u00bb est d\u2019installer une atmosph\u00e8re l\u00e9g\u00e8re et ressour\u00e7ante que ce soit pour nos clients, salari\u00e9s ou fournisseurs.<br \/>\nC\u2019est aussi de favoriser la rencontre de la diff\u00e9rence peu importe le milieu social, l\u2019origine culturelle ou l\u2019\u00e2ge, pour qu\u2019\u00e9merge une soci\u00e9t\u00e9 moins solitaire et plus fraternelle !<\/p>\n<p>Et quoi de plus naturel\u00a0que de se r\u00e9unir dans une boulangerie chaleureuse aux effluves de pain chaud en partageant un caf\u00e9, une p\u00e2tisserie ou une bonne bi\u00e8re ?<\/p>\n<p>\u00ab Plus qu\u2019une boulangerie \u00bb notre envie est de cr\u00e9er un tiers-lieu rayonnantsur le territoire de Colmar. Un espace propice \u00e0 la r\u00e9flexion, un endroit qui participe \u00e0 l\u2019\u00e9mergence de projets nouveaux afin de construire ce \u00abmonde d\u2019apr\u00e8s\u00bb que nous sommes nombreux \u00e0 souhaiter.<\/p>\n<p>Un monde sain, durable et solidaire!<\/p>\n<p>Les co-g\u00e9rants<br \/>\nHaza\u00ebl, Steeve &amp; Richard<\/p>","protected":false},"excerpt":{"rendered":"<p>PLUS QU\u2019UNE BOULANGERIE DE QUALIT\u00c9 UNE INVITATION AU \u00abBON VIVRE ENSEMBLE\u00bb \u00abPlus qu\u2019une boulangerie de qualit\u00e9, une invitation au bon vivre ensemble\u00bb. Que veulent dire ces mots\u00a0pour nous ? La qualit\u00e9 c\u2019est le bio, le local et le go\u00fbt du fait maison sans oublier la valeur nutritive de nos produits. Mais \u00e0 quoi rimerait\u00a0la d\u00e9gustation [&hellip;]<\/p>","protected":false},"featured_media":0,"template":"","meta":[],"product_cat":[21],"product_tag":[],"_links":{"self":[{"href":"https:\/\/www.grintoura.fr\/en\/wp-json\/wp\/v2\/product\/9288"}],"collection":[{"href":"https:\/\/www.grintoura.fr\/en\/wp-json\/wp\/v2\/product"}],"about":[{"href":"https:\/\/www.grintoura.fr\/en\/wp-json\/wp\/v2\/types\/product"}],"wp:attachment":[{"href":"https:\/\/www.grintoura.fr\/en\/wp-json\/wp\/v2\/media?parent=9288"}],"wp:term":[{"taxonomy":"product_cat","embeddable":true,"href":"https:\/\/www.grintoura.fr\/en\/wp-json\/wp\/v2\/product_cat?post=9288"},{"taxonomy":"product_tag","embeddable":true,"href":"https:\/\/www.grintoura.fr\/en\/wp-json\/wp\/v2\/product_tag?post=9288"}],"curies":[{"name":"wp","href":"https:\/\/api.w.org\/{rel}","templated":true}]}}