	
	
	
	
{"id":9117,"date":"2024-05-06T11:21:43","date_gmt":"2024-05-06T09:21:43","guid":{"rendered":"https:\/\/www.grintoura.fr\/product\/kelsch-dalsace\/"},"modified":"2024-05-06T11:21:43","modified_gmt":"2024-05-06T09:21:43","slug":"kelsch-dalsace","status":"publish","type":"product","link":"https:\/\/www.grintoura.fr\/en\/product\/kelsch-dalsace\/","title":{"rendered":"Kelsch d\u2019Alsace"},"content":{"rendered":"<p><strong>Le Kelsch, ce tissu alsacien aux couleurs vives et chatoyantes<\/strong><\/p>\n<p>C&rsquo;est Charlemagne, d\u00e8s le 8\u00b0 si\u00e8cle, qui aurait \u00e9t\u00e9 \u00e0 l&rsquo;origine de la couleur \u00ab bleu de Cologne \u00bb, colorant du kelsch.<br \/>\nTraditionnellement, ce textile \u00e9tait utilis\u00e9 comme linge de maison.<\/p>\n<p>Progressivement au d\u00e9but du XX\u00b0 si\u00e8cle, il servit \u00e0 d&rsquo;autres utilisations domestiques.<br \/>\nLe \u00ab KELSCH \u00bb d\u00e9signe des tissus alsaciens traditionnels fait de fibres textiles nobles en toile de laine, lin ou chanvre, \u00e0 carreaux ou \u00e0 rayures, bleus ou rouges, sur un fond \u00e9cru.<br \/>\nIls \u00e9taient utilis\u00e9s pour la literie ou pour les rideaux d&rsquo;alc\u00f4ves.<br \/>\nAujourd&rsquo;hui, on trouve \u00e9galement du kelsch en coton et lin dit \u00ab M\u00e9tis \u00bb pour la d\u00e9coration int\u00e9rieure, rideaux, dessus de lit, serviettes, chemins de table, nappes, assises de chaises et de fauteuils, tabliers de cuisine&#8230;<\/p>\n<p>&nbsp;<\/p>\n<p><strong>Pourquoi du rouge et du bleu ?<\/strong><\/p>\n<p>Les seuls colorants de l&rsquo;\u00e9poque accessibles au lavage \u00e9taient la garance qui a donn\u00e9 le rouge et le pastel qui a donn\u00e9 naissance au bleu.<\/p>\n<p>Le \u00ab KELSCH \u00bb, authentique et pr\u00e9cieux, est celui qui comporte des carreaux rouges et\/ou bleus sur fond \u00e9cru travers\u00e9 par des rayures.<\/p>\n<p>De nos jours, toutes les combinaisons de fils color\u00e9s sont possibles ; ils permettent une grande vari\u00e9t\u00e9 de motifs et de couleurs.<br \/>\nD&rsquo;autres couleurs sont entr\u00e9es dans la fabrication du \u00ab KELSCH\u00a0\u00bb.<br \/>\nElles r\u00e9pondent \u00e0 la cr\u00e9ativit\u00e9 et \u00e0 l&rsquo;imagination des utilisateurs de plus en plus nombreux \u00e0 la recherche de \u00ab l&rsquo;authentique\u00a0\u00bb.<\/p>\n<p>&nbsp;<\/p>\n<p><strong>Notre savoir-faire\u2026 toute une histoire\u00a0!<\/strong><\/p>\n<p>\u2026du Fil au Kelsch\u2026<\/p>\n<p>D\u00e9couvrez le tissage traditionnel, ses secrets et sa fabuleuse histoire.<\/p>\n<p>Bel hommage \u00e0 toutes ces mains qui ont \u0153uvr\u00e9es \u00e0 perp\u00e9tuer la tradition Alsacienne du Kelsch.<\/p>\n<p>Ce tissu travaill\u00e9 dans mon atelier, donne naissance \u00e0 une collection de linge de table, nappes, torchons, serviettes, de d\u00e9coration d\u2019int\u00e9rieur, coussins, rideaux, couvre-lit, pieds de lit et d\u2019autres accessoires tels lampes, sacs, pochettes\u2026 Tous ces produits sont confectionn\u00e9s artisanalement et avec passion dans le plus pur respect de la tradition ancestrale.<\/p>\n<p>&nbsp;<\/p>\n<p><strong>Venez-nous rendre visite dans mon Atelier-Boutique !<\/strong><\/p>\n<p>Veuillez nous contacter au : +33 3 88 94 77 19 ou par mail \u00e0 contact@kelschdalsace.com.<\/p>\n<p>Visite \u00e0 partir de 8 personnes, maximum 15 personnes.<\/p>\n<p>Votre visite durera 20 minutes environ o\u00f9 vous sera comment\u00e9e l\u2019histoire du Kelsch, tissus alsacien authentique.<\/p>\n<p>A vous de d\u00e9couvrir la collection \u00ab Kelsch d\u2019Alsace in Seebach \u00bb, une d\u00e9couverte de fils de coton et de lin aux couleurs chatoyantes.<\/p>","protected":false},"excerpt":{"rendered":"<p>Le Kelsch, ce tissu alsacien aux couleurs vives et chatoyantes C&rsquo;est Charlemagne, d\u00e8s le 8\u00b0 si\u00e8cle, qui aurait \u00e9t\u00e9 \u00e0 l&rsquo;origine de la couleur \u00ab bleu de Cologne \u00bb, colorant du kelsch. Traditionnellement, ce textile \u00e9tait utilis\u00e9 comme linge de maison. Progressivement au d\u00e9but du XX\u00b0 si\u00e8cle, il servit \u00e0 d&rsquo;autres utilisations domestiques. Le \u00ab [&hellip;]<\/p>","protected":false},"featured_media":0,"template":"","meta":[],"product_cat":[21],"product_tag":[],"_links":{"self":[{"href":"https:\/\/www.grintoura.fr\/en\/wp-json\/wp\/v2\/product\/9117"}],"collection":[{"href":"https:\/\/www.grintoura.fr\/en\/wp-json\/wp\/v2\/product"}],"about":[{"href":"https:\/\/www.grintoura.fr\/en\/wp-json\/wp\/v2\/types\/product"}],"wp:attachment":[{"href":"https:\/\/www.grintoura.fr\/en\/wp-json\/wp\/v2\/media?parent=9117"}],"wp:term":[{"taxonomy":"product_cat","embeddable":true,"href":"https:\/\/www.grintoura.fr\/en\/wp-json\/wp\/v2\/product_cat?post=9117"},{"taxonomy":"product_tag","embeddable":true,"href":"https:\/\/www.grintoura.fr\/en\/wp-json\/wp\/v2\/product_tag?post=9117"}],"curies":[{"name":"wp","href":"https:\/\/api.w.org\/{rel}","templated":true}]}}