	
	
	
	
{"id":9103,"date":"2024-05-06T10:35:08","date_gmt":"2024-05-06T08:35:08","guid":{"rendered":"https:\/\/www.grintoura.fr\/product\/riviere-chocolat\/"},"modified":"2024-05-06T10:36:02","modified_gmt":"2024-05-06T08:36:02","slug":"riviere-chocolat","status":"publish","type":"product","link":"https:\/\/www.grintoura.fr\/en\/product\/riviere-chocolat\/","title":{"rendered":"Rivi\u00e8re Chocolat"},"content":{"rendered":"<p><strong>Qui sommes-nous ?<\/strong><\/p>\n<p>D\u00e9couvrez l\u2019Excellence Chocolati\u00e8re avec Rivi\u00e8re Chocolat<\/p>\n<p>Il y a tant \u00e0 dire sur le chocolat, un univers gourmand, une gamme aromatique complexe, o\u00f9 chaque saveur raconte une histoire, entre le producteur, le chocolatier et le client. C\u2019est de ce constat que Rivi\u00e8re Chocolat voit le jour, fond\u00e9e par deux passionn\u00e9s, Olivier et Sam.<br \/>\nEnsemble, ils partagent une ambition commune : faire d\u00e9couvrir \u00e0 tous les amateurs de chocolat la richesse et la diversit\u00e9 de l\u2019artisanat chocolatier, tout en \u00e9veillant leurs papilles \u00e0 des exp\u00e9riences gustatives uniques.<\/p>\n<p>D\u2019une Passion devenue un M\u00e9tier<\/p>\n<p>L\u2019aventure de Rivi\u00e8re Chocolat d\u00e9bute par la rencontre d\u2019Olivier et Samantha, deux \u00e2mes gourmandes partageant un amour profond pour le chocolat. Leur passion commune devient rapidement le moteur d\u2019un projet audacieux : cr\u00e9er une entreprise d\u00e9di\u00e9e \u00e0 l\u2019artisanat chocolatier, o\u00f9 les cr\u00e9ations seront mises en valeur, pour que le plus grand nombre puisse les d\u00e9guster.<\/p>\n<p>L\u2019Art de la Chocolaterie Artisanale<\/p>\n<p>Chez Rivi\u00e8re Chocolat, chaque chocolat est diff\u00e9rent. Les fondateurs mettent un point d\u2019honneur \u00e0 s\u00e9lectionner les meilleurs chocolatiers, qui travaillent des f\u00e8ves de cacao d\u2019excellente qualit\u00e9, dans une <strong>d\u00e9marche \u00e9co-responsable et bio.<\/strong> Le processus de fabrication est m\u00e9ticuleux, alliant tradition et innovation pour cr\u00e9er des tablettes, p\u00e2tes \u00e0 tartiner, barres chocolat\u00e9es, napolitains, ganaches et pralin\u00e9s aux saveurs surprenantes.<\/p>\n<p>Une Palette de Saveurs In\u00e9gal\u00e9e<\/p>\n<p>La vocation de Rivi\u00e8re Chocolat est de surprendre et de ravir les papilles de ses clients. Les gammes s\u00e9lectionn\u00e9es proposent une diversit\u00e9 d\u2019origines, de saveurs : des classiques intemporels aux cr\u00e9ations les plus audacieuses. Des chocolats noirs, noirs lact\u00e9s au lait ou blancs aux go\u00fbts incomparables. Chaque bouch\u00e9e est une invitation \u00e0 un voyage sensoriel unique, loin de l\u2019uniformit\u00e9 industrielle.<\/p>\n<p>Du Chocolat pour Tous<\/p>\n<p>Tout le monde aime le chocolat, des plus jeunes aux plus \u00e2g\u00e9s et les p\u00e2tissiers amateurs. Rivi\u00e8re Chocolat propose une diversit\u00e9 d\u2019articles allant des tablettes, p\u00e2tes \u00e0 tartiner, barres chocolat\u00e9es, bonbons, sucettes, pralin\u00e9s, coffrets\u2026 aux boissons ou au chocolat \u00e0 p\u00e2tisser, ainsi que des garnitures et ustensiles de p\u00e2tisserie. Tout l\u2019univers du chocolat regroup\u00e9 dans un espace d\u00e9di\u00e9 : en boutique et sur notre site internet, au meilleur rapport qualit\u00e9-prix.<\/p>\n<p>Engagement envers la Qualit\u00e9 et la Durabilit\u00e9<\/p>\n<p>Outre la recherche constante de l\u2019excellence gustative, Rivi\u00e8re Chocolat s\u2019engage en faveur de la durabilit\u00e9. Nous s\u00e9lectionnons les chocolatiers de mani\u00e8re responsable, soutenant les producteurs et artisans locaux en contribuant \u00e0 la pr\u00e9servation de l\u2019environnement. Cette approche holistique se refl\u00e8te dans chaque \u00e9tape de la commercialisation, garantissant une d\u00e9gustation \u00e9thique et d\u00e9licieuse.<\/p>\n<p>Une Exp\u00e9rience Client Exceptionnelle<\/p>\n<p>Pour Rivi\u00e8re Chocolat, l\u2019exp\u00e9rience client est au c\u0153ur de l\u2019activit\u00e9. Chaque bo\u00eete de chocolats est emball\u00e9e avec soin, pr\u00eate \u00e0 \u00eatre offerte en cadeau ou \u00e0 \u00eatre d\u00e9gust\u00e9e avec d\u00e9lice. Pour se faire plaisir ou faire plaisir \u00e0 l\u2019occasion d\u2019un anniversaire, \u00e0 P\u00e2ques, \u00e0 No\u00ebl, en cadeau d\u2019entreprise et \u00e0 chaque \u00e9v\u00e9nement de la vie. La boutique en ligne offre \u00e9galement une exp\u00e9rience pratique, permettant aux amateurs de chocolat de d\u00e9couvrir les s\u00e9lections vari\u00e9es de Rivi\u00e8re Chocolat.<\/p>\n<p>L\u2019Avenir Chocolat\u00e9 avec Rivi\u00e8re Chocolat<\/p>\n<p>Ensemble, Olivier et Sam ouvrent une nouvelle \u00e8re dans le monde de la chocolaterie artisanale en regroupant dans une boutique une large s\u00e9lection de produits.<br \/>\nRivi\u00e8re Chocolat promet de continuer \u00e0 \u00e9merveiller les amateurs de chocolat en leur faisant d\u00e9couvrir des cr\u00e9ations uniques, tout en partageant sa passion contagieuse pour l\u2019art du chocolat.<\/p>\n<p>Offrez-vous une Parenth\u00e8se Chocolat\u00e9e avec Rivi\u00e8re Chocolat, une aventure gustative o\u00f9 chaque chocolat raconte une histoire d\u2019amour et de passion.<\/p>\n<p>Nous contacter :<br \/>\nPar t\u00e9l\u00e9phone au 03 88 83 16 61<\/p>\n<p>&nbsp;<\/p>","protected":false},"excerpt":{"rendered":"<p>Qui sommes-nous ? D\u00e9couvrez l\u2019Excellence Chocolati\u00e8re avec Rivi\u00e8re Chocolat Il y a tant \u00e0 dire sur le chocolat, un univers gourmand, une gamme aromatique complexe, o\u00f9 chaque saveur raconte une histoire, entre le producteur, le chocolatier et le client. C\u2019est de ce constat que Rivi\u00e8re Chocolat voit le jour, fond\u00e9e par deux passionn\u00e9s, Olivier et [&hellip;]<\/p>","protected":false},"featured_media":0,"template":"","meta":[],"product_cat":[21],"product_tag":[],"_links":{"self":[{"href":"https:\/\/www.grintoura.fr\/en\/wp-json\/wp\/v2\/product\/9103"}],"collection":[{"href":"https:\/\/www.grintoura.fr\/en\/wp-json\/wp\/v2\/product"}],"about":[{"href":"https:\/\/www.grintoura.fr\/en\/wp-json\/wp\/v2\/types\/product"}],"wp:attachment":[{"href":"https:\/\/www.grintoura.fr\/en\/wp-json\/wp\/v2\/media?parent=9103"}],"wp:term":[{"taxonomy":"product_cat","embeddable":true,"href":"https:\/\/www.grintoura.fr\/en\/wp-json\/wp\/v2\/product_cat?post=9103"},{"taxonomy":"product_tag","embeddable":true,"href":"https:\/\/www.grintoura.fr\/en\/wp-json\/wp\/v2\/product_tag?post=9103"}],"curies":[{"name":"wp","href":"https:\/\/api.w.org\/{rel}","templated":true}]}}