	
	
	
	
{"id":9045,"date":"2024-05-03T21:42:53","date_gmt":"2024-05-03T19:42:53","guid":{"rendered":"https:\/\/www.grintoura.fr\/product\/huilerie-bio-les-quatre-saisons\/"},"modified":"2024-05-03T21:44:46","modified_gmt":"2024-05-03T19:44:46","slug":"huilerie-bio-les-quatre-saisons","status":"publish","type":"product","link":"https:\/\/www.grintoura.fr\/en\/product\/huilerie-bio-les-quatre-saisons\/","title":{"rendered":"Huilerie bio Les Quatre Saisons"},"content":{"rendered":"<p>En plein coeur de la Haute-Marne, \u00e0 Vi\u00e9ville, dans la vall\u00e9e de la Haute-Marne, l&rsquo;huilerie Les Quatre Saisons a \u00e9t\u00e9 fond\u00e9e en 2022 par S\u00e9bastien Muller, agriculteur, install\u00e9 depuis de nombreuses ann\u00e9es sur la ferme familiale.<\/p>","protected":false},"excerpt":{"rendered":"<p>En plein coeur de la Haute-Marne, \u00e0 Vi\u00e9ville, dans la vall\u00e9e de la Haute-Marne, l&rsquo;huilerie Les Quatre Saisons a \u00e9t\u00e9 fond\u00e9e en 2022 par S\u00e9bastien Muller, agriculteur, install\u00e9 depuis de nombreuses ann\u00e9es sur la ferme familiale.<\/p>","protected":false},"featured_media":0,"template":"","meta":[],"product_cat":[21],"product_tag":[],"_links":{"self":[{"href":"https:\/\/www.grintoura.fr\/en\/wp-json\/wp\/v2\/product\/9045"}],"collection":[{"href":"https:\/\/www.grintoura.fr\/en\/wp-json\/wp\/v2\/product"}],"about":[{"href":"https:\/\/www.grintoura.fr\/en\/wp-json\/wp\/v2\/types\/product"}],"wp:attachment":[{"href":"https:\/\/www.grintoura.fr\/en\/wp-json\/wp\/v2\/media?parent=9045"}],"wp:term":[{"taxonomy":"product_cat","embeddable":true,"href":"https:\/\/www.grintoura.fr\/en\/wp-json\/wp\/v2\/product_cat?post=9045"},{"taxonomy":"product_tag","embeddable":true,"href":"https:\/\/www.grintoura.fr\/en\/wp-json\/wp\/v2\/product_tag?post=9045"}],"curies":[{"name":"wp","href":"https:\/\/api.w.org\/{rel}","templated":true}]}}