	
	
	
	
{"id":8964,"date":"2024-05-01T07:04:43","date_gmt":"2024-05-01T05:04:43","guid":{"rendered":"https:\/\/www.grintoura.fr\/product\/gites-du-canard-vert-le-heron-gris-copie\/"},"modified":"2024-05-06T11:56:48","modified_gmt":"2024-05-06T09:56:48","slug":"gites-du-canard-vert-le-heron-gris-copie","status":"publish","type":"product","link":"https:\/\/www.grintoura.fr\/en\/product\/gites-du-canard-vert-le-heron-gris-copie\/","title":{"rendered":"Gites du Canard Vert- La Cigogne"},"content":{"rendered":"<p>Les G\u00eetes du Canard Vert vous accueillent toute l&rsquo;ann\u00e9e. Vous y d\u00e9couvrirez 2 logements de 2 pi\u00e8ces principales chacun (pouvant \u00eatre r\u00e9unis si vous \u00eates nombreux) : le g\u00eete du h\u00e9ron gris et le g\u00eete de la cigogne.<\/p>\n<p>&nbsp;<\/p>\n<p><strong>Le G\u00eete de la Cigogne<\/strong><\/p>\n<p>Ce logement pourra\u00a0accueillir jusqu&rsquo;\u00e0 4 personnes.<\/p>\n<p>Il est compos\u00e9 d&rsquo;une entr\u00e9e, d&rsquo;une salle d&rsquo;eau avec wc, d&rsquo;une chambre volumineuse\u00a0avec un placard et d&rsquo;une belle pi\u00e8ce de vie \u00ab\u00a0cosy\u00a0\u00bb avec une cuisine toute \u00e9quip\u00e9e. Le tout donne sur une terrasse\u00a0 couverte pour\u00a0profiter du calme.<\/p>\n<p>&nbsp;<\/p>","protected":false},"excerpt":{"rendered":"<p>Les G\u00eetes du Canard Vert vous accueillent toute l&rsquo;ann\u00e9e. Vous y d\u00e9couvrirez 2 logements de 2 pi\u00e8ces principales chacun (pouvant \u00eatre r\u00e9unis si vous \u00eates nombreux) : le g\u00eete du h\u00e9ron gris et le g\u00eete de la cigogne. &nbsp; Le G\u00eete de la Cigogne Ce logement pourra\u00a0accueillir jusqu&rsquo;\u00e0 4 personnes. Il est compos\u00e9 d&rsquo;une entr\u00e9e, [&hellip;]<\/p>","protected":false},"featured_media":0,"template":"","meta":[],"product_cat":[21],"product_tag":[],"_links":{"self":[{"href":"https:\/\/www.grintoura.fr\/en\/wp-json\/wp\/v2\/product\/8964"}],"collection":[{"href":"https:\/\/www.grintoura.fr\/en\/wp-json\/wp\/v2\/product"}],"about":[{"href":"https:\/\/www.grintoura.fr\/en\/wp-json\/wp\/v2\/types\/product"}],"wp:attachment":[{"href":"https:\/\/www.grintoura.fr\/en\/wp-json\/wp\/v2\/media?parent=8964"}],"wp:term":[{"taxonomy":"product_cat","embeddable":true,"href":"https:\/\/www.grintoura.fr\/en\/wp-json\/wp\/v2\/product_cat?post=8964"},{"taxonomy":"product_tag","embeddable":true,"href":"https:\/\/www.grintoura.fr\/en\/wp-json\/wp\/v2\/product_tag?post=8964"}],"curies":[{"name":"wp","href":"https:\/\/api.w.org\/{rel}","templated":true}]}}