	
	
	
	
{"id":8961,"date":"2024-04-30T07:18:05","date_gmt":"2024-04-30T05:18:05","guid":{"rendered":"https:\/\/www.grintoura.fr\/product\/gites-du-canard-vert-le-heron-gris\/"},"modified":"2024-05-06T11:59:16","modified_gmt":"2024-05-06T09:59:16","slug":"gites-du-canard-vert-le-heron-gris","status":"publish","type":"product","link":"https:\/\/www.grintoura.fr\/en\/product\/gites-du-canard-vert-le-heron-gris\/","title":{"rendered":"Gites du Canard Vert- Le H\u00e9ron Gris"},"content":{"rendered":"<p>Les G\u00eetes du Canard Vert vous accueillent toute l&rsquo;ann\u00e9e. Vous y d\u00e9couvrirez 2 logements de 2 pi\u00e8ces principales chacun (pouvant \u00eatre r\u00e9unis si vous \u00eates nombreux) : le g\u00eete du h\u00e9ron gris et le g\u00eete de la cigogne.<\/p>\n<p><strong>Le G\u00eete du H\u00e9ron Gris&#8230;<\/strong><\/p>\n<p>Ce logement pourra\u00a0accueillir jusqu&rsquo;\u00e0 4 personnes.<\/p>\n<p>Il est compos\u00e9 d&rsquo;une grande entr\u00e9e, d&rsquo;une salle d&rsquo;eau avec fen\u00eatre, d&rsquo;un wc ind\u00e9pendant, d&rsquo;une grande chambre avec double exposition et un placard et d&rsquo;une magnifique pi\u00e8ce de vie avec une cuisine toute \u00e9quip\u00e9e. Le tout donne sur une grande terrasse\u00a0\u00a0sur laquelle vous pourrez profiter du calme et de la nature.<\/p>\n<p>&nbsp;<\/p>","protected":false},"excerpt":{"rendered":"<p>Les G\u00eetes du Canard Vert vous accueillent toute l&rsquo;ann\u00e9e. Vous y d\u00e9couvrirez 2 logements de 2 pi\u00e8ces principales chacun (pouvant \u00eatre r\u00e9unis si vous \u00eates nombreux) : le g\u00eete du h\u00e9ron gris et le g\u00eete de la cigogne. Le G\u00eete du H\u00e9ron Gris&#8230; Ce logement pourra\u00a0accueillir jusqu&rsquo;\u00e0 4 personnes. Il est compos\u00e9 d&rsquo;une grande entr\u00e9e, [&hellip;]<\/p>","protected":false},"featured_media":0,"template":"","meta":[],"product_cat":[21],"product_tag":[],"_links":{"self":[{"href":"https:\/\/www.grintoura.fr\/en\/wp-json\/wp\/v2\/product\/8961"}],"collection":[{"href":"https:\/\/www.grintoura.fr\/en\/wp-json\/wp\/v2\/product"}],"about":[{"href":"https:\/\/www.grintoura.fr\/en\/wp-json\/wp\/v2\/types\/product"}],"wp:attachment":[{"href":"https:\/\/www.grintoura.fr\/en\/wp-json\/wp\/v2\/media?parent=8961"}],"wp:term":[{"taxonomy":"product_cat","embeddable":true,"href":"https:\/\/www.grintoura.fr\/en\/wp-json\/wp\/v2\/product_cat?post=8961"},{"taxonomy":"product_tag","embeddable":true,"href":"https:\/\/www.grintoura.fr\/en\/wp-json\/wp\/v2\/product_tag?post=8961"}],"curies":[{"name":"wp","href":"https:\/\/api.w.org\/{rel}","templated":true}]}}