	
	
	
	
{"id":8861,"date":"2024-04-29T09:23:03","date_gmt":"2024-04-29T07:23:03","guid":{"rendered":"https:\/\/www.grintoura.fr\/product\/premiers-pas-en-maroquinerie\/"},"modified":"2025-01-06T14:58:58","modified_gmt":"2025-01-06T13:58:58","slug":"premiers-pas-en-maroquinerie","status":"publish","type":"product","link":"https:\/\/www.grintoura.fr\/en\/product\/premiers-pas-en-maroquinerie\/","title":{"rendered":"Premiers pas en maroquinerie"},"content":{"rendered":"<p>Le th\u00e8me de ce stage est la fabrication de votre ceinture sur-mesure. Il permet d&rsquo;aborder en douceur le savoir faire du sellier et de d\u00e9couvrir le cuir. Vous couperez et pr\u00e9parerez votre ceinture en cuir, choisirez votre boucle et irez jusqu&rsquo;\u00e0 la riveter \u00e0 la main, en d\u00e9couvrant tous les outils du sellier.<\/p>\n<p>Stage ouvert jusqu&rsquo;\u00e0 4 personnes, accessible aux d\u00e9butants.<br \/>\nTarif : 80\u20ac\/p.<br \/>\nR\u00e9servations accessibles sur :<\/p>\n<p><a href=\"https:\/\/equestrementvotre.regiondo.fr\/premiers-pas-en-maroquinerie?_ga=2.259727117.685155818.1714457926-453722995.1708331911\" target=\"_blank\" rel=\"noopener\">https:\/\/equestrementvotre.regiondo.fr\/premiers-pas-en-maroquinerie?_ga=2.259727117.685155818.1714457926-453722995.1708331911<\/a><\/p>","protected":false},"excerpt":{"rendered":"<p>Le th\u00e8me de ce stage est la fabrication de votre ceinture sur-mesure. Il permet d&rsquo;aborder en douceur le savoir faire du sellier et de d\u00e9couvrir le cuir. Vous couperez et pr\u00e9parerez votre ceinture en cuir, choisirez votre boucle et irez jusqu&rsquo;\u00e0 la riveter \u00e0 la main, en d\u00e9couvrant tous les outils du sellier. Stage ouvert [&hellip;]<\/p>","protected":false},"featured_media":0,"template":"","meta":[],"product_cat":[21],"product_tag":[],"_links":{"self":[{"href":"https:\/\/www.grintoura.fr\/en\/wp-json\/wp\/v2\/product\/8861"}],"collection":[{"href":"https:\/\/www.grintoura.fr\/en\/wp-json\/wp\/v2\/product"}],"about":[{"href":"https:\/\/www.grintoura.fr\/en\/wp-json\/wp\/v2\/types\/product"}],"wp:attachment":[{"href":"https:\/\/www.grintoura.fr\/en\/wp-json\/wp\/v2\/media?parent=8861"}],"wp:term":[{"taxonomy":"product_cat","embeddable":true,"href":"https:\/\/www.grintoura.fr\/en\/wp-json\/wp\/v2\/product_cat?post=8861"},{"taxonomy":"product_tag","embeddable":true,"href":"https:\/\/www.grintoura.fr\/en\/wp-json\/wp\/v2\/product_tag?post=8861"}],"curies":[{"name":"wp","href":"https:\/\/api.w.org\/{rel}","templated":true}]}}