	
	
	
	
{"id":8837,"date":"2024-04-26T20:16:56","date_gmt":"2024-04-26T18:16:56","guid":{"rendered":"https:\/\/www.grintoura.fr\/product\/les-logis-du-printemps-gite-de-charme-chez-lalsacien-classe-4-confort-haut-de-gamme-a-barr-sur-la-route-des-vins-dalsace-2-chambres-5-personnes-bebe\/"},"modified":"2024-04-26T20:24:24","modified_gmt":"2024-04-26T18:24:24","slug":"les-logis-du-printemps-gite-de-charme-chez-lalsacien-classe-4-confort-haut-de-gamme-a-barr-sur-la-route-des-vins-dalsace-2-chambres-5-personnes-bebe","status":"publish","type":"product","link":"https:\/\/www.grintoura.fr\/en\/product\/les-logis-du-printemps-gite-de-charme-chez-lalsacien-classe-4-confort-haut-de-gamme-a-barr-sur-la-route-des-vins-dalsace-2-chambres-5-personnes-bebe\/","title":{"rendered":"LES LOGIS DU PRINTEMPS \u2013 G\u00eete de charme \u00ab\u00a0Chez l\u2019Alsacien\u00a0\u00bb class\u00e9 4* confort haut de gamme \u00e0 Barr sur la Route des Vins d\u2019Alsace \u2013 2 chambres \/ 5 Personnes + b\u00e9b\u00e9"},"content":{"rendered":"<p>Vous \u00eates \u00e0 la recherche d\u2019un nid douillet en Alsace, le temps d\u2019un week-end ou de vacances, en famille ou entre amis ?<\/p>\n<p>D\u00e9couvrez notre logis chaleureux \u00ab\u00a0Chez l&rsquo;Alsacien\u00a0\u00bb class\u00e9 4 \u00e9toiles \u00e0 Barr, situ\u00e9 id\u00e9alement au c\u0153ur historique de la capitale viticole alsacienne au pied du Mont Saint Odile sur la Route des Vins d&rsquo;Alsace, entre Strasbourg, Obernai et Colmar, pour partir \u00e0 la d\u00e9couverte de l\u2019Alsace Centrale, entre Vosges et For\u00eat-Noire, entre vignes et colombages.<\/p>\n<p>Dans une b\u00e2tisse du 18e si\u00e8cle, nous vous offrons un confort haut de gamme pour un s\u00e9jour authentique plein de charme. Le g\u00eete \u00ab Chez l\u2019Alsacien \u00bb est un appartement 3 pi\u00e8ces de 67m\u00b2 pouvant accueillir jusqu\u2019\u00e0 5 personnes (+ lit b\u00e9b\u00e9 sur demande), enti\u00e8rement restaur\u00e9 avec le plus grand soin en pr\u00e9servant les mat\u00e9riaux d\u2019origine, et d\u00e9cor\u00e9 principalement avec des meubles anciens authentiques chin\u00e9s au fil de nos d\u00e9placements.<\/p>\n<p>2 chambres, une cuisine enti\u00e8rement \u00e9quip\u00e9e tout confort, un espace de vie cosy, une salle de bains avec douche \u00e0 l\u2019italienne ainsi qu\u2019un balcon am\u00e9nag\u00e9 sauront ravir les visiteurs \u00e0 la recherche d\u2019un moment hors du temps.<\/p>\n<p>Tout est fait pour s\u2019y sentir bien. Nous sommes constamment \u00e0 la recherche des meilleurs produits, des plus beaux mat\u00e9riaux, des meilleurs artisans et producteurs locaux pour un confort maximum dans un cadre des plus authentiques \u2026 en toute simplicit\u00e9.<\/p>","protected":false},"excerpt":{"rendered":"<p>Vous \u00eates \u00e0 la recherche d\u2019un nid douillet en Alsace, le temps d\u2019un week-end ou de vacances, en famille ou entre amis ? D\u00e9couvrez notre logis chaleureux \u00ab\u00a0Chez l&rsquo;Alsacien\u00a0\u00bb class\u00e9 4 \u00e9toiles \u00e0 Barr, situ\u00e9 id\u00e9alement au c\u0153ur historique de la capitale viticole alsacienne au pied du Mont Saint Odile sur la Route des Vins [&hellip;]<\/p>","protected":false},"featured_media":0,"template":"","meta":[],"product_cat":[21],"product_tag":[],"_links":{"self":[{"href":"https:\/\/www.grintoura.fr\/en\/wp-json\/wp\/v2\/product\/8837"}],"collection":[{"href":"https:\/\/www.grintoura.fr\/en\/wp-json\/wp\/v2\/product"}],"about":[{"href":"https:\/\/www.grintoura.fr\/en\/wp-json\/wp\/v2\/types\/product"}],"wp:attachment":[{"href":"https:\/\/www.grintoura.fr\/en\/wp-json\/wp\/v2\/media?parent=8837"}],"wp:term":[{"taxonomy":"product_cat","embeddable":true,"href":"https:\/\/www.grintoura.fr\/en\/wp-json\/wp\/v2\/product_cat?post=8837"},{"taxonomy":"product_tag","embeddable":true,"href":"https:\/\/www.grintoura.fr\/en\/wp-json\/wp\/v2\/product_tag?post=8837"}],"curies":[{"name":"wp","href":"https:\/\/api.w.org\/{rel}","templated":true}]}}