	
	
	
	
{"id":8640,"date":"2024-03-31T16:26:26","date_gmt":"2024-03-31T14:26:26","guid":{"rendered":"https:\/\/www.grintoura.fr\/product\/la-ferme-des-9-chemins\/"},"modified":"2024-03-31T16:26:26","modified_gmt":"2024-03-31T14:26:26","slug":"la-ferme-des-9-chemins","status":"publish","type":"product","link":"https:\/\/www.grintoura.fr\/en\/product\/la-ferme-des-9-chemins\/","title":{"rendered":"La Ferme des 9 Chemins"},"content":{"rendered":"<p><strong>La Ferme des 9 Chemins<\/strong><br \/>\nC\u2019est l\u2019amour d\u2019un lieu (au coeur de l\u2019Alsace) et de tout ce qui l\u2019entoure.<\/p>\n<p><strong>L\u2019amour d\u2019un lieu<\/strong><br \/>\nTaubenthal, un lieu-dit \u00e0 2km du joli petit village de Reichsfeld et de l\u2019Abbaye du Baumgarten.<\/p>\n<p>Nous vivons en Tiny House au pied de la montagne de l\u2019Ungersberg, en plein milieu de nos vignes en terrasses.<\/p>\n<p>Un cadre bucolique et tranquille entour\u00e9 de for\u00eats, de prairies et d\u2019animaux.<\/p>\n<p>&nbsp;<\/p>\n<p><strong>Les Vins de Jeanne<\/strong><\/p>\n<p><em>Les Terrasses des 7 chemins \u00a0 \u00a0 \u00a0<\/em><\/p>\n<p>Pinot Noir sur des Terroirs de Gr\u00e8s Permien &amp; Vosgien.<\/p>\n<p>Vendanges et \u00e9grappage \u00e0 la main, pressurage \u00e0 l\u2019ancienne et mac\u00e9ration de 8 jours.<\/p>\n<p>\u00c9levage en barrique sur lies fines pendant 10 mois.<\/p>\n<p>&nbsp;<\/p>\n<p><em>Le Chemin des Loups<\/em><br \/>\nSylvaner \/ Riesling sur des Terroirs de Gr\u00e8s Permien &amp; Vosgien.<\/p>\n<p>Vendanges manuelles, pressurage direct.<\/p>\n<p>\u00c9levage en barrique sur lies fines pendant 8 mois.<\/p>\n<p>&nbsp;<\/p>\n<p><em>Montagne de Schiste<\/em><br \/>\nRiesling sur un Terroir de Schistes bleus issu de vignes \u00e2g\u00e9es de 55 ans.<\/p>\n<p>Vendanges manuelles, pressurage direct et \u00e9levage en barrique.<\/p>\n<p>&nbsp;<\/p>\n<p><em>Les Terrasses des 7 chemins<\/em><br \/>\nAuxerrois<\/p>\n<p><em>Hay ! di<\/em><br \/>\nRiesling<\/p>\n<p>&nbsp;<\/p>","protected":false},"excerpt":{"rendered":"<p>La Ferme des 9 Chemins C\u2019est l\u2019amour d\u2019un lieu (au coeur de l\u2019Alsace) et de tout ce qui l\u2019entoure. L\u2019amour d\u2019un lieu Taubenthal, un lieu-dit \u00e0 2km du joli petit village de Reichsfeld et de l\u2019Abbaye du Baumgarten. Nous vivons en Tiny House au pied de la montagne de l\u2019Ungersberg, en plein milieu de nos [&hellip;]<\/p>","protected":false},"featured_media":0,"template":"","meta":[],"product_cat":[21],"product_tag":[],"_links":{"self":[{"href":"https:\/\/www.grintoura.fr\/en\/wp-json\/wp\/v2\/product\/8640"}],"collection":[{"href":"https:\/\/www.grintoura.fr\/en\/wp-json\/wp\/v2\/product"}],"about":[{"href":"https:\/\/www.grintoura.fr\/en\/wp-json\/wp\/v2\/types\/product"}],"wp:attachment":[{"href":"https:\/\/www.grintoura.fr\/en\/wp-json\/wp\/v2\/media?parent=8640"}],"wp:term":[{"taxonomy":"product_cat","embeddable":true,"href":"https:\/\/www.grintoura.fr\/en\/wp-json\/wp\/v2\/product_cat?post=8640"},{"taxonomy":"product_tag","embeddable":true,"href":"https:\/\/www.grintoura.fr\/en\/wp-json\/wp\/v2\/product_tag?post=8640"}],"curies":[{"name":"wp","href":"https:\/\/api.w.org\/{rel}","templated":true}]}}