	
	
	
	
{"id":8603,"date":"2024-03-30T22:15:58","date_gmt":"2024-03-30T21:15:58","guid":{"rendered":"https:\/\/www.grintoura.fr\/product\/jaja-strasbourg\/"},"modified":"2024-03-30T22:15:58","modified_gmt":"2024-03-30T21:15:58","slug":"jaja-strasbourg","status":"publish","type":"product","link":"https:\/\/www.grintoura.fr\/en\/product\/jaja-strasbourg\/","title":{"rendered":"Jaja-Strasbourg"},"content":{"rendered":"<p>Bienvenue au Jaja, bar \u00e0 vins mais nature svp, s\u00e9lectionn\u00e9s par Lyse.<\/p>\n<p>&nbsp;<\/p>\n<p>&nbsp;<\/p>","protected":false},"excerpt":{"rendered":"<p>Bienvenue au Jaja, bar \u00e0 vins mais nature svp, s\u00e9lectionn\u00e9s par Lyse. &nbsp; &nbsp;<\/p>","protected":false},"featured_media":0,"template":"","meta":[],"product_cat":[21],"product_tag":[],"_links":{"self":[{"href":"https:\/\/www.grintoura.fr\/en\/wp-json\/wp\/v2\/product\/8603"}],"collection":[{"href":"https:\/\/www.grintoura.fr\/en\/wp-json\/wp\/v2\/product"}],"about":[{"href":"https:\/\/www.grintoura.fr\/en\/wp-json\/wp\/v2\/types\/product"}],"wp:attachment":[{"href":"https:\/\/www.grintoura.fr\/en\/wp-json\/wp\/v2\/media?parent=8603"}],"wp:term":[{"taxonomy":"product_cat","embeddable":true,"href":"https:\/\/www.grintoura.fr\/en\/wp-json\/wp\/v2\/product_cat?post=8603"},{"taxonomy":"product_tag","embeddable":true,"href":"https:\/\/www.grintoura.fr\/en\/wp-json\/wp\/v2\/product_tag?post=8603"}],"curies":[{"name":"wp","href":"https:\/\/api.w.org\/{rel}","templated":true}]}}