	
	
	
	
{"id":8569,"date":"2024-03-21T14:08:50","date_gmt":"2024-03-21T13:08:50","guid":{"rendered":"https:\/\/www.grintoura.fr\/product\/magasin-bio-maraichage\/"},"modified":"2024-03-21T14:14:27","modified_gmt":"2024-03-21T13:14:27","slug":"magasin-bio-maraichage","status":"publish","type":"product","link":"https:\/\/www.grintoura.fr\/en\/product\/magasin-bio-maraichage\/","title":{"rendered":"Nature & Culture \u2013 Magasin bio & mara\u00eechage"},"content":{"rendered":"<p><strong>De la graine au panier, votre magasin bio pr\u00e9f\u00e9r\u00e9 \u273f<\/strong><\/p>\n<p>Cr\u00e9\u00e9 en 2002, Nature &amp; Culture a vu le jour avec l\u2019id\u00e9e de vivre de la terre et des produits qui peuvent en germer.<\/p>\n<p>Ainsi nous proposons nos fruits et l\u00e9gumes de la graine au panier !<\/p>\n<p>Chez nous vous trouverez c\u00f4t\u00e9 magasin : le paradis des v\u00e9g\u00e9tariens &amp; v\u00e9gans avec les primeurs, l&rsquo;espace d\u00e9di\u00e9 aux produits locaux, les produits frais, l&rsquo;\u00e9picerie, le vrac, le stand fromage, le stand traiteur o\u00f9 vous pouvez, depuis janvier 2024, retrouver nos propres plats fait maison sur place !<br \/>\nD\u00e9couvrez \u00e9galement les produits d&rsquo;entretiens du quotidien (disponibles aussi en vrac), la cosm\u00e9tique &amp; notre petite espace librairie.<\/p>\n<p>Mais ce n&rsquo;est pas tout !<br \/>\nC\u00f4t\u00e9 horticulture, on vous propose des replants legumiers et aromatiques, des produits pour votre jardin et quelques fleurs suivant les saisons.<\/p>\n<p>Le tout dans la bonne humeur et l&rsquo;envie de partager nos valeurs.<\/p>\n<p>Retrouvez nous \u00e0 moins de 15 minutes de Strasbourg au 24 rue du G\u00e9n\u00e9ral de Gaulle \u00e0 Oberschaeffolsheim du lundi au samedi.<\/p>\n<p>Vous pouvez \u00e9galement consulter nos actualit\u00e9s sur notre <a href=\"https:\/\/www.facebook.com\/profile.php?id=100057144983001\" target=\"_blank\" rel=\"noopener\">Facebook<\/a> &amp; notre <a href=\"https:\/\/www.instagram.com\/nature.et.culture?igsh=cDlrNWwzb2l0cHN1\" target=\"_blank\" rel=\"noopener\">Instagram<\/a>.<\/p>\n<p>\u00c0 bient\u00f4t,<\/p>\n<p>Nature &amp; Culture<\/p>","protected":false},"excerpt":{"rendered":"<p>De la graine au panier, votre magasin bio pr\u00e9f\u00e9r\u00e9 \u273f Cr\u00e9\u00e9 en 2002, Nature &amp; Culture a vu le jour avec l\u2019id\u00e9e de vivre de la terre et des produits qui peuvent en germer. Ainsi nous proposons nos fruits et l\u00e9gumes de la graine au panier ! Chez nous vous trouverez c\u00f4t\u00e9 magasin : le [&hellip;]<\/p>","protected":false},"featured_media":0,"template":"","meta":[],"product_cat":[21],"product_tag":[],"_links":{"self":[{"href":"https:\/\/www.grintoura.fr\/en\/wp-json\/wp\/v2\/product\/8569"}],"collection":[{"href":"https:\/\/www.grintoura.fr\/en\/wp-json\/wp\/v2\/product"}],"about":[{"href":"https:\/\/www.grintoura.fr\/en\/wp-json\/wp\/v2\/types\/product"}],"wp:attachment":[{"href":"https:\/\/www.grintoura.fr\/en\/wp-json\/wp\/v2\/media?parent=8569"}],"wp:term":[{"taxonomy":"product_cat","embeddable":true,"href":"https:\/\/www.grintoura.fr\/en\/wp-json\/wp\/v2\/product_cat?post=8569"},{"taxonomy":"product_tag","embeddable":true,"href":"https:\/\/www.grintoura.fr\/en\/wp-json\/wp\/v2\/product_tag?post=8569"}],"curies":[{"name":"wp","href":"https:\/\/api.w.org\/{rel}","templated":true}]}}