	
	
	
	
{"id":8512,"date":"2024-03-09T06:42:20","date_gmt":"2024-03-09T05:42:20","guid":{"rendered":"https:\/\/www.grintoura.fr\/product\/tiers-lieu-pachamamas\/"},"modified":"2024-03-09T06:42:20","modified_gmt":"2024-03-09T05:42:20","slug":"tiers-lieu-pachamamas","status":"publish","type":"product","link":"https:\/\/www.grintoura.fr\/en\/product\/tiers-lieu-pachamamas\/","title":{"rendered":"Tiers lieu Pachamama\u2019s"},"content":{"rendered":"<p>Tiers lieu Pachamama&rsquo;s<\/p>\n<p>&nbsp;<\/p>\n<p>venez y d\u00e9couvrir des artisans, des cours de Yoga, des s\u00e9ances de massage, de sophrologie, de cosm\u00e9tiques&#8230;<\/p>\n<p>venez aussi vous y restaurer avec un traiteur bio et une p\u00e2tisserie inclusive<\/p>","protected":false},"excerpt":{"rendered":"<p>Tiers lieu Pachamama&rsquo;s &nbsp; venez y d\u00e9couvrir des artisans, des cours de Yoga, des s\u00e9ances de massage, de sophrologie, de cosm\u00e9tiques&#8230; venez aussi vous y restaurer avec un traiteur bio et une p\u00e2tisserie inclusive<\/p>","protected":false},"featured_media":0,"template":"","meta":[],"product_cat":[21],"product_tag":[],"_links":{"self":[{"href":"https:\/\/www.grintoura.fr\/en\/wp-json\/wp\/v2\/product\/8512"}],"collection":[{"href":"https:\/\/www.grintoura.fr\/en\/wp-json\/wp\/v2\/product"}],"about":[{"href":"https:\/\/www.grintoura.fr\/en\/wp-json\/wp\/v2\/types\/product"}],"wp:attachment":[{"href":"https:\/\/www.grintoura.fr\/en\/wp-json\/wp\/v2\/media?parent=8512"}],"wp:term":[{"taxonomy":"product_cat","embeddable":true,"href":"https:\/\/www.grintoura.fr\/en\/wp-json\/wp\/v2\/product_cat?post=8512"},{"taxonomy":"product_tag","embeddable":true,"href":"https:\/\/www.grintoura.fr\/en\/wp-json\/wp\/v2\/product_tag?post=8512"}],"curies":[{"name":"wp","href":"https:\/\/api.w.org\/{rel}","templated":true}]}}