	
	
	
	
{"id":8499,"date":"2024-03-08T06:46:27","date_gmt":"2024-03-08T05:46:27","guid":{"rendered":"https:\/\/www.grintoura.fr\/product\/couleur-chanvre\/"},"modified":"2024-03-08T06:49:30","modified_gmt":"2024-03-08T05:49:30","slug":"couleur-chanvre","status":"publish","type":"product","link":"https:\/\/www.grintoura.fr\/en\/product\/couleur-chanvre\/","title":{"rendered":"Couleur Chanvre"},"content":{"rendered":"<p><strong>Atelier &amp; Boutique<\/strong><br \/>\nLe Jalday, 202 Rue des Artisans 64500 Saint Jean de Luz &#8211; France<\/p>\n<p>Tel. : +33 (0)5 59 47 34 59<\/p>\n<p>ouvert du lundi au vendredi:\u00a010h-13h et 14h-18h<\/p>\n<p>&nbsp;<\/p>\n<p><em><strong>Qui Sommes-nous ?<\/strong><\/em><br \/>\nCouleur Chanvre, c\u2019est avant tout la passion des fibres textiles naturelles, leur \u00e9l\u00e9gance et leurs qualit\u00e9s irrempla\u00e7ables. C\u2019est aussi l\u2019obsession de pr\u00e9server leur beaut\u00e9 et leurs bienfaits en supprimant du circuit de production tous les produits toxiques omnipr\u00e9sents dans l\u2019industrie textile, qui nous empoisonnent et qui polluent notre plan\u00e8te.<br \/>\nC\u2019est enfin le souhait de faire revivre et de transmettre ce savoir-faire textile irrempla\u00e7able qui a \u00e9t\u00e9 admir\u00e9 pendant des si\u00e8cles mais qui a \u00e9t\u00e9 sacrifi\u00e9 durant les 30 derni\u00e8res ann\u00e9es sur l\u2019autel de la mondialisation.<\/p>\n<p>&nbsp;<\/p>\n<p><strong><em>Thierry Bonhomme, Pr\u00e9sident de Couleur Chanvre<\/em><\/strong><br \/>\nN\u00e9 en Lorraine, terre industrielle, il a grandi au milieu des fleurons de l\u2019industrie manufacturi\u00e8re fran\u00e7aise, qui rayonnaient dans le monde entier, en transformant le bois, le textile, le m\u00e9tal, le cristal ou les produits agricoles. Son d\u00e9but de carri\u00e8re au sein de la Compagnie Fran\u00e7aise du Cristal-Daum l\u2019a marqu\u00e9 \u00e0 jamais en lui donnant le go\u00fbt du beau et du bien fait : \u00ab je garde le souvenir \u00e9mu des ma\u00eetres verriers soufflant les verres et les carafes \u00e0 la chaleur du four et j\u2019ai une profonde admiration pour les \u00e9coles d\u2019excellence telles que celle-ci. La Lorraine \u00e9tait le lieu du mariage r\u00e9ussi entre l\u2019art, la science et l\u2019industrie, qui s\u2019est notamment distingu\u00e9 avec l\u2019Art Nouveau et l\u2019Art D\u00e9co, mais aussi apr\u00e8s guerre \u00bb.<\/p>\n<p>Les ann\u00e9es ont pass\u00e9 et Thierry a poursuivi une carri\u00e8re \u00e9clectique en assistant, impuissant et triste, \u00e0 la d\u00e9sindustrialisation fran\u00e7aise pendant plus de 30 ans. Il attendait l\u2019opportunit\u00e9 de pouvoir restaurer ces savoir-faire uniques.\u00a0\u00a0Couleur Chanvre a \u00e9t\u00e9 cette opportunit\u00e9.\u00a0\u00ab\u00a0Le textile est un m\u00e9tier de grandes comp\u00e9tences exigeant une main d\u2019\u0153uvre tr\u00e8s qualifi\u00e9e, c\u2019est aussi un m\u00e9tier de passion.\u00a0\u00bbD\u00e8s lors, Thierry a fix\u00e9 la ligne de conduite suivante :- Travailler les fibres les plus nobles et privil\u00e9gier les fibres locales chaque fois que c\u2019est possible.- Etablir un proc\u00e9d\u00e9 de fabrication parfaitement sain pour les clients et respectueux de la plan\u00e8te.- R\u00e9aliser un vrai Made in France.- Instaurer une relation privil\u00e9gi\u00e9e avec les clients.\u00ab Contribuer modestement \u00e0 rendre le monde plus doux, c\u2019est bien l\u2019objectif de la feuille de route qui ne me quitte jamais.<br \/>\nAujourd\u2019hui, il reste encore beaucoup de chemin \u00e0 parcourir, mais cette ligne de conduite et cette d\u00e9termination n\u2019ont pas vari\u00e9 d\u2019un pouce.<\/p>\n<p>&nbsp;<\/p>\n<p><em><strong>Ce que nous avons d\u00e9j\u00e0 r\u00e9alis\u00e9<\/strong><\/em><\/p>\n<p><em>1 &#8211; Faire rena\u00eetre le chanvre textile<\/em><br \/>\nD\u00e8s 2007, Couleur Chanvre s\u2019est investi pour faire rena\u00eetre la fibre chanvre textile. Connue depuis 9000 ans et pr\u00e8s de 3000 ans pour son utilisation textile, le chanvre a quasiment disparu dans les ann\u00e9es 30-40, notamment face \u00e0 la coalition des textiles synth\u00e9tiques et du coton. Pourtant cette plante merveilleuse pousse partout, sans avoir besoin d\u2019aucun engrais ou pesticide, et les fibres obtenues ont des propri\u00e9t\u00e9s exceptionnelles. Mais voil\u00e0, les savoir-faire, les outils et la simple connaissance de cette plante ont disparu depuis bien longtemps. Si le chanvre fait aujourd\u2019hui beaucoup parler de lui, c\u2019est principalement pour ses applications en mati\u00e8re alimentaire, pour le b\u00e2timent ou la pharmacie. Mais la partie textile est tr\u00e8s difficile \u00e0 mettre en \u0153uvre. Nous avons rencontr\u00e9 des passionn\u00e9s du chanvre, convaincu des agriculteurs et des coop\u00e9ratives d\u2019entamer des recherches sur le chanvre textile et de commencer des tests et des cultures exp\u00e9rimentales afin de faire rena\u00eetre une vraie fili\u00e8re chanvre textile fran\u00e7aise.\u00a0L\u2019association \u00ab Lin et Chanvre Bio \u00bb, dont nous sommes membre, a \u00e9t\u00e9 cr\u00e9\u00e9e en 2013 pour acc\u00e9l\u00e9rer ces progr\u00e8s et aujourd\u2019hui, ceux-ci sont bien r\u00e9els. Mais il faut comprendre que faire renaitre une fili\u00e8re telle que celle-ci est un processus tr\u00e8s long et complexe qui doit se faire \u00e0 de multiples niveaux : il s\u2019agit d\u2019identifier les vari\u00e9t\u00e9s de chanvre les mieux adapt\u00e9es au textile, d\u2019optimiser les techniques agricoles de culture, de r\u00e9colte, de rouissage et de d\u00e9fibrage. Les \u00e9tapes industrielles textiles elles-m\u00eames doivent s\u2019adapter aux caract\u00e9ristiques de la fibre, que ce soit la filature, le tissage, la confection ou l\u2019ennoblissement.\u00a0\u00a0Aujourd\u2019hui, les chinois sont tr\u00e8s en avance sur nous et produisent en nombre des fibres brutes de bonne qualit\u00e9.\u00a0Mais il nous semble essentiel que la France et l\u2019Europe d\u00e9veloppent cette production afin d\u2019assurer notre ind\u00e9pendance et de s\u2019inscrire r\u00e9solument dans le d\u00e9veloppement d\u2019une \u00e9conomie locale et durable. C\u2019est ce \u00e0 quoi nous travaillons tous les jours.<\/p>\n<p><em>2 &#8211; Pr\u00e9server une fili\u00e8re de transformation du lin \u00a0 \u00a0 \u00a0 \u00a0 \u00a0 \u00a0 \u00a0 \u00a0 \u00a0 \u00a0 \u00a0 \u00a0 \u00a0 \u00a0 \u00a0 \u00a0 \u00a0 \u00a0 \u00a0 \u00a0 \u00a0 \u00a0 \u00a0 \u00a0 \u00a0 \u00a0 \u00a0 \u00a0 \u00a0 \u00a0 \u00a0 \u00a0 \u00a0 \u00a0 \u00a0 \u00a0 \u00a0 \u00a0 \u00a0 \u00a0 \u00a0 \u00a0 \u00a0 \u00a0 \u00a0 \u00a0 \u00a0 \u00a0 \u00a0 \u00a0 \u00a0 \u00a0 \u00a0 \u00a0 \u00a0 \u00a0 \u00a0 \u00a0 \u00a0<\/em>Pour ce qui concerne le lin, fibre naturelle merveilleuse et plante \u00e9cologique elle aussi, notre volont\u00e9 est r\u00e9solument la m\u00eame.<\/p>\n<p>Savez-vous que la France est le 1er producteur mondial de fibres de lin mais que 95% de ces fibres partent \u00e0 l\u2019\u00e9tat brut en Chine en vue d\u2019\u00eatre transform\u00e9es en linge de maison ou en v\u00eatements qui sont ensuite commercialis\u00e9s dans le monde entier avec l\u2019indication \u00ab lin fran\u00e7ais \u00bb ?<\/p>\n<p>La fili\u00e8re textile de transformation du lin a quasiment disparu de notre paysage, il n\u2019y a plus de filature, les tisseurs et confectionneurs ont ferm\u00e9 les uns apr\u00e8s les autres.<\/p>\n<p>Dans ce contexte, nous sommes en quelque sorte un petit village d\u2019Ast\u00e9rix qui r\u00e9siste puisque notre tissage, confection, teinture et ennoblissement, tout est fait en France.<\/p>\n<p><em>3 &#8211; Inventer un process excluant tous les produits toxiques, irritants, allergisants et les perturbateurs endocriniens \u00a0\u00a0<\/em>Il y a longtemps d\u00e9j\u00e0,\u00a0 nous avons soulev\u00e9 une absurdit\u00e9 qui perdure encore aujourd\u2019hui. Le consommateur, \u00e0 juste titre, est demandeur de fibres propres, \u00ab bio \u00bb si tant est que cette appellation recouvre une r\u00e9alit\u00e9 en mati\u00e8re textile. Mais l\u2019industrie textile est un des secteurs qui utilise le plus de produits toxiques dangereux pour la sant\u00e9 et n\u00e9fastes pour la plan\u00e8te, que ce soit pour les composants chimiques des tissus que pour les teintures ou les appr\u00eats. Les fibres dites bio sont gav\u00e9es de produits toxiques au cours de leur transformation, de leur teinture ou de leur finition. C\u2019est un peu comme si une belle tomate bio \u00e9tait assaisonn\u00e9e avec une sauce \u00e0 base de p\u00e9trole\u2026<\/p>\n<p>Face \u00e0 cette aberration, nous nous sommes fix\u00e9s comme objectif de d\u00e9velopper un process de teinture et d\u2019ennoblissement excluant tous ces produits dangereux. Nous avons beaucoup investi et il nous a fallu plusieurs ann\u00e9es pour r\u00e9ussir ce d\u00e9fi mais nous y sommes parvenus. Notre proc\u00e9d\u00e9 est unique et nous sommes fiers de produire des tissus parfaitement sains.<\/p>\n<p>&nbsp;<\/p>","protected":false},"excerpt":{"rendered":"<p>Atelier &amp; Boutique Le Jalday, 202 Rue des Artisans 64500 Saint Jean de Luz &#8211; France Tel. : +33 (0)5 59 47 34 59 ouvert du lundi au vendredi:\u00a010h-13h et 14h-18h &nbsp; Qui Sommes-nous ? Couleur Chanvre, c\u2019est avant tout la passion des fibres textiles naturelles, leur \u00e9l\u00e9gance et leurs qualit\u00e9s irrempla\u00e7ables. C\u2019est aussi l\u2019obsession [&hellip;]<\/p>","protected":false},"featured_media":0,"template":"","meta":[],"product_cat":[21],"product_tag":[],"_links":{"self":[{"href":"https:\/\/www.grintoura.fr\/en\/wp-json\/wp\/v2\/product\/8499"}],"collection":[{"href":"https:\/\/www.grintoura.fr\/en\/wp-json\/wp\/v2\/product"}],"about":[{"href":"https:\/\/www.grintoura.fr\/en\/wp-json\/wp\/v2\/types\/product"}],"wp:attachment":[{"href":"https:\/\/www.grintoura.fr\/en\/wp-json\/wp\/v2\/media?parent=8499"}],"wp:term":[{"taxonomy":"product_cat","embeddable":true,"href":"https:\/\/www.grintoura.fr\/en\/wp-json\/wp\/v2\/product_cat?post=8499"},{"taxonomy":"product_tag","embeddable":true,"href":"https:\/\/www.grintoura.fr\/en\/wp-json\/wp\/v2\/product_tag?post=8499"}],"curies":[{"name":"wp","href":"https:\/\/api.w.org\/{rel}","templated":true}]}}