	
	
	
	
{"id":8467,"date":"2024-03-03T06:48:26","date_gmt":"2024-03-03T05:48:26","guid":{"rendered":"https:\/\/www.grintoura.fr\/product\/boutique-fibres-et-formes\/"},"modified":"2024-03-15T17:31:09","modified_gmt":"2024-03-15T16:31:09","slug":"boutique-fibres-et-formes","status":"publish","type":"product","link":"https:\/\/www.grintoura.fr\/en\/product\/boutique-fibres-et-formes\/","title":{"rendered":"Boutique Fibres et Formes"},"content":{"rendered":"<p>15\/17 rue Ste Madeleine, Strasbourg<br \/>\nOuvert du mardi au vendredi<br \/>\nde 10h30-13h \/ 14h-18h30<br \/>\nSamedi de 10h-13h \u00e0 14h-18h<br \/>\n09-51-32-64-01<\/p>\n<p>Une large S\u00e9lection de V\u00eatements \u00c9thiques Bio est disponible dans notre Boutique Fibres &amp; Formes \u00e0 Strasbourg<\/p>\n<p>Nous vous proposons des v\u00eatements \u00e9thiques et Bio !<br \/>\nLorsque l&rsquo;on entend parler de v\u00eatements en coton bio, nous voyons souvent des v\u00eatements sans couleur et pass\u00e9s de mode.<br \/>\nChez Fibres &amp; Formes ce n&rsquo;est pas le cas, nous vous proposons des v\u00eatements en coton 100% bio pour hommes, pour femmes et pour enfants. Que vous soyez \u00e0 la recherche d&rsquo;un pull en coton bio, d&rsquo;une jupe, d&rsquo;un top, d&rsquo;un tee-shirt, d&rsquo;une robe ou encore d&rsquo;une veste ou m\u00eame de sous-v\u00eatements bio vous trouverez votre bonheur dans notre boutique.<br \/>\nDe nombreux coloris vous sont propos\u00e9s ainsi que de nombreuses tailles. Nos v\u00eatements \u00e9thiques et \u00e9quitables en coton 100% biologique sont \u00e9galement tendances et suivent les crit\u00e8res de la mode.<br \/>\nIl est possible de s&rsquo;habiller de fa\u00e7on \u00e9thique en \u00e9tant toujours au go\u00fbt du jour, alors ne vous privez plus et venez d\u00e9couvrir sans attendre notre s\u00e9lection de v\u00eatements en coton bio pour toute la famille.<\/p>\n<p>&nbsp;<\/p>","protected":false},"excerpt":{"rendered":"<p>15\/17 rue Ste Madeleine, Strasbourg Ouvert du mardi au vendredi de 10h30-13h \/ 14h-18h30 Samedi de 10h-13h \u00e0 14h-18h 09-51-32-64-01 Une large S\u00e9lection de V\u00eatements \u00c9thiques Bio est disponible dans notre Boutique Fibres &amp; Formes \u00e0 Strasbourg Nous vous proposons des v\u00eatements \u00e9thiques et Bio ! Lorsque l&rsquo;on entend parler de v\u00eatements en coton bio, [&hellip;]<\/p>","protected":false},"featured_media":0,"template":"","meta":[],"product_cat":[21],"product_tag":[],"_links":{"self":[{"href":"https:\/\/www.grintoura.fr\/en\/wp-json\/wp\/v2\/product\/8467"}],"collection":[{"href":"https:\/\/www.grintoura.fr\/en\/wp-json\/wp\/v2\/product"}],"about":[{"href":"https:\/\/www.grintoura.fr\/en\/wp-json\/wp\/v2\/types\/product"}],"wp:attachment":[{"href":"https:\/\/www.grintoura.fr\/en\/wp-json\/wp\/v2\/media?parent=8467"}],"wp:term":[{"taxonomy":"product_cat","embeddable":true,"href":"https:\/\/www.grintoura.fr\/en\/wp-json\/wp\/v2\/product_cat?post=8467"},{"taxonomy":"product_tag","embeddable":true,"href":"https:\/\/www.grintoura.fr\/en\/wp-json\/wp\/v2\/product_tag?post=8467"}],"curies":[{"name":"wp","href":"https:\/\/api.w.org\/{rel}","templated":true}]}}