	
	
	
	
{"id":8456,"date":"2024-02-28T07:01:53","date_gmt":"2024-02-28T06:01:53","guid":{"rendered":"https:\/\/www.grintoura.fr\/product\/chateau-de-lichtenberg\/"},"modified":"2024-04-19T06:59:22","modified_gmt":"2024-04-19T04:59:22","slug":"chateau-de-lichtenberg","status":"publish","type":"product","link":"https:\/\/www.grintoura.fr\/en\/product\/chateau-de-lichtenberg\/","title":{"rendered":"Ch\u00e2teau de Lichtenberg"},"content":{"rendered":"<p>OFFICE DE TOURISME INTERCOMMUNAL DE HANAU-LA PETITE PIERRE<br \/>\nSi\u00e8ge<br \/>\n2a Rue du Ch\u00e2teau<br \/>\n67290 La Petite-Pierre<br \/>\n+ 33 (0)3 88 70 42 30<\/p>\n<p><strong>Visitez un ch\u00e2teau unique en Alsace !<\/strong><br \/>\nDu haut des terrasses du ch\u00e2teau de Lichtenberg, 9 si\u00e8cles d\u2019Histoire et un paysage unique s\u2019offrent aux visiteurs. Tour \u00e0 tour r\u00e9sidence seigneuriale, garnison et aujourd\u2019hui lieu culturel et touristique : ce \u00ab vaisseau des si\u00e8cles \u00bb a travers\u00e9 le temps et est aujourd\u2019hui une \u00e9tape incontournable en Alsace et dans les Vosges du Nord. Venez le visiter en couple, en famille ou entre amis.<\/p>\n<p>&nbsp;<\/p>\n<p>Un cadre unique<br \/>\nDu haut des terrasses du ch\u00e2teau de Lichtenberg, colossales ruines de gr\u00e8s rose surplombant le village du m\u00eame nom, le panorama est exceptionnel. Culminant \u00e0 plus de 400 m\u00e8tres d\u2019altitude le ch\u00e2teau offre une vue \u00e0 couper le souffle sur le Parc naturel r\u00e9gional des Vosges du Nord. Par beau temps vous pouvez m\u00eame apercevoir la fl\u00e8che de la cath\u00e9drale de Strasbourg.<\/p>\n<p>&nbsp;<\/p>\n<p>Explorez plus de 800 d\u2019Histoire et d\u2019architecture !<br \/>\nChaque \u00e9poque a laiss\u00e9 son empreinte sur le site : architectures gothique, Renaissance, architecture militaire et contemporaine s\u2019entrem\u00ealent. Le ch\u00e2teau de Lichtenberg a<br \/>\nainsi vu se succ\u00e9der occupants, conflits, constructions, rencontres et histoires. Il offre un v\u00e9ritable puzzle des traces architecturales du temps pass\u00e9.\u00a0Une mention atteste que d\u00e8s 1206 le ch\u00e2teau est la propri\u00e9t\u00e9 des seigneurs de Lichtenberg. C\u2019est l\u2019une des familles les plus puissantes du nord de l\u2019Alsace \u00e0 cette \u00e9poque. Au 16e si\u00e8cle, Daniel Specklin, c\u00e9l\u00e8bre architecte strasbourgeois, le modernise pour adapter ses fortifications \u00e0 l\u2019usage du canon. Dans les ann\u00e9es 1990 un programme architectural audacieux a \u00e9t\u00e9 confi\u00e9 \u00e0 l\u2019architecte renomm\u00e9 Andr\u00e9a Bruno. Il a adapt\u00e9 le site \u00e0 ces nouvelles fonctions touristique et culturelle avec l\u2019ajout de formes contemporaines faites de bois, de verre et de m\u00e9tal.<\/p>\n<p>L\u2019exposition permanente \u00ab\u00a0Le ch\u00e2teau de Lichtenberg, un chantier perp\u00e9tuel\u00a0\u00bb (nouveaut\u00e9 2023) vous permet de d\u00e9couvrir l\u2019\u00e9volution architecturale du ch\u00e2teau \u00e0 travers les si\u00e8cles et d\u2019explorer plus de 800 ans d\u2019Histoire ! Diff\u00e9rents modules interactifs et ludiques permettent aux visiteurs, petits et grands, de s\u2019exercer en tant qu\u2019architecte, de d\u00e9couvrir les diff\u00e9rentes \u00e9poques de construction ou encore les coulisses de la r\u00e9habilitation contemporaine du ch\u00e2teau.<\/p>\n<p>&nbsp;<\/p>\n<p>A la d\u00e9couverte du ch\u00e2teau de Lichtenberg en Alsace<br \/>\nLe ch\u00e2teau se visite librement durant les horaires d\u2019ouverture et comprend de nombreuses installations pour les visiteurs. Les diff\u00e9rents espaces d\u2019exposition, parcours de d\u00e9couverte avec jeu de manipulation et panneaux explicatifs vous r\u00e9v\u00e8lent tous les secrets du lieu.<\/p>\n<p>La visite libre dure environ 1h30.<\/p>\n<p>Un plan de visite disponible en fran\u00e7ais, anglais et allemand vous est remis \u00e0 l\u2019accueil.<\/p>\n<p>CH\u00c2TEAU DE LICHTENBERG<br \/>\n67340 LICHTENBERG<\/p>\n<p>T\u00e9l. +33 (0)3 88 89 98 72<\/p>\n<p>&nbsp;<\/p>\n<p><a href=\"https:\/\/www.chateaudelichtenberg.alsace\" target=\"_blank\" rel=\"noopener\">https:\/\/www.chateaudelichtenberg.alsace<\/a><\/p>\n<p>&nbsp;<\/p>","protected":false},"excerpt":{"rendered":"<p>OFFICE DE TOURISME INTERCOMMUNAL DE HANAU-LA PETITE PIERRE Si\u00e8ge 2a Rue du Ch\u00e2teau 67290 La Petite-Pierre + 33 (0)3 88 70 42 30 Visitez un ch\u00e2teau unique en Alsace ! Du haut des terrasses du ch\u00e2teau de Lichtenberg, 9 si\u00e8cles d\u2019Histoire et un paysage unique s\u2019offrent aux visiteurs. Tour \u00e0 tour r\u00e9sidence seigneuriale, garnison et [&hellip;]<\/p>","protected":false},"featured_media":0,"template":"","meta":[],"product_cat":[21],"product_tag":[],"_links":{"self":[{"href":"https:\/\/www.grintoura.fr\/en\/wp-json\/wp\/v2\/product\/8456"}],"collection":[{"href":"https:\/\/www.grintoura.fr\/en\/wp-json\/wp\/v2\/product"}],"about":[{"href":"https:\/\/www.grintoura.fr\/en\/wp-json\/wp\/v2\/types\/product"}],"wp:attachment":[{"href":"https:\/\/www.grintoura.fr\/en\/wp-json\/wp\/v2\/media?parent=8456"}],"wp:term":[{"taxonomy":"product_cat","embeddable":true,"href":"https:\/\/www.grintoura.fr\/en\/wp-json\/wp\/v2\/product_cat?post=8456"},{"taxonomy":"product_tag","embeddable":true,"href":"https:\/\/www.grintoura.fr\/en\/wp-json\/wp\/v2\/product_tag?post=8456"}],"curies":[{"name":"wp","href":"https:\/\/api.w.org\/{rel}","templated":true}]}}