	
	
	
	
{"id":8363,"date":"2024-02-26T06:32:48","date_gmt":"2024-02-26T05:32:48","guid":{"rendered":"https:\/\/www.grintoura.fr\/product\/le-rucher-de-lesterel\/"},"modified":"2024-02-26T06:32:48","modified_gmt":"2024-02-26T05:32:48","slug":"le-rucher-de-lesterel","status":"publish","type":"product","link":"https:\/\/www.grintoura.fr\/en\/product\/le-rucher-de-lesterel\/","title":{"rendered":"Le Rucher de l\u2019Est\u00e9rel"},"content":{"rendered":"<p>Au sein des Adrets, d\u00e9couvrez la boutique du Rucher de l&rsquo;Est\u00e9rel.<\/p>\n<p>Avec toute la production des abeilles : pollens, gel\u00e9e royale, cosm\u00e9tiques, bougies &#8230;<\/p>\n<p>&nbsp;<\/p>\n<p>Notre boutique est ouverte en Et\u00e9 de juin \u00e0 octobre, du lundi au samedi, 9h30-12h30 \/ 15h30-19h00<\/p>\n<p>et en Hiver de novembre \u00e0 mai, du Lu au Sa, 9h30-12h30 \/ 15h00-18h30<\/p>\n<p>+33603370280<br \/>\nlerucherdelesterel@gmail.com<br \/>\n2 ROUTE DE L&rsquo;ESTEREL<br \/>\n83600 LES ADRETS DE L&rsquo;ESTEREL<\/p>","protected":false},"excerpt":{"rendered":"<p>Au sein des Adrets, d\u00e9couvrez la boutique du Rucher de l&rsquo;Est\u00e9rel. Avec toute la production des abeilles : pollens, gel\u00e9e royale, cosm\u00e9tiques, bougies &#8230; &nbsp; Notre boutique est ouverte en Et\u00e9 de juin \u00e0 octobre, du lundi au samedi, 9h30-12h30 \/ 15h30-19h00 et en Hiver de novembre \u00e0 mai, du Lu au Sa, 9h30-12h30 \/ [&hellip;]<\/p>","protected":false},"featured_media":0,"template":"","meta":[],"product_cat":[21],"product_tag":[],"_links":{"self":[{"href":"https:\/\/www.grintoura.fr\/en\/wp-json\/wp\/v2\/product\/8363"}],"collection":[{"href":"https:\/\/www.grintoura.fr\/en\/wp-json\/wp\/v2\/product"}],"about":[{"href":"https:\/\/www.grintoura.fr\/en\/wp-json\/wp\/v2\/types\/product"}],"wp:attachment":[{"href":"https:\/\/www.grintoura.fr\/en\/wp-json\/wp\/v2\/media?parent=8363"}],"wp:term":[{"taxonomy":"product_cat","embeddable":true,"href":"https:\/\/www.grintoura.fr\/en\/wp-json\/wp\/v2\/product_cat?post=8363"},{"taxonomy":"product_tag","embeddable":true,"href":"https:\/\/www.grintoura.fr\/en\/wp-json\/wp\/v2\/product_tag?post=8363"}],"curies":[{"name":"wp","href":"https:\/\/api.w.org\/{rel}","templated":true}]}}