	
	
	
	
{"id":8261,"date":"2024-02-04T14:50:34","date_gmt":"2024-02-04T13:50:34","guid":{"rendered":"https:\/\/www.grintoura.fr\/product\/la-fabrik-de-lili\/"},"modified":"2024-02-04T14:50:34","modified_gmt":"2024-02-04T13:50:34","slug":"la-fabrik-de-lili","status":"publish","type":"product","link":"https:\/\/www.grintoura.fr\/en\/product\/la-fabrik-de-lili\/","title":{"rendered":"La Fabrik de Lili"},"content":{"rendered":"<p>LES BOUGIES DE LA FABRIK\u2019 DE LILI<\/p>\n<p>\u200b<\/p>\n<p>Faites une balade olfactive en Corse partout o\u00f9 vous serez gr\u00e2ce aux bougies de la FabriK&rsquo; de Lili.<\/p>\n<p>&nbsp;<\/p>\n<p>Des bougies naturelles et v\u00e9g\u00e9tales fabriqu\u00e9es en Corse du Sud \u00e0 Sainte Lucie de Porto Vecchio.<\/p>\n<p>\u200b<\/p>\n<p>Elles sont faites \u00e0 la main \u00e0 partir de cire v\u00e9g\u00e9tale Europ\u00e9enne (Soja) et de parfums de Grasse.<\/p>\n<p>\u200b<\/p>\n<p>VEGAN, sans CMR, sans pesticide, sans \u00e9manation toxique, non test\u00e9es sur les animaux\u2026<\/p>\n<p>\u200b<\/p>\n<p>\u200b<\/p>\n<p>Un mariage, un anniversaire, un bapt\u00eame, la FabriK&rsquo; de Lili r\u00e9alise vos cadeaux invit\u00e9s.<\/p>\n<p>\u200b<\/p>\n<p>La FabriK\u2019 de Lili c\u2019est aussi une entreprise \u00e9co-responsable : Choix de mati\u00e8res premi\u00e8res avec le moins d\u2019empreinte carbone possible et respectueuses de l\u2019environnement, pots r\u00e9utilisables et recyclables, tri des d\u00e9chets de production\u2026<\/p>\n<p>\u200b<\/p>\n<p>&nbsp;<\/p>","protected":false},"excerpt":{"rendered":"<p>LES BOUGIES DE LA FABRIK\u2019 DE LILI \u200b Faites une balade olfactive en Corse partout o\u00f9 vous serez gr\u00e2ce aux bougies de la FabriK&rsquo; de Lili. &nbsp; Des bougies naturelles et v\u00e9g\u00e9tales fabriqu\u00e9es en Corse du Sud \u00e0 Sainte Lucie de Porto Vecchio. \u200b Elles sont faites \u00e0 la main \u00e0 partir de cire v\u00e9g\u00e9tale [&hellip;]<\/p>","protected":false},"featured_media":0,"template":"","meta":[],"product_cat":[21],"product_tag":[],"_links":{"self":[{"href":"https:\/\/www.grintoura.fr\/en\/wp-json\/wp\/v2\/product\/8261"}],"collection":[{"href":"https:\/\/www.grintoura.fr\/en\/wp-json\/wp\/v2\/product"}],"about":[{"href":"https:\/\/www.grintoura.fr\/en\/wp-json\/wp\/v2\/types\/product"}],"wp:attachment":[{"href":"https:\/\/www.grintoura.fr\/en\/wp-json\/wp\/v2\/media?parent=8261"}],"wp:term":[{"taxonomy":"product_cat","embeddable":true,"href":"https:\/\/www.grintoura.fr\/en\/wp-json\/wp\/v2\/product_cat?post=8261"},{"taxonomy":"product_tag","embeddable":true,"href":"https:\/\/www.grintoura.fr\/en\/wp-json\/wp\/v2\/product_tag?post=8261"}],"curies":[{"name":"wp","href":"https:\/\/api.w.org\/{rel}","templated":true}]}}