	
	
	
	
{"id":8237,"date":"2024-02-04T14:07:51","date_gmt":"2024-02-04T13:07:51","guid":{"rendered":"https:\/\/www.grintoura.fr\/product\/captain-bretzel\/"},"modified":"2024-02-04T14:07:51","modified_gmt":"2024-02-04T13:07:51","slug":"captain-bretzel","status":"publish","type":"product","link":"https:\/\/www.grintoura.fr\/en\/product\/captain-bretzel\/","title":{"rendered":"Captain Bretzel"},"content":{"rendered":"<p>LOCATION DE BATEAUX \u00c9LECTRIQUES SANS PERMIS &#8211;\u00a0BOAT RENTAL<\/p>\n<p>TERRASSE FLOTTANTE &#8211; BAR \u00c0 HUITRES &#8211;\u00a0 PETITE RESTAURATION &#8211; BI\u00c8RE &#8211; COCKTAILS<\/p>\n<p>R\u00c9SERVATIONS EN LIGNE OU SUR PLACE &#8211; ONLINE BOOKING<\/p>\n<p>Prenez le large en louant votre propre bateau : les\u00a0capitaines, c&rsquo;est vous !\u00a0Notre flotte dispose de bateaux 5, 7 et 10 places !\u00a0Plusieurs itin\u00e9raires au choix, des\u00a0paniers ap\u00e9ro \u00e0 emporter \u00e0 bord et une option premium avec skipper !<\/p>\n<p>Paiement accept\u00e9 : Mastercard, Visa,\u00a0esp\u00e8ces, ANCV (R\u00e9servation\u00a0sur place uniquement)\u00a0Keine EC Karte<\/p>\n<p>&nbsp;<\/p>\n<p>Adresse<br \/>\nNavig Plaisance &#8211; Captain Bretzel<br \/>\n49 QUAI DES ALPES \/ au pied de la Tour \u00c9lithis &#8211; tram C et E Winston Churchill (parking Quai des Alpes)<br \/>\n67000 STRASBOURG<br \/>\nEmail<br \/>\ncontact@captainbretzel.eu<br \/>\nT\u00e9l\u00e9phone<br \/>\n+33628698325<br \/>\nHoraires d&rsquo;ouverture<br \/>\nDu lundi au vendredi<br \/>\nDe\u00a012:00\u00a0\u00e0\u00a022:30<br \/>\nSamedi, dimanche<br \/>\nDe\u00a012:00\u00a0\u00e0\u00a022:30<\/p>\n<p>&nbsp;<\/p>\n<p>&nbsp;<\/p>","protected":false},"excerpt":{"rendered":"<p>LOCATION DE BATEAUX \u00c9LECTRIQUES SANS PERMIS &#8211;\u00a0BOAT RENTAL TERRASSE FLOTTANTE &#8211; BAR \u00c0 HUITRES &#8211;\u00a0 PETITE RESTAURATION &#8211; BI\u00c8RE &#8211; COCKTAILS R\u00c9SERVATIONS EN LIGNE OU SUR PLACE &#8211; ONLINE BOOKING Prenez le large en louant votre propre bateau : les\u00a0capitaines, c&rsquo;est vous !\u00a0Notre flotte dispose de bateaux 5, 7 et 10 places !\u00a0Plusieurs itin\u00e9raires au [&hellip;]<\/p>","protected":false},"featured_media":0,"template":"","meta":[],"product_cat":[21],"product_tag":[],"_links":{"self":[{"href":"https:\/\/www.grintoura.fr\/en\/wp-json\/wp\/v2\/product\/8237"}],"collection":[{"href":"https:\/\/www.grintoura.fr\/en\/wp-json\/wp\/v2\/product"}],"about":[{"href":"https:\/\/www.grintoura.fr\/en\/wp-json\/wp\/v2\/types\/product"}],"wp:attachment":[{"href":"https:\/\/www.grintoura.fr\/en\/wp-json\/wp\/v2\/media?parent=8237"}],"wp:term":[{"taxonomy":"product_cat","embeddable":true,"href":"https:\/\/www.grintoura.fr\/en\/wp-json\/wp\/v2\/product_cat?post=8237"},{"taxonomy":"product_tag","embeddable":true,"href":"https:\/\/www.grintoura.fr\/en\/wp-json\/wp\/v2\/product_tag?post=8237"}],"curies":[{"name":"wp","href":"https:\/\/api.w.org\/{rel}","templated":true}]}}