	
	
	
	
{"id":8200,"date":"2024-01-18T00:24:36","date_gmt":"2024-01-17T23:24:36","guid":{"rendered":"https:\/\/www.grintoura.fr\/product\/maison-scherb-gite-rural\/"},"modified":"2024-01-18T00:39:53","modified_gmt":"2024-01-17T23:39:53","slug":"maison-scherb-gite-rural","status":"publish","type":"product","link":"https:\/\/www.grintoura.fr\/en\/product\/maison-scherb-gite-rural\/","title":{"rendered":"Maison Scherb Gite Rural"},"content":{"rendered":"<p>Maison de vigneron du XVI\u00e8me, class\u00e9e \u00e0 l&rsquo;Inventaire Suppl\u00e9mentaire des Monuments Historiques. L&rsquo;appartement lou\u00e9 en g\u00eete est\u00a0 r\u00e9nov\u00e9: cuisine et salle de bains modernes. Quatre chambres \u00e0 coucher et un s\u00e9jour permettent un s\u00e9jour de groupes pouvant comporter jusqu&rsquo;\u00e0 9 personnes. Lit pour tout-petit \u00e0 dispostion.<\/p>\n<p>La maison dispose d&rsquo;une grande cour, dans laquelle 2 voitures maximum peuvent stationner. La cour comprend aussi un barbecue ma\u00e7onn\u00e9 (bois \u00e0 disposition). Le jardin situ\u00e9 dans le prolongement de la cour comporte des meubles de jardin (table, banc et chaises de jardin et chaises-longues), que l&rsquo;on peut disposer \u00e0 son gr\u00e9 sur le gazon. Une tonnelle de vignes permet de s&rsquo;asseoir \u00e0 l&rsquo;ombre.<\/p>\n<p>&nbsp;<\/p>","protected":false},"excerpt":{"rendered":"<p>Maison de vigneron du XVI\u00e8me, class\u00e9e \u00e0 l&rsquo;Inventaire Suppl\u00e9mentaire des Monuments Historiques. L&rsquo;appartement lou\u00e9 en g\u00eete est\u00a0 r\u00e9nov\u00e9: cuisine et salle de bains modernes. Quatre chambres \u00e0 coucher et un s\u00e9jour permettent un s\u00e9jour de groupes pouvant comporter jusqu&rsquo;\u00e0 9 personnes. Lit pour tout-petit \u00e0 dispostion. La maison dispose d&rsquo;une grande cour, dans laquelle 2 [&hellip;]<\/p>","protected":false},"featured_media":0,"template":"","meta":[],"product_cat":[21],"product_tag":[],"_links":{"self":[{"href":"https:\/\/www.grintoura.fr\/en\/wp-json\/wp\/v2\/product\/8200"}],"collection":[{"href":"https:\/\/www.grintoura.fr\/en\/wp-json\/wp\/v2\/product"}],"about":[{"href":"https:\/\/www.grintoura.fr\/en\/wp-json\/wp\/v2\/types\/product"}],"wp:attachment":[{"href":"https:\/\/www.grintoura.fr\/en\/wp-json\/wp\/v2\/media?parent=8200"}],"wp:term":[{"taxonomy":"product_cat","embeddable":true,"href":"https:\/\/www.grintoura.fr\/en\/wp-json\/wp\/v2\/product_cat?post=8200"},{"taxonomy":"product_tag","embeddable":true,"href":"https:\/\/www.grintoura.fr\/en\/wp-json\/wp\/v2\/product_tag?post=8200"}],"curies":[{"name":"wp","href":"https:\/\/api.w.org\/{rel}","templated":true}]}}