	
	
	
	
{"id":8103,"date":"2023-12-26T16:41:43","date_gmt":"2023-12-26T15:41:43","guid":{"rendered":"https:\/\/www.grintoura.fr\/product\/mas-ricardenque\/"},"modified":"2024-01-17T19:35:08","modified_gmt":"2024-01-17T18:35:08","slug":"mas-ricardenque","status":"publish","type":"product","link":"https:\/\/www.grintoura.fr\/en\/product\/mas-ricardenque\/","title":{"rendered":"Mas Ricardenque"},"content":{"rendered":"<p>Le Mas Ricardenque est un domaine familial exploitant 8000 plants de rosiers centifolia et 1,5 hectare de vignes. Toutes nos cultures sont biologiques, nous produisons au domaine environ 6000 bouteilles par an.<\/p>\n<p>&nbsp;<\/p>\n<p><strong>Aux origines<\/strong><\/p>\n<p>Il y a plus de 100 ans, Paul Guignon cultivait jasmins et roses destin\u00e9s \u00e0 l\u2019industrie de la parfumerie.<br \/>\n\u00c0 cette \u00e9poque, les griottes et raisins du domaine \u00e9taient vendus \u00e0 des courtiers de l\u2019industrie des vins et spiritueux.<\/p>\n<p>\u00c0 la fin des ann\u00e9es 50, son fils Andr\u00e9 perp\u00e9tua la tradition de r\u00e9coltes des roses et raisins du domaine.<br \/>\nIl apporta la vinification au domaine en d\u00e9veloppant des cuv\u00e9es d\u2019exceptions r\u00e9serv\u00e9es \u00e0 une consommation familiale et amicale.<\/p>\n<p>\u00c0 fin des ann\u00e9es 90, les producteurs grassois de mati\u00e8res premi\u00e8res pour l\u2019industrie du parfum subissent une crise sans pr\u00e9c\u00e9dent imposant le domaine \u00e0 interrompre la culture de la Rose de Mai jusqu\u2019en 2014.<\/p>\n<p>&nbsp;<\/p>\n<p><strong>Le renouveau<\/strong><\/p>\n<p>Mas Ricardenque est avant tout l\u2019histoire d\u2019une famille passionn\u00e9e par les plantes \u00e0 parfums et le vin.<\/p>\n<p>En 2014 le fils d\u2019Andr\u00e9, Pascal relance la culture de la Rose de Mai, initie la commercialisation des cuv\u00e9es Mas Ricardenque tout en respectant les valeurs fondamentales du domaine.<\/p>\n<p>Ainsi, toutes les productions sont biologiques et naturelles.<\/p>\n<p>Au-del\u00e0 du respect de notre terroir, le domaine souhaite partager ce qu\u2019il a de plus authentique \u00e0 offrir depuis sa terre jusqu\u2019aux c\u0153ur de ses fleurs et de ses fruits.<\/p>\n<p>&nbsp;<\/p>","protected":false},"excerpt":{"rendered":"<p>Le Mas Ricardenque est un domaine familial exploitant 8000 plants de rosiers centifolia et 1,5 hectare de vignes. Toutes nos cultures sont biologiques, nous produisons au domaine environ 6000 bouteilles par an. &nbsp; Aux origines Il y a plus de 100 ans, Paul Guignon cultivait jasmins et roses destin\u00e9s \u00e0 l\u2019industrie de la parfumerie. \u00c0 [&hellip;]<\/p>","protected":false},"featured_media":0,"template":"","meta":[],"product_cat":[21],"product_tag":[],"_links":{"self":[{"href":"https:\/\/www.grintoura.fr\/en\/wp-json\/wp\/v2\/product\/8103"}],"collection":[{"href":"https:\/\/www.grintoura.fr\/en\/wp-json\/wp\/v2\/product"}],"about":[{"href":"https:\/\/www.grintoura.fr\/en\/wp-json\/wp\/v2\/types\/product"}],"wp:attachment":[{"href":"https:\/\/www.grintoura.fr\/en\/wp-json\/wp\/v2\/media?parent=8103"}],"wp:term":[{"taxonomy":"product_cat","embeddable":true,"href":"https:\/\/www.grintoura.fr\/en\/wp-json\/wp\/v2\/product_cat?post=8103"},{"taxonomy":"product_tag","embeddable":true,"href":"https:\/\/www.grintoura.fr\/en\/wp-json\/wp\/v2\/product_tag?post=8103"}],"curies":[{"name":"wp","href":"https:\/\/api.w.org\/{rel}","templated":true}]}}