	
	
	
	
{"id":8016,"date":"2023-12-10T22:53:47","date_gmt":"2023-12-10T21:53:47","guid":{"rendered":"https:\/\/www.grintoura.fr\/product\/fabien-haurat-tourneur-sur-bois\/"},"modified":"2023-12-10T22:53:47","modified_gmt":"2023-12-10T21:53:47","slug":"fabien-haurat-tourneur-sur-bois","status":"publish","type":"product","link":"https:\/\/www.grintoura.fr\/en\/product\/fabien-haurat-tourneur-sur-bois\/","title":{"rendered":"Fabien HAURAT \u2013 Tourneur sur bois"},"content":{"rendered":"<p>Dans son atelier de Manses, Fabien r\u00e9v\u00e8le les particularit\u00e9s du bois, pour donner une seconde vie aux arbres au travers de pi\u00e8ces artistiques et d\u00e9coratives (pieds de lampes, tableaux, vaisselle).<\/p>\n<p>Fabien et Nathalie vous accueilleront avec plaisir pour vous faire d\u00e9couvrir ces cr\u00e9ations uniques r\u00e9alis\u00e9es avec des produits naturels et des bois nobles et locaux.<\/p>\n<p>Atelier Cr\u00e9ation Bois<br \/>\n6 avenue de Monts\u00e9gur \u2013 Manses<\/p>\n<p>06 83 27 32 34 \/ 09 66 83 09 02<br \/>\nfabien.haurat@orange.fr<\/p>\n<p>&nbsp;<\/p>","protected":false},"excerpt":{"rendered":"<p>Dans son atelier de Manses, Fabien r\u00e9v\u00e8le les particularit\u00e9s du bois, pour donner une seconde vie aux arbres au travers de pi\u00e8ces artistiques et d\u00e9coratives (pieds de lampes, tableaux, vaisselle). Fabien et Nathalie vous accueilleront avec plaisir pour vous faire d\u00e9couvrir ces cr\u00e9ations uniques r\u00e9alis\u00e9es avec des produits naturels et des bois nobles et locaux. [&hellip;]<\/p>","protected":false},"featured_media":0,"template":"","meta":[],"product_cat":[21],"product_tag":[],"_links":{"self":[{"href":"https:\/\/www.grintoura.fr\/en\/wp-json\/wp\/v2\/product\/8016"}],"collection":[{"href":"https:\/\/www.grintoura.fr\/en\/wp-json\/wp\/v2\/product"}],"about":[{"href":"https:\/\/www.grintoura.fr\/en\/wp-json\/wp\/v2\/types\/product"}],"wp:attachment":[{"href":"https:\/\/www.grintoura.fr\/en\/wp-json\/wp\/v2\/media?parent=8016"}],"wp:term":[{"taxonomy":"product_cat","embeddable":true,"href":"https:\/\/www.grintoura.fr\/en\/wp-json\/wp\/v2\/product_cat?post=8016"},{"taxonomy":"product_tag","embeddable":true,"href":"https:\/\/www.grintoura.fr\/en\/wp-json\/wp\/v2\/product_tag?post=8016"}],"curies":[{"name":"wp","href":"https:\/\/api.w.org\/{rel}","templated":true}]}}