	
	
	
	
{"id":7998,"date":"2023-12-10T21:55:44","date_gmt":"2023-12-10T20:55:44","guid":{"rendered":"https:\/\/www.grintoura.fr\/product\/tilko\/"},"modified":"2023-12-10T21:57:03","modified_gmt":"2023-12-10T20:57:03","slug":"tilko","status":"publish","type":"product","link":"https:\/\/www.grintoura.fr\/en\/product\/tilko\/","title":{"rendered":"Tilko"},"content":{"rendered":"<p>TILKO EN TROIS POINTS<br \/>\nDu recyclage<br \/>\nCr\u00e9ations uniques<br \/>\nValorisation du patrimoine<\/p>\n<p>&nbsp;<\/p>\n<p>UN MASTER DE DESIGN<br \/>\nEn 2016 Ma\u00efa Mentrel obtient son dipl\u00f4me de master de design sp\u00e9cialis\u00e9 dans la couleur \u00e0 l&rsquo;UFR des arts de Strasbourg. Elle a appris \u00e0 y d\u00e9velopper des projets de graphisme, d&rsquo;objet, d&rsquo;espace et de stylisme avec une approche pointue de la couleur. En parall\u00e8le de ses projets \u00e9tudiants, elle d\u00e9veloppe des bijoux \u00e0 partir d&rsquo;\u00e9l\u00e9ments chin\u00e9s ici et l\u00e0 qu&rsquo;elle assemble et vend \u00e0 son entourage. Au cours de ses recherches de textures, de formes, de mati\u00e8re, une fascination pour les savoir-faire grandit en elle. La curiosit\u00e9 l&rsquo;am\u00e8ne \u00e0 interroger comment sont con\u00e7ues telle ou telle chose qu&rsquo;elle r\u00e9cup\u00e8re. C&rsquo;est pourquoi, en plus du chinage de petites pi\u00e8ces, elle r\u00e9cup\u00e8re et d\u00e9monte des \u00ab\u00a0objets non d\u00e9sir\u00e9s\u00a0\u00bb pour pouvoir saisir l&rsquo;essence m\u00eame de ce qu&rsquo;elle transforme en bijoux.<\/p>\n<p>TROIS ANN\u00c9ES \u00c0 PARIS<br \/>\nApr\u00e8s ses \u00e9tudes, Ma\u00efa a travaill\u00e9 au Viaduc des Arts \u00e0 Paris 12e pendant 3 ans, en tant qu&rsquo;assistante designer de Tzuri Gueta. C&rsquo;est l&rsquo;atelier id\u00e9al o\u00f9 se croisent un savoir-faire particulier avec la cr\u00e9ation de bijoux et d&rsquo;objets dans des textures et couleurs incroyables. Cet emploi a \u00e9t\u00e9 l&rsquo;opportunit\u00e9 parfaite permettant de lier ses \u00e9tudes et sa passion pour les bijoux.Toutes les r\u00e9alisations sont uniques et fabriqu\u00e9es \u00e0 la main avec une technique brevet\u00e9e alliant silicone et textile. Arriv\u00e9e dans un premier temps pour un stage, Ma\u00efa a rapidement \u00e9volu\u00e9 et a su maitriser la technique et les enjeux de l&rsquo;entreprise ce qui lui a valu le poste de chef d&rsquo;atelier au bout de deux ans. Ces 3 ann\u00e9es tr\u00e8s enrichissantes lui ont permis de d\u00e9velopper une finesse de travail et ont repouss\u00e9 les limites de sa cr\u00e9ativit\u00e9.<\/p>\n<p>LA CR\u00c9ATION DE TILKO<br \/>\nPendant ses ann\u00e9es \u00e0 Paris, Ma\u00efa a analys\u00e9 et assimil\u00e9 les probl\u00e9matiques du bon fonctionnement d&rsquo;un atelier des m\u00e9tiers d&rsquo;arts. Sans savoir encore comment combiner recyclage, cr\u00e9ation et luxe, l&rsquo;id\u00e9e de vivre de son travail dans un milieu rural est devenue plus qu&rsquo;une simple envie. Originaire des Vosges, le d\u00e9sir de mettre \u00e0 l&rsquo;honneur les savoir-faire qui s&rsquo;y trouvent a \u00e9t\u00e9 le d\u00e9clic. Continuer \u00e0 chiner est une chose, mais trouver de la mati\u00e8re de haute qualit\u00e9 \u00e0 recycler et en abondance est primordial pour cr\u00e9er plus sereinement. Ma\u00efa est all\u00e9e toquer aux portes des Entreprise du Patrimoine Vivant (label EPV) locales. Au fil des rencontres et des exp\u00e9rimentations de mati\u00e8res, elle a d\u00e9couvert le potentiel environnemental et territorial de cette d\u00e9marche.<\/p>\n<p>&nbsp;<\/p>\n<p>TILKO \u00a0 \u00a0 \u00a0 \u00a0 \u00a0 \u00a0 \u00a0 \u00a0 \u00a0 \u00a0 \u00a0 \u00a0 \u00a0 \u00a0 \u00a0 \u00a0 \u00a0 \u00a0 \u00a0 \u00a0 \u00a0 \u00a0 \u00a0 \u00a0 \u00a0 \u00a0 \u00a0 \u00a0 \u00a0 \u00a0 \u00a0 \u00a0 \u00a0 \u00a0 \u00a0 \u00a0 \u00a0 \u00a0 \u00a0 \u00a0 \u00a0 \u00a0 \u00a0 \u00a0 \u00a0 \u00a0 \u00a0 \u00a0 \u00a0 \u00a0 \u00a0 \u00a0 \u00a0 \u00a0 \u00a0 \u00a0 \u00a0 \u00a0 \u00a0 \u00a0 \u00a0 \u00a0 \u00a0 \u00a0 \u00a0 \u00a0 \u00a0 \u00a0 \u00a0 \u00a0 \u00a0 \u00a0 \u00a0 \u00a0 \u00a0 \u00a0 \u00a0 \u00a0 \u00a0 \u00a0 \u00a0 \u00a0 \u00a0 \u00a0 \u00a0 \u00a0 \u00a0 \u00a0 \u00a0 \u00a0 \u00a0 \u00a0 \u00a0 \u00a0 \u00a0 \u00a0 \u00a0 \u00a0 \u00a0 \u00a0 La cr\u00e9ation d\u2019une marque s\u2019est av\u00e9r\u00e9e n\u00e9cessaire, car au del\u00e0 du travail de la designer, il y a l\u2019identit\u00e9 des entreprises par l\u2019utilisation de leurs mati\u00e8res r\u00e9cup\u00e9r\u00e9es. Lorsque Ma\u00efa cr\u00e9e des bijoux, des \u00e9l\u00e9ments de d\u00e9corations ou des accessoires, elle met en lumi\u00e8re un savoir-faire de haute vol\u00e9e en rappelant d\u2019o\u00f9 proviennent les mat\u00e9riaux. Les cr\u00e9ations Tilko sont uniques ou de petites s\u00e9ries, faites \u00e0 la main dans une finesse d\u2019ex\u00e9cution pour honorer ces mati\u00e8res nobles.<\/p>\n<p>&nbsp;<\/p>\n<p>TABLEAUX TEXTILES<br \/>\nCette premi\u00e8re s\u00e9rie de tableaux \u00abentre terre et mer\u00bb est une exp\u00e9rimentation \u00e0 partir de diff\u00e9rentes natures de fils : j\u2019explore la couleur et les textures, laissant le spectateur sonder son inconscient pour interroger ce qu\u2019il voit. Rares sont ceux qui devinent le fil. C\u2019est pourquoi certains tableaux ont une incrustation de cha\u00eenes permettant de donner un premier indice sur la composition. La brillance de la cha\u00eene nous interpelle pour nous approcher et nous questionner sur la nature des mat\u00e9riaux. Les fils sont si fins, qu\u2019une fois au plus proche du tableau, on le red\u00e9couvre avec un autre regard.<\/p>\n<p>&nbsp;<\/p>\n<p>Pour cette premi\u00e8re collection de tableaux, les prix vont de 300\u20ac \u00e0 3000\u20ac.<\/p>\n<p>Si vous souhaitez des renseignements pour une commande sur-mesure, \u00e9crivez-moi en me d\u00e9taillant toutes vos envies, couleurs, style, dimension\u2026<\/p>\n<p>Je vous enverrai un devis.<\/p>\n<p>tilko.studio@gmail.com<br \/>\n06.80.20.05.73<\/p>\n<p>&nbsp;<\/p>","protected":false},"excerpt":{"rendered":"<p>TILKO EN TROIS POINTS Du recyclage Cr\u00e9ations uniques Valorisation du patrimoine &nbsp; UN MASTER DE DESIGN En 2016 Ma\u00efa Mentrel obtient son dipl\u00f4me de master de design sp\u00e9cialis\u00e9 dans la couleur \u00e0 l&rsquo;UFR des arts de Strasbourg. Elle a appris \u00e0 y d\u00e9velopper des projets de graphisme, d&rsquo;objet, d&rsquo;espace et de stylisme avec une approche [&hellip;]<\/p>","protected":false},"featured_media":0,"template":"","meta":[],"product_cat":[21],"product_tag":[],"_links":{"self":[{"href":"https:\/\/www.grintoura.fr\/en\/wp-json\/wp\/v2\/product\/7998"}],"collection":[{"href":"https:\/\/www.grintoura.fr\/en\/wp-json\/wp\/v2\/product"}],"about":[{"href":"https:\/\/www.grintoura.fr\/en\/wp-json\/wp\/v2\/types\/product"}],"wp:attachment":[{"href":"https:\/\/www.grintoura.fr\/en\/wp-json\/wp\/v2\/media?parent=7998"}],"wp:term":[{"taxonomy":"product_cat","embeddable":true,"href":"https:\/\/www.grintoura.fr\/en\/wp-json\/wp\/v2\/product_cat?post=7998"},{"taxonomy":"product_tag","embeddable":true,"href":"https:\/\/www.grintoura.fr\/en\/wp-json\/wp\/v2\/product_tag?post=7998"}],"curies":[{"name":"wp","href":"https:\/\/api.w.org\/{rel}","templated":true}]}}