	
	
	
	
{"id":7979,"date":"2023-12-08T10:16:08","date_gmt":"2023-12-08T09:16:08","guid":{"rendered":"https:\/\/www.grintoura.fr\/product\/kooma\/"},"modified":"2024-01-03T22:23:56","modified_gmt":"2024-01-03T21:23:56","slug":"kooma","status":"publish","type":"product","link":"https:\/\/www.grintoura.fr\/en\/product\/kooma\/","title":{"rendered":"KOOMA"},"content":{"rendered":"<p><strong>Qui sommes-nous ?<\/strong><br \/>\nProfessionnels et citoyens engag\u00e9s pour une alimentation de proximit\u00e9 et le soutien \u00e0 l\u2019agriculture biologique, nous travaillons depuis 2015 autour d\u2019un m\u00eame r\u00eave : cr\u00e9er un lieu unique, chaleureux et solidaire au c\u0153ur de Strasbourg !<\/p>\n<p>La coop\u00e9rative Kooma, c\u2019est non seulement un magasin de producteurs et une \u00e9picerie d\u2019ici et du monde, mais aussi quatre restaurants et un espace d\u2019animation, le tout 100% bio !<\/p>\n<p><strong>Le collectif<\/strong><br \/>\nProducteurs, restaurateurs, collectivit\u00e9s territoriales, associations et initiatives citoyennes, entreprises, fondations et citoyens engag\u00e9s : nous sommes aujourd\u2019hui une cinquantaine d\u2019acteurs \u00e0 travailler main dans la main pour vous aider \u00e0 reprendre le pouvoir sur votre alimentation.<\/p>\n<p>Le projet est pens\u00e9 en \u00e9conomie circulaire, o\u00f9 chaque activit\u00e9 propos\u00e9e b\u00e9n\u00e9ficie \u00e0 l\u2019autre, de mani\u00e8re compl\u00e9mentaire.<\/p>\n<p>Nos diff\u00e9rences font notre force dans cette aventure coop\u00e9rative de longue haleine !<\/p>\n<p><strong>Les valeurs<\/strong><br \/>\nVenir \u00e0 Kooma, c\u2019est participer \u00e0 une \u00e9conomie locale, \u00e9cologique et solidaire, qui cr\u00e9e un lien direct avec les producteurs et les restaurateurs du territoire, proposant de bons produits accessibles et de qualit\u00e9 !<\/p>\n<p>Nous avons \u00e0 c\u0153ur d\u2019offrir un lieu de vie convivial ouvert \u00e0 tous, qui va au-del\u00e0 de la consommation avec son espace d\u2019animations p\u00e9dagogiques et citoyennes.<\/p>\n<p>&nbsp;<\/p>\n<p><strong>Faire ses courses<\/strong><br \/>\nD\u00e9couvrez notre large gamme de produits bio, locaux et paysans dans notre magasin de producteurs et dans notre \u00e9picerie d\u2019ici et du monde !<\/p>\n<p>Nos producteurs vous accueilleront pour vous conseiller et vous transmettre leur passion pour la nature et leur savoir-faire.<\/p>\n<p><strong>\u00a0Manger et boire<\/strong><br \/>\nR\u00e9galez-vous dans nos restaurants bio : une brasserie et un pub qui ouvriront bient\u00f4t et un restaurant gastronomique qui sera d\u00e9voil\u00e9 en 2024 !Retrouvez aussi une offre de restauration fermi\u00e8re sur le pouce dans notre snacking paysan. Bref, plein d\u2019occasions pour partager des moments de gourmandise et de convivialit\u00e9 chez Kooma !<\/p>\n<p><strong>Atelier et events<\/strong><br \/>\nKooma, c\u2019est \u00e9galement un espace d\u2019animations p\u00e9dagogiques et citoyennes qui accueillera des ateliers de cuisine, de fabrication de produits naturels, des jeux p\u00e9dagogiques, etc. C\u00f4t\u00e9 \u00e9v\u00e9nements, nos restaurants vous proposeront aussi une programmation musicale originale \u00e0 leur ouverture !<\/p>\n<p>&nbsp;<\/p>\n<p><strong>Quand nous trouver<\/strong><\/p>\n<p>MAGASIN DE PRODUCTEURS ET \u00c9PICERIE<br \/>\ndu lundi au vendredi de 10h \u00e0 20h<br \/>\nle samedi de 8h \u00e0 18h<\/p>\n<p>SNACKING PAYSAN<br \/>\ndu lundi au vendredi de 7h \u00e0 15h<\/p>\n<p>BOULANGERIE PAYSANNE<br \/>\ndu lundi au vendredi de 7h \u00e0 15h<br \/>\nle samedi de 7h \u00e0 13h<\/p>\n<p>BRASSERIE<br \/>\ndu lundi au samedi de 19h \u00e0 minuit<\/p>\n<p>PUB ET RESTAURANT<br \/>\nhoraires \u00e0 venir<\/p>\n<p>ESPACE ANIMATION<br \/>\nhoraires \u00e0 venir<\/p>\n<p>&nbsp;<\/p>","protected":false},"excerpt":{"rendered":"<p>Qui sommes-nous ? Professionnels et citoyens engag\u00e9s pour une alimentation de proximit\u00e9 et le soutien \u00e0 l\u2019agriculture biologique, nous travaillons depuis 2015 autour d\u2019un m\u00eame r\u00eave : cr\u00e9er un lieu unique, chaleureux et solidaire au c\u0153ur de Strasbourg ! La coop\u00e9rative Kooma, c\u2019est non seulement un magasin de producteurs et une \u00e9picerie d\u2019ici et du [&hellip;]<\/p>","protected":false},"featured_media":0,"template":"","meta":[],"product_cat":[21],"product_tag":[],"_links":{"self":[{"href":"https:\/\/www.grintoura.fr\/en\/wp-json\/wp\/v2\/product\/7979"}],"collection":[{"href":"https:\/\/www.grintoura.fr\/en\/wp-json\/wp\/v2\/product"}],"about":[{"href":"https:\/\/www.grintoura.fr\/en\/wp-json\/wp\/v2\/types\/product"}],"wp:attachment":[{"href":"https:\/\/www.grintoura.fr\/en\/wp-json\/wp\/v2\/media?parent=7979"}],"wp:term":[{"taxonomy":"product_cat","embeddable":true,"href":"https:\/\/www.grintoura.fr\/en\/wp-json\/wp\/v2\/product_cat?post=7979"},{"taxonomy":"product_tag","embeddable":true,"href":"https:\/\/www.grintoura.fr\/en\/wp-json\/wp\/v2\/product_tag?post=7979"}],"curies":[{"name":"wp","href":"https:\/\/api.w.org\/{rel}","templated":true}]}}