	
	
	
	
{"id":7938,"date":"2023-11-12T18:37:03","date_gmt":"2023-11-12T17:37:03","guid":{"rendered":"https:\/\/www.grintoura.fr\/product\/virginie-fantino-bijoutiere\/"},"modified":"2023-11-12T18:37:03","modified_gmt":"2023-11-12T17:37:03","slug":"virginie-fantino-bijoutiere","status":"publish","type":"product","link":"https:\/\/www.grintoura.fr\/en\/product\/virginie-fantino-bijoutiere\/","title":{"rendered":"Virginie Fantino, bijouti\u00e8re"},"content":{"rendered":"<p>Originaire de Nice, Virginie Fantino a fait ses classes \u00e0 Paris \u00e0 l&rsquo;ENSAAMA et \u00e0 la BJOP.<br \/>\nElle commence avec un Dipl\u00f4me des M\u00e9tiers d&rsquo;Art en\u00a0\u00ab\u00a0sculpture appliqu\u00e9e au m\u00e9tal\u00a0\u00bb \u00e0 l&rsquo;Ecole Nationale Sup\u00e9rieure d&rsquo;Arts Appliqu\u00e9s et des M\u00e9tiers d&rsquo;Art Olivier de Serres en 2010.<\/p>\n<p>Pour finir ses \u00e9tudes autour de la bijouterie avec un Certificat d&rsquo;Aptitude Professionnelle\u00a0Art du bijou et du Joyau \u00e0 la\u00a0Haute Ecole de Bijouterie de la rue du Louvre en 2012.<br \/>\nElle d\u00e9bute son activit\u00e9 en 2011 et s\u2019installe dans un atelier collectif d\u2019abord \u00e0 Saint Denis.<br \/>\nD\u00e9sormais elle\u00a0travaille dans un atelier \u00e0 Marseille depuis 2015.<\/p>\n<p>Riche de ces formations compl\u00e9mentaires, l&rsquo;une cr\u00e9ative et l&rsquo;autre technique, et de plusieurs ann\u00e9es au service d&rsquo;une entreprise en tant que maquettiste de bijoux pour la haute couture, Virginie Fantino d\u00e9veloppe une ligne de bijoux uniques r\u00e9alis\u00e9s enti\u00e8rement \u00e0 la main.<\/p>\n<p>Dans son atelier-boutique marseillais, La Manufacture Singuli\u00e8re, Virginie sublime d\u00e9licatement coquilles de noix, noisettes, noyaux de cerise avec<br \/>\nle m\u00e9tal pr\u00e9cieux.<br \/>\nUne rencontre avec un \u00e9l\u00e9ment naturel, brut, primitif face \u00e0 un m\u00e9tal travaill\u00e9.<br \/>\nIl est fa\u00e7onn\u00e9, sci\u00e9, lim\u00e9 en totale osmose avec<br \/>\nla forme naturelle qu&rsquo;il accompagne.<br \/>\nChaque bijou est alors unique.<br \/>\n.<\/p>\n<p>Les bijoux uniques et fait \u00e0 la main de Virginie Fantino r\u00e9sultent d&rsquo;un r\u00e9el\u00a0savoir faire artisanal.<br \/>\nVirginie travaille diff\u00e9rents m\u00e9taux comme le laiton dor\u00e9 \u00e0 l&rsquo;or fin 24 carats, l&rsquo;argent ou l&rsquo;or sur commande.<br \/>\nLe m\u00e9tal est sci\u00e9, lim\u00e9, mis en forme, soud\u00e9 pour suivre les id\u00e9es originales et novatrices de la cr\u00e9atrice.<\/p>\n<p>&nbsp;<\/p>\n<p>&nbsp;<\/p>\n<p>Des bijoux uniques<br \/>\nVirginie Fantino cr\u00e9e des bijoux d&rsquo;inspiration v\u00e9g\u00e9tale o\u00f9 le m\u00e9tal se lie aux \u00e9corces de fruits. Une rencontre avec un \u00e9l\u00e9ment naturel, brut, primitif face \u00e0 un m\u00e9tal travaill\u00e9.<br \/>\nLe m\u00e9tal est fa\u00e7onn\u00e9, sci\u00e9, lim\u00e9 en totale osmose avec la forme naturelle qu&rsquo;il accompagne. Chaque bijou est alors unique.<\/p>\n<p>&nbsp;<\/p>\n<p>Vous d\u00e9couvrirez ici les bijoux sensibles et novateurs de la cr\u00e9atrice Virginie Fantino.<\/p>\n<p>La\u00a0bijouti\u00e8re travaille le laiton dor\u00e9 \u00e0 l\u2019or fin 24 carats, l&rsquo;or, l&rsquo;argent ainsi que des mat\u00e9riaux naturels comme la coquille de noix, de noisette, les noyaux de p\u00e8che, de cerise, p\u00e9pin de raisin&#8230;<\/p>\n<p>&nbsp;<\/p>\n<p>Tous les bijoux\u00a0sont soigneusement r\u00e9alis\u00e9s \u00e0 la main par la bijouti\u00e8re dans son atelier marseillais.\u00a0Ils\u00a0sont donc 100% fait \u00e0 la main en France avec tout son amour et son savoir faire.\u00a0Elle utilise des techniques de bijouterie classique, comme le d\u00e9coupe au bocfil, la mise en\u00a0forme, la\u00a0 soudure, le polissage.\u00a0Elle travaille principalement\u00a0le m\u00e9tal en feuille qu&rsquo;elle transforme.\u00a0La cr\u00e9atrice s&rsquo;est appropri\u00e9e ces nobles techniques artisanales et les utilisent\u00a0au service de cr\u00e9ations contemporaines.<\/p>\n<p>Virginie\u00a0a \u00e0 coeur de cr\u00e9er des collections de bijoux intemporels et \u00e9l\u00e9gants. Ses pi\u00e8ces sont de petits talismans qui mettent en valeur la nature, votre nature.<\/p>\n<p>Les pi\u00e8ces de la cr\u00e9atrice sont un hommage \u00e0 la nature, au corps, \u00e0 la vie.<\/p>\n<p>Bijoux sur mesure<br \/>\nAlliances<br \/>\nPi\u00e8ces uniques<br \/>\nBijoux naturels<br \/>\nCoquille de noix<br \/>\nCoquille de noisette<br \/>\nNoyau de cerise<br \/>\nNoyau d&rsquo;olive<br \/>\nNoyau de p\u00eache<br \/>\nNoyaux de p\u00eache plate<br \/>\nP\u00e9pins de raisin<\/p>\n<p>&nbsp;<\/p>\n<p>&nbsp;<\/p>\n<p>&nbsp;<\/p>\n<p>&nbsp;<\/p>","protected":false},"excerpt":{"rendered":"<p>Originaire de Nice, Virginie Fantino a fait ses classes \u00e0 Paris \u00e0 l&rsquo;ENSAAMA et \u00e0 la BJOP. Elle commence avec un Dipl\u00f4me des M\u00e9tiers d&rsquo;Art en\u00a0\u00ab\u00a0sculpture appliqu\u00e9e au m\u00e9tal\u00a0\u00bb \u00e0 l&rsquo;Ecole Nationale Sup\u00e9rieure d&rsquo;Arts Appliqu\u00e9s et des M\u00e9tiers d&rsquo;Art Olivier de Serres en 2010. Pour finir ses \u00e9tudes autour de la bijouterie avec un Certificat [&hellip;]<\/p>","protected":false},"featured_media":0,"template":"","meta":[],"product_cat":[21],"product_tag":[],"_links":{"self":[{"href":"https:\/\/www.grintoura.fr\/en\/wp-json\/wp\/v2\/product\/7938"}],"collection":[{"href":"https:\/\/www.grintoura.fr\/en\/wp-json\/wp\/v2\/product"}],"about":[{"href":"https:\/\/www.grintoura.fr\/en\/wp-json\/wp\/v2\/types\/product"}],"wp:attachment":[{"href":"https:\/\/www.grintoura.fr\/en\/wp-json\/wp\/v2\/media?parent=7938"}],"wp:term":[{"taxonomy":"product_cat","embeddable":true,"href":"https:\/\/www.grintoura.fr\/en\/wp-json\/wp\/v2\/product_cat?post=7938"},{"taxonomy":"product_tag","embeddable":true,"href":"https:\/\/www.grintoura.fr\/en\/wp-json\/wp\/v2\/product_tag?post=7938"}],"curies":[{"name":"wp","href":"https:\/\/api.w.org\/{rel}","templated":true}]}}