	
	
	
	
{"id":7912,"date":"2023-11-12T17:50:31","date_gmt":"2023-11-12T16:50:31","guid":{"rendered":"https:\/\/www.grintoura.fr\/product\/atelier-la-bihe-teinture-naturelle-shibori-pliage\/"},"modified":"2023-11-12T17:50:31","modified_gmt":"2023-11-12T16:50:31","slug":"atelier-la-bihe-teinture-naturelle-shibori-pliage","status":"publish","type":"product","link":"https:\/\/www.grintoura.fr\/en\/product\/atelier-la-bihe-teinture-naturelle-shibori-pliage\/","title":{"rendered":"ATELIER LA B\u00ceHE \u2013 TEINTURE NATURELLE SHIBORI PLIAGE"},"content":{"rendered":"<p>1 Rue du G\u00e9n\u00e9ral de Gaulle, 67450 Mundolsheim<br \/>\nroxanefilser@gmail.com<br \/>\n+33749247439<\/p>\n<p>&nbsp;<\/p>\n<p>Dans mon atelier, se rencontrent trois techniques anciennes d&rsquo;ennoblissement de textile, la teinture naturelle, le shibori et le pliage. A elles trois, elles vont sublimer; \u00ab\u00a0ennoblir\u00a0\u00bb le lin, tiss\u00e9 dans les Vosges, terre de textile et de mon enfance.<br \/>\nJ&rsquo;aime cette mati\u00e8re, la former et la d\u00e9former. La regarder se mouvoir et se transformer au gr\u00e9 des diff\u00e9rentes \u00e9tapes.<\/p>\n<p>La teinture naturelle provient de racines, de baies, d&rsquo;\u00e9corces de diff\u00e9rentes fleurs et plantes tinctoriales mais \u00e9galement de champignons, de lychens et d&rsquo;insectes. Ces colorants naturels offrent une palette de couleurs infinies gr\u00e2ce \u00e0 diff\u00e9rentes alchimies cr\u00e9es dans le bain de teinture. Avec elle, je travaille des couleurs profondes pour apporter un aspect immersif \u00e0 l&rsquo;ouvrage.<\/p>\n<p>En parall\u00e8le, je manipule le textile pour obtenir de multiples effets.<\/p>\n<p>Le shibori consiste \u00e0 effectuer des zones de r\u00e9serves par des n\u0153uds, des points de coutures, des pliages et des ligatures. C&rsquo;est une technique ancestrale d&rsquo;ennoblissement de textile. Il provient du Japon. Cette technique a la particularit\u00e9 d&rsquo;offrir un r\u00e9sultat unique. Il y a toujours une part non ma\u00eetris\u00e9e qui se joue lors de l&rsquo;immersion du textile dans le bain de teinture. Le shibori me permet d&rsquo;imaginer des nuances et des jeux d&rsquo;entrelacs sur sur le tissu.<\/p>\n<p>Le pliage r\u00e9alis\u00e9 \u00e0 la main et maintenu par des points de coutures permet des cr\u00e9ations tout en volume. Cette technique vient explorer les diff\u00e9rentes facettes de cette mati\u00e8re: le lin. C&rsquo;est un processus dans lequel le rapport au temps est totalement modifi\u00e9. \u00a0L&rsquo;implication est totale. Que ce soit la teinture, le shibori ou le pliage, chacune de ces techniques est une ode \u00e0 la lenteur et m&rsquo;offrent un espace d&rsquo;expression de la toile blanche \u00e0 l&rsquo;ouvrage fini.<\/p>\n<p>&nbsp;<\/p>\n<p><strong>Les ateliers\u00a0<\/strong><br \/>\nVenez vous immerger dans l&rsquo;univers de la teinture naturelle au cours d&rsquo;une journ\u00e9e dans mon atelier.<\/p>\n<p>Groupe de 3 \u00e0 4 personnes. Atelier programm\u00e9 ou sur demande.<\/p>\n<p>&nbsp;<\/p>\n<p><em>Atelier Indigo &#8211; Shibori<\/em><\/p>\n<p>A la d\u00e9couverte de ce monde bleu.<br \/>\nAu programme de cet atelier, le montage d&rsquo;une cuve d&rsquo;indigo et l&rsquo;apprentissage de diff\u00e9rentes techniques de shibori.<br \/>\nTechnique ancestrale japonaise de r\u00e9serves \u00e0 partir de points de couture, de ligatures, de pliages et de noeuds.<\/p>\n<p><em>Atelier D\u00e9couverte de la teinture naturelle<\/em><\/p>\n<p>Au cours de cette journ\u00e9e, vous r\u00e9alisez un nuancier sur diff\u00e9rentes fibres et \u00e0 partir de diff\u00e9rentes plantes.<\/p>\n<p>&nbsp;<\/p>\n<p><em>Atelier Cr\u00e9ation Textile<\/em><\/p>\n<p>Au cours de cette journ\u00e9e, vous concevez votre \u00e9tole en explorant des techniques d&rsquo;ennoblissement.<br \/>\nEt votre magie op\u00e8re sur une \u00e9tole de lin tiss\u00e9 dans les Vosges.<\/p>\n<p>&nbsp;<\/p>","protected":false},"excerpt":{"rendered":"<p>1 Rue du G\u00e9n\u00e9ral de Gaulle, 67450 Mundolsheim roxanefilser@gmail.com +33749247439 &nbsp; Dans mon atelier, se rencontrent trois techniques anciennes d&rsquo;ennoblissement de textile, la teinture naturelle, le shibori et le pliage. A elles trois, elles vont sublimer; \u00ab\u00a0ennoblir\u00a0\u00bb le lin, tiss\u00e9 dans les Vosges, terre de textile et de mon enfance. J&rsquo;aime cette mati\u00e8re, la former [&hellip;]<\/p>","protected":false},"featured_media":0,"template":"","meta":[],"product_cat":[21],"product_tag":[],"_links":{"self":[{"href":"https:\/\/www.grintoura.fr\/en\/wp-json\/wp\/v2\/product\/7912"}],"collection":[{"href":"https:\/\/www.grintoura.fr\/en\/wp-json\/wp\/v2\/product"}],"about":[{"href":"https:\/\/www.grintoura.fr\/en\/wp-json\/wp\/v2\/types\/product"}],"wp:attachment":[{"href":"https:\/\/www.grintoura.fr\/en\/wp-json\/wp\/v2\/media?parent=7912"}],"wp:term":[{"taxonomy":"product_cat","embeddable":true,"href":"https:\/\/www.grintoura.fr\/en\/wp-json\/wp\/v2\/product_cat?post=7912"},{"taxonomy":"product_tag","embeddable":true,"href":"https:\/\/www.grintoura.fr\/en\/wp-json\/wp\/v2\/product_tag?post=7912"}],"curies":[{"name":"wp","href":"https:\/\/api.w.org\/{rel}","templated":true}]}}