	
	
	
	
{"id":7876,"date":"2023-11-12T14:02:08","date_gmt":"2023-11-12T13:02:08","guid":{"rendered":"https:\/\/www.grintoura.fr\/product\/frederic-mulatier-rencontre-de-la-terre-et-de-la-vannerie\/"},"modified":"2023-11-12T14:02:08","modified_gmt":"2023-11-12T13:02:08","slug":"frederic-mulatier-rencontre-de-la-terre-et-de-la-vannerie","status":"publish","type":"product","link":"https:\/\/www.grintoura.fr\/en\/product\/frederic-mulatier-rencontre-de-la-terre-et-de-la-vannerie\/","title":{"rendered":"Fr\u00e9d\u00e9ric Mulatier, Rencontre de la Terre et de la Vannerie"},"content":{"rendered":"<p>Tel : +33 (0) 6 50 64 68 80<\/p>\n<p>Email :\u00a0fredericmulatier@gmail.com<\/p>\n<p>\u200b1621 Les Juliennes<\/p>\n<p>07110 Chassiers &#8211; FRANCE<\/p>\n<p>&nbsp;<\/p>\n<p><strong>Ma\u00a0d\u00e9marche artistique<\/strong><\/p>\n<p><em>Origines<\/em><\/p>\n<p>Une l\u00e9gende que je croyais avoir \u00e9crite : L&rsquo;histoire des premi\u00e8res poteries, n\u00e9es du hasard et de la rencontre de la terre et de la vannerie.<\/p>\n<p><em>La l\u00e9gende<\/em><\/p>\n<p>Nos\u00a0tr\u00e8s lointains anc\u00eatres confectionnaient des paniers, des\u00a0corbeilles, utiles pour leur cueillette. A force d&rsquo;\u00eatre pos\u00e9es et pos\u00e9es \u00e0 nouveau \u00e0 m\u00eame le sol, leurs vanneries se tapissaient de boue, de terre. S&rsquo;apercevant qu&rsquo;une fois s\u00e8che cette argile occultait leur ouvrage, il utilis\u00e8rent ces premiers r\u00e9cipients de\u00a0v\u00e9g\u00e9tal et de terre pour prot\u00e9ger leurs r\u00e9serves de la lumi\u00e8re, du froid, &#8230; de l&rsquo;ext\u00e9rieur.<\/p>\n<p>Puis le feu appar\u00fbt&#8230; Un panier, enduit de terre se retrouva pr\u00e8s des flammes. La premi\u00e8re poterie \u00e9tait n\u00e9e. Nos anc\u00eatres comprirent bien vite l&rsquo;utilit\u00e9 de cette terre cuite. La vannerie associ\u00e9e au hasard et \u00e0 l&rsquo;ing\u00e9niosit\u00e9 de l&rsquo;homme avait permis cette naissance&#8230;<\/p>\n<p><em>V\u00e9rit\u00e9s arch\u00e9ologiques<\/em><\/p>\n<p>De lectures en rencontres, il devint \u00e9vident que \u00ab\u00a0ma\u00a0\u00bb l\u00e9gende n&rsquo;en n&rsquo;\u00e9tait pas une. Magali Cullin, chercheuse au CNRS me fit parvenir nombre de documents et d&rsquo;\u00e9tudes scientifiques attestant ou relatant la r\u00e9alit\u00e9 originelle qui liait, \u00e0 certaines \u00e9poques et dans plusieurs parties du monde, le tressage et la terre. La l\u00e9gende devenait r\u00e9alit\u00e9.<\/p>\n<p>\u200b<\/p>\n<p><em>Conjuguer le pass\u00e9 au futur<\/em><\/p>\n<p>\u200b<\/p>\n<p>Fouiller les m\u00e9moires enfouies<\/p>\n<p>R\u00e9v\u00e9ler les secrets oubli\u00e9s<\/p>\n<p>Rappeler l&rsquo;intelligence des hommes mus par le besoin de vie, n\u00e9cessit\u00e9 d&rsquo;inventer<\/p>\n<p>Honorer les mains qui, des tr\u00e9fonds du temps, ont cr\u00e9\u00e9 le lien entre esprit et objet.<\/p>\n<p>Rendre au tressage une partie de son histoire, fossilis\u00e9e dans des fragments d\u00e9terr\u00e9s<\/p>\n<p>Inverser les logiques<\/p>\n<p>Les oublier<\/p>\n<p>Oser les impossibles<\/p>\n<p>Ecrire, dessiner les empreintes du pass\u00e9<\/p>\n<p>Pour que demain se souvienne<\/p>\n<p>Attirer les p\u00f4les oppos\u00e9s<\/p>\n<p>Les unir en une fusion singuli\u00e8re<\/p>\n<p>D\u00e9couvrir des ailleurs inconnus,<\/p>\n<p>Les inventer<\/p>\n<p>T\u00e9moigner<\/p>\n<p>Pour que l&rsquo;espoir vive et grandisse.<\/p>\n<p>\u200b<\/p>\n<p>\u00ab\u00a0La m\u00e9moire est\u00a0l&rsquo;avenir du pass\u00e9\u00a0\u00bb &#8211; Paul Val\u00e9ry<\/p>\n<p>\u200b<\/p>\n<p>&nbsp;<\/p>","protected":false},"excerpt":{"rendered":"<p>Tel : +33 (0) 6 50 64 68 80 Email :\u00a0fredericmulatier@gmail.com \u200b1621 Les Juliennes 07110 Chassiers &#8211; FRANCE &nbsp; Ma\u00a0d\u00e9marche artistique Origines Une l\u00e9gende que je croyais avoir \u00e9crite : L&rsquo;histoire des premi\u00e8res poteries, n\u00e9es du hasard et de la rencontre de la terre et de la vannerie. La l\u00e9gende Nos\u00a0tr\u00e8s lointains anc\u00eatres confectionnaient des [&hellip;]<\/p>","protected":false},"featured_media":0,"template":"","meta":[],"product_cat":[21],"product_tag":[],"_links":{"self":[{"href":"https:\/\/www.grintoura.fr\/en\/wp-json\/wp\/v2\/product\/7876"}],"collection":[{"href":"https:\/\/www.grintoura.fr\/en\/wp-json\/wp\/v2\/product"}],"about":[{"href":"https:\/\/www.grintoura.fr\/en\/wp-json\/wp\/v2\/types\/product"}],"wp:attachment":[{"href":"https:\/\/www.grintoura.fr\/en\/wp-json\/wp\/v2\/media?parent=7876"}],"wp:term":[{"taxonomy":"product_cat","embeddable":true,"href":"https:\/\/www.grintoura.fr\/en\/wp-json\/wp\/v2\/product_cat?post=7876"},{"taxonomy":"product_tag","embeddable":true,"href":"https:\/\/www.grintoura.fr\/en\/wp-json\/wp\/v2\/product_tag?post=7876"}],"curies":[{"name":"wp","href":"https:\/\/api.w.org\/{rel}","templated":true}]}}