	
	
	
	
{"id":7868,"date":"2023-11-12T10:23:47","date_gmt":"2023-11-12T09:23:47","guid":{"rendered":"https:\/\/www.grintoura.fr\/product\/camille-goutard-bijoux-contemporains\/"},"modified":"2023-11-12T10:23:47","modified_gmt":"2023-11-12T09:23:47","slug":"camille-goutard-bijoux-contemporains","status":"publish","type":"product","link":"https:\/\/www.grintoura.fr\/en\/product\/camille-goutard-bijoux-contemporains\/","title":{"rendered":"Camille Goutard, Bijoux contemporains"},"content":{"rendered":"<p>Durant mes \u00e9tudes en Design de Mode et hautes technologies textiles, je tombe amoureuse du travail du m\u00e9tal de mani\u00e8re autodidacte. Une fois ma licence en poche et apr\u00e8s plusieurs stages dans le milieu du bijou et de la mode, je lance ma marque en mai 2014. J&rsquo;exerce depuis cette activit\u00e9 au coeur de la ville de Strasbourg.<\/p>\n<p>L&rsquo;architecture et le design nourrissent mon travail tout au long de mes collections. Les inspirations emprunt\u00e9es \u00e0 l&rsquo;art d\u00e9co, au bauhaus et aux bijoux antiques se m\u00ealent dans une relecture minimaliste faisant la part belle aux lignes et \u00e0 la g\u00e9om\u00e9trie. Je vois mes bijoux \u00e0 la fois comme de petites architectures portables et des talismans contemporains.<\/p>\n<p>Toute la production est r\u00e9alis\u00e9e en France et majoritairement fabriqu\u00e9e dans mon atelier\/boutique (13 rue ste Madeleine, Strasbourg). J&rsquo;y dessine, coupe, soude, lime, poli et vends mes mod\u00e8les sur place. Les plaquages or ainsi que les tirages en fonte n\u00e9cessaires pour certains mod\u00e8les sont tous r\u00e9alis\u00e9s en France. Je privil\u00e9gie les circuits courts ainsi qu&rsquo;une production fran\u00e7aise et artisanale pour offrir une qualit\u00e9 en ad\u00e9quation avec mes valeurs.<\/p>\n<p>Dans une d\u00e9marche \u00e9co-responsable, je propose un service de nettoyage, polissage et de r\u00e9paration des bijoux achet\u00e9s en magasin ou sur l&rsquo;eshop pour que votre bijou puisse vous accompagner tout au long de votre vie \ud83d\ude42<\/p>\n<p>\/ After studying fashion design and textile technology, I learned how to work with metal by myself and started my own brand in May 2014. I take inspiration from architecture, Art D\u00e9co, Bauhaus and modernists.<br \/>\nAll the production is made in France in my workshop\/ boutique. Each piece is cut, soldered and polish there in the traditional jeweler way.<\/p>","protected":false},"excerpt":{"rendered":"<p>Durant mes \u00e9tudes en Design de Mode et hautes technologies textiles, je tombe amoureuse du travail du m\u00e9tal de mani\u00e8re autodidacte. Une fois ma licence en poche et apr\u00e8s plusieurs stages dans le milieu du bijou et de la mode, je lance ma marque en mai 2014. J&rsquo;exerce depuis cette activit\u00e9 au coeur de la [&hellip;]<\/p>","protected":false},"featured_media":0,"template":"","meta":[],"product_cat":[21],"product_tag":[],"_links":{"self":[{"href":"https:\/\/www.grintoura.fr\/en\/wp-json\/wp\/v2\/product\/7868"}],"collection":[{"href":"https:\/\/www.grintoura.fr\/en\/wp-json\/wp\/v2\/product"}],"about":[{"href":"https:\/\/www.grintoura.fr\/en\/wp-json\/wp\/v2\/types\/product"}],"wp:attachment":[{"href":"https:\/\/www.grintoura.fr\/en\/wp-json\/wp\/v2\/media?parent=7868"}],"wp:term":[{"taxonomy":"product_cat","embeddable":true,"href":"https:\/\/www.grintoura.fr\/en\/wp-json\/wp\/v2\/product_cat?post=7868"},{"taxonomy":"product_tag","embeddable":true,"href":"https:\/\/www.grintoura.fr\/en\/wp-json\/wp\/v2\/product_tag?post=7868"}],"curies":[{"name":"wp","href":"https:\/\/api.w.org\/{rel}","templated":true}]}}