	
	
	
	
{"id":7842,"date":"2023-11-12T09:20:18","date_gmt":"2023-11-12T08:20:18","guid":{"rendered":"https:\/\/www.grintoura.fr\/product\/yann-marot-tourneur-sur-bois\/"},"modified":"2023-11-12T09:21:58","modified_gmt":"2023-11-12T08:21:58","slug":"yann-marot-tourneur-sur-bois","status":"publish","type":"product","link":"https:\/\/www.grintoura.fr\/en\/product\/yann-marot-tourneur-sur-bois\/","title":{"rendered":"Yann Marot, tourneur sur bois"},"content":{"rendered":"<p>Yann Marot<br \/>\n113 Chemin des Ribias &#8211;\u00a083630 AUPS<br \/>\nFRANCE<br \/>\nT\u00e9l\u00e9phone\u00a0: +33\u00a0(0)7 81 07 25 26<br \/>\nMail : y.marot@free.fr<\/p>\n<p>Visites sur RDV uniquement<\/p>\n<p>&nbsp;<\/p>\n<p>N\u00c9 EN MAYENNE EN 1974<br \/>\nJ\u2019ai toujours \u00e9t\u00e9 attir\u00e9 par le bois et toutes les possibilit\u00e9s de cr\u00e9ation qu\u2019il offre. Parall\u00e8lement \u00e0 mes \u00e9tudes qui m\u2019ont amen\u00e9 \u00e0 obtenir un dipl\u00f4me d\u2019Ing\u00e9nieur du Bois, j\u2019ai suivi des cours du soir de sculpture. Par ricochet, je suis venu vers le tour et j\u2019ai d\u00e9cid\u00e9 d\u2019apprendre le m\u00e9tier de tourneur sur bois (avec passion cette fois). J\u2019ai surtout d\u00e9couvert les diff\u00e9rentes facettes du tournage : traditionnel, production de pi\u00e8ces utilitaires, cr\u00e9ation. Cette diversit\u00e9 m\u2019a s\u00e9duit d\u2019embl\u00e9e.<\/p>\n<p>C\u2019est gr\u00e2ce \u00e0 la rencontre de l\u2019AFTAB (association fran\u00e7aise pour la promotion du tournage d&rsquo;art sur bois) et de Jean-Fran\u00e7ois ESCOULEN que j\u2019ai pu suivre des stages professionnels avec de nombreux tourneurs fran\u00e7ais et internationaux\u2026 Je continue \u00e0 suivre des stages professionnels chaque ann\u00e9e.<\/p>\n<p>J\u2019ai cr\u00e9\u00e9 mon atelier en 2002 et durant les dix premi\u00e8res ann\u00e9es pendant lesquelles j\u2019ai appris mon m\u00e9tier d\u2019artisan tourneur sur bois, j\u2019ai partag\u00e9 mon temps entre le tournage pour l\u2019\u00e9b\u00e9nisterie, la production et la cr\u00e9ation de pi\u00e8ces. Un travail qui demande une grande rigueur technique et un autre qui, en plus, permet de se laisser aller vers un imaginaire plus personnel. Je vous laisse le d\u00e9couvrir. J\u2019aime aussi passionn\u00e9ment la transmission du geste et en janvier 2014 j\u2019ai emm\u00e9nag\u00e9 dans le Var pour rejoindre l&rsquo;\u00e9quipe de formation de l&rsquo;\u00e9cole Escoulen. Je suis le formateur principal de l&rsquo;\u00e9cole et l\u2019enseignement par la pratique repr\u00e9sente la moiti\u00e9 de mon activit\u00e9.<\/p>\n<p>Pour le reste, je travaille seul dans mon atelier. Ces derni\u00e8res ann\u00e9es, mes recherches se sont surtout port\u00e9es sur le tournage du figuier frais. Les spectaculaires d\u00e9formations qui accompagnent le s\u00e9chage de ce bois me fascinent. Alors je joue.<\/p>\n<p>Le tournage m\u2019a aussi donn\u00e9 l\u2019occasion de voyager autour du monde et c\u2019est une des plus belles choses qui me soient arriv\u00e9es.<\/p>\n<p>&nbsp;<\/p>\n<p>SIMPLICIT\u00c9<br \/>\nEn perp\u00e9tuelle recherche de la simplicit\u00e9, mon travail se caract\u00e9rise par des lignes tendues, des formes \u00e9pur\u00e9es, de fines textures. Technicien rigoureux, je guette l&rsquo;\u00e9motion provoqu\u00e9e par les courbes simples dont mon \u0153il se nourrit quotidiennement.<\/p>\n<p>&nbsp;<\/p>\n<p>LA COURBE EST UNE \u00c9MOTION.<br \/>\nMon imaginaire est peupl\u00e9 de bols cord\u00e9s, de formes organiques, de pi\u00e8ces parfois sculpt\u00e9es, souvent tourn\u00e9es. Mes cr\u00e9ations parlent de l&rsquo;arbre, de son v\u00e9cu : la d\u00e9formation du bois vert obtenue\u00a0 apr\u00e8s s\u00e9chage est une seconde vie. Je peux l\u2019anticiper mais je ne la ma\u00eetrise pas, elle me fascine.<\/p>\n<p>Il y a ma main bien s\u00fbr, mais aussi le bois, son histoire&#8230; lorsque la s\u00e8ve battait encore dans ses veines.<\/p>\n<p>&nbsp;<\/p>","protected":false},"excerpt":{"rendered":"<p>Yann Marot 113 Chemin des Ribias &#8211;\u00a083630 AUPS FRANCE T\u00e9l\u00e9phone\u00a0: +33\u00a0(0)7 81 07 25 26 Mail : y.marot@free.fr Visites sur RDV uniquement &nbsp; N\u00c9 EN MAYENNE EN 1974 J\u2019ai toujours \u00e9t\u00e9 attir\u00e9 par le bois et toutes les possibilit\u00e9s de cr\u00e9ation qu\u2019il offre. Parall\u00e8lement \u00e0 mes \u00e9tudes qui m\u2019ont amen\u00e9 \u00e0 obtenir un dipl\u00f4me d\u2019Ing\u00e9nieur [&hellip;]<\/p>","protected":false},"featured_media":0,"template":"","meta":[],"product_cat":[21],"product_tag":[],"_links":{"self":[{"href":"https:\/\/www.grintoura.fr\/en\/wp-json\/wp\/v2\/product\/7842"}],"collection":[{"href":"https:\/\/www.grintoura.fr\/en\/wp-json\/wp\/v2\/product"}],"about":[{"href":"https:\/\/www.grintoura.fr\/en\/wp-json\/wp\/v2\/types\/product"}],"wp:attachment":[{"href":"https:\/\/www.grintoura.fr\/en\/wp-json\/wp\/v2\/media?parent=7842"}],"wp:term":[{"taxonomy":"product_cat","embeddable":true,"href":"https:\/\/www.grintoura.fr\/en\/wp-json\/wp\/v2\/product_cat?post=7842"},{"taxonomy":"product_tag","embeddable":true,"href":"https:\/\/www.grintoura.fr\/en\/wp-json\/wp\/v2\/product_tag?post=7842"}],"curies":[{"name":"wp","href":"https:\/\/api.w.org\/{rel}","templated":true}]}}