	
	
	
	
{"id":7828,"date":"2023-11-11T18:27:04","date_gmt":"2023-11-11T17:27:04","guid":{"rendered":"https:\/\/www.grintoura.fr\/product\/fournil-kristof-artisan-boulanger\/"},"modified":"2024-03-04T13:22:14","modified_gmt":"2024-03-04T12:22:14","slug":"fournil-kristof-artisan-boulanger","status":"publish","type":"product","link":"https:\/\/www.grintoura.fr\/en\/product\/fournil-kristof-artisan-boulanger\/","title":{"rendered":"Fournil Kristof \u2013 Artisan boulanger"},"content":{"rendered":"<p>2 RUELLE DES PELLETIERS<br \/>\n67000 STRASBOURG<br \/>\nT\u00c9L. : 06 74 42 40 19<br \/>\nDU MARDI AU SAMEDI<br \/>\nDE 7:00 \u00c0 19:00<\/p>\n<p>Situ\u00e9 au 2 ruelle des pelletiers \u00e0 Strasbourg, \u00e0 deux pas de la place Kl\u00e9ber et de la rue des grandes arcades, vous y retrouverez tous nos pains bio au levain naturel, nos viennoiseries, brioches et kougelhopfs ainsi que des sandwichs et tartines de saison pour casser la cro\u00fbte.<br \/>\nAvec toujours en toile de fond la recherche du bon, et un int\u00e9r\u00eat certain pour le sain, le naturel, le qualitatif et le durable, la boutique du Fournil Kristof est con\u00e7u comme un lieu de proximit\u00e9 \u00e0 l\u2019ambiance simple et chaleureuse, propice au partage et \u00e0 l\u2019\u00e9change.<\/p>\n<p>Nous serons ravis de vous y accueillir pour vous y faire d\u00e9couvrir ou red\u00e9couvrir l\u2019ensemble de notre gamme de pains et viennoiseries biologiques enrichie de propositions et de cr\u00e9ations au fil des envies et des saisons.<\/p>\n<p>&nbsp;<\/p>\n<p>DES INGR\u00c9DIENTS BIOLOGIQUES\u00a0DE GRANDE QUALIT\u00c9<\/p>\n<p>Pour garantir la qualit\u00e9 de nos pains et de nos diff\u00e9rents produits, nous apportons un tr\u00e8s grand soin dans la s\u00e9lection de nos mati\u00e8res premi\u00e8res. Tous nos produits sont certifi\u00e9s par Ecocert (agriculture biologique) et 100% des ingr\u00e9dients que nous utilisons sont issus de l\u2019agriculture biologique.<br \/>\nNous avons s\u00e9lectionn\u00e9 des producteurs consciencieux, capables de nous proposer des produits de grande qualit\u00e9, des producteurs respectueux de leur terre et des hommes. Nous les connaissons personellement et effectuons des visites sur leurs exploitations r\u00e9guli\u00e8rement.<\/p>\n<p>&nbsp;<\/p>\n<p>LES FARINES<\/p>\n<p>Farines de bl\u00e9 et d&rsquo;\u00e9peautre certifi\u00e9es agriculture bio-dynamique du Domaine Bingert \u00e0 Erstein (67).<br \/>\nFarine de seigle certifi\u00e9e agriculture bio-dynamique du meunier Grether \u00e0 Sulzburg en Allemagne.<br \/>\nFarines de petit \u00e9peautre, riz, millet et sarrasin certifi\u00e9es agriculture biologique du Moulin Pichard \u00e0 Malijai (04).<br \/>\nFarine de chataigne certifi\u00e9e agriculture biologique de l&rsquo;entreprise Petite Chataigne \u00e0 Genestelle (07).<\/p>\n<p>LES AUTRES INGR\u00c9DIENTS :<\/p>\n<p>Oeufs certifi\u00e9s agriculture biologique de la Ferme Richart \u00e0 Roppentzwiller (68).<br \/>\nLaitages et fruits frais certifi\u00e9s agriculture biologique de la SCOT \u00ab\u00a0La Cigogne\u00a0\u00bb \u00e0 Weyersheim (67).<br \/>\nFruits sec et graines certifi\u00e9s agriculture biologique de l&rsquo;entreprise Keramis, filiale de Rapunzel (84).<br \/>\nNoix certifi\u00e9es agriculture biologique de la productrice Karen Garavel \u00e0 Morette (38).<br \/>\nSel marin non rafin\u00e9 certifi\u00e9 agriculture biologique de Gu\u00e9rande (44).<br \/>\nEau locale purifi\u00e9e \u00e0 l&rsquo;aide d&rsquo;un syst\u00e8me de filtartion \u00e0 charbon actif et de vivificateur.<\/p>\n<p>&nbsp;<\/p>","protected":false},"excerpt":{"rendered":"<p>2 RUELLE DES PELLETIERS 67000 STRASBOURG T\u00c9L. : 06 74 42 40 19 DU MARDI AU SAMEDI DE 7:00 \u00c0 19:00 Situ\u00e9 au 2 ruelle des pelletiers \u00e0 Strasbourg, \u00e0 deux pas de la place Kl\u00e9ber et de la rue des grandes arcades, vous y retrouverez tous nos pains bio au levain naturel, nos viennoiseries, [&hellip;]<\/p>","protected":false},"featured_media":0,"template":"","meta":[],"product_cat":[21],"product_tag":[],"_links":{"self":[{"href":"https:\/\/www.grintoura.fr\/en\/wp-json\/wp\/v2\/product\/7828"}],"collection":[{"href":"https:\/\/www.grintoura.fr\/en\/wp-json\/wp\/v2\/product"}],"about":[{"href":"https:\/\/www.grintoura.fr\/en\/wp-json\/wp\/v2\/types\/product"}],"wp:attachment":[{"href":"https:\/\/www.grintoura.fr\/en\/wp-json\/wp\/v2\/media?parent=7828"}],"wp:term":[{"taxonomy":"product_cat","embeddable":true,"href":"https:\/\/www.grintoura.fr\/en\/wp-json\/wp\/v2\/product_cat?post=7828"},{"taxonomy":"product_tag","embeddable":true,"href":"https:\/\/www.grintoura.fr\/en\/wp-json\/wp\/v2\/product_tag?post=7828"}],"curies":[{"name":"wp","href":"https:\/\/api.w.org\/{rel}","templated":true}]}}