	
	
	
	
{"id":7750,"date":"2023-10-28T06:44:33","date_gmt":"2023-10-28T04:44:33","guid":{"rendered":"https:\/\/www.grintoura.fr\/product\/domaine-maestracci\/"},"modified":"2023-10-28T06:51:09","modified_gmt":"2023-10-28T04:51:09","slug":"domaine-maestracci","status":"publish","type":"product","link":"https:\/\/www.grintoura.fr\/en\/product\/domaine-maestracci\/","title":{"rendered":"Domaine Maestracci"},"content":{"rendered":"<p><strong>NOS VINS<\/strong><br \/>\n<strong>D\u00e9couvrez nos vins en AOP Corse-Calvi :<\/strong><\/p>\n<p>Clos Reginu<br \/>\nE Prove<br \/>\nE Signurine<br \/>\nLes Marottes d&rsquo;Ana\u00efs<br \/>\nVilla Maestracci<br \/>\n<em>Nos raisins et nos vins sont certifi\u00e9s Bio (ECOCERT) et D\u00e9meter.<\/em><\/p>\n<p><strong>Notre histoire<\/strong><\/p>\n<p>La haute vall\u00e9e du REGINU a toujours \u00e9t\u00e9 consid\u00e9r\u00e9e comme un excellent terroir viticole. La vigne, complant\u00e9e sur une ancienne moraine glaci\u00e8re issue du Monte Grossu (1900m), formant une terrasse entre deux talwegs, produisait un vin r\u00e9put\u00e9 au-del\u00e0 de notre r\u00e9gion.<\/p>\n<p><strong>La preuve, l&rsquo;\u00e9preuve<\/strong><br \/>\nL&rsquo;histoire de notre propri\u00e9t\u00e9 familiale d\u00e9bute avec son rachat en 1893 par Pierre-Paul TOMMASINI. Ses filles lui ont succ\u00e9d\u00e9 en tenant la propri\u00e9t\u00e9 d&rsquo;une main de fer, compos\u00e9e alors de vignes et d&rsquo;oliviers.<\/p>\n<p>Elles l&rsquo;ont transmise \u00e0 Roger Maestracci, leur h\u00e9ritier. Roger, dit \u00ab\u00a0le Docteur\u00a0\u00bb agrandit et remembre la propri\u00e9t\u00e9, pour lui donner l&rsquo;allure du domaine tel que nous le connaissons. Il fait planter apr\u00e8s-guerre, les premi\u00e8res parcelles du vignoble actuel.<\/p>\n<p>Le domaine est ensuite exploit\u00e9 et commercialement d\u00e9velopp\u00e9 par Dominique et Michel Raoust, fille et gendre de Roger.<\/p>\n<p>C&rsquo;est tout naturellement qu&rsquo;en 2014, leur fille, Camille-Ana\u00efs a repris les r\u00eanes du domaine. Elle l&rsquo;a depuis converti en agriculture biologique et en biodynamie (Demeter).<\/p>\n<p>Camille-Ana\u00efs valorise ainsi l&rsquo;histoire de ses a\u00efeules, \u00e0 travers notamment la cuv\u00e9e \u00ab\u00a0E Signurine\u00a0\u00bb.<\/p>\n<p>&nbsp;<\/p>\n<p><strong>Venez visiter notre domaine et d\u00e9guster nos vins<\/strong><\/p>\n<p>Nous vous accueillons pour une d\u00e9gustation selon nos horaires d&rsquo;ouverture.<\/p>\n<p>Nous vous accueillons sur rendez-vous pour une visite de cave.<\/p>\n<p><a href=\"\/en\/contact@domaine-maestracci.com\/\">contact@domaine-maestracci.com<\/a>\u00a0 \u00a0 04 95 61 72 11<\/p>\n<p>Venez d\u00e9guster et appr\u00e9cier nos vins et partager notre passion !<\/p>\n<p>Apprenez les bases de la d\u00e9gustation. Vous pourrez reconnaitre et identifier les saveurs et les diff\u00e9rents styles de vins.<\/p>\n<p>Nous pouvons compl\u00e9ter la d\u00e9gustation de vin avec des produits du terroir. N&rsquo;h\u00e9sitez pas \u00e0 nous contacter pour avoir un devis personnalis\u00e9.<\/p>\n<p>Laissez-vous voyager le temps d&rsquo;une d\u00e9gustation avec les vins du Domaine Maestracci.<\/p>\n<p>&nbsp;<\/p>","protected":false},"excerpt":{"rendered":"<p>NOS VINS D\u00e9couvrez nos vins en AOP Corse-Calvi : Clos Reginu E Prove E Signurine Les Marottes d&rsquo;Ana\u00efs Villa Maestracci Nos raisins et nos vins sont certifi\u00e9s Bio (ECOCERT) et D\u00e9meter. Notre histoire La haute vall\u00e9e du REGINU a toujours \u00e9t\u00e9 consid\u00e9r\u00e9e comme un excellent terroir viticole. La vigne, complant\u00e9e sur une ancienne moraine glaci\u00e8re [&hellip;]<\/p>","protected":false},"featured_media":0,"template":"","meta":[],"product_cat":[21],"product_tag":[],"_links":{"self":[{"href":"https:\/\/www.grintoura.fr\/en\/wp-json\/wp\/v2\/product\/7750"}],"collection":[{"href":"https:\/\/www.grintoura.fr\/en\/wp-json\/wp\/v2\/product"}],"about":[{"href":"https:\/\/www.grintoura.fr\/en\/wp-json\/wp\/v2\/types\/product"}],"wp:attachment":[{"href":"https:\/\/www.grintoura.fr\/en\/wp-json\/wp\/v2\/media?parent=7750"}],"wp:term":[{"taxonomy":"product_cat","embeddable":true,"href":"https:\/\/www.grintoura.fr\/en\/wp-json\/wp\/v2\/product_cat?post=7750"},{"taxonomy":"product_tag","embeddable":true,"href":"https:\/\/www.grintoura.fr\/en\/wp-json\/wp\/v2\/product_tag?post=7750"}],"curies":[{"name":"wp","href":"https:\/\/api.w.org\/{rel}","templated":true}]}}