	
	
	
	
{"id":7727,"date":"2023-10-27T22:50:49","date_gmt":"2023-10-27T20:50:49","guid":{"rendered":"https:\/\/www.grintoura.fr\/product\/domaine-orenga-de-gaffory-patrimonio\/"},"modified":"2023-10-27T22:50:49","modified_gmt":"2023-10-27T20:50:49","slug":"domaine-orenga-de-gaffory-patrimonio","status":"publish","type":"product","link":"https:\/\/www.grintoura.fr\/en\/product\/domaine-orenga-de-gaffory-patrimonio\/","title":{"rendered":"Domaine Orenga de Gaffory \u2013 Patrimonio"},"content":{"rendered":"<p><strong>Domaine Orenga de Gaffory \u00e0 Patrimonio<\/strong><\/p>\n<p>Prenez une bonne dose de savoir-faire de nos amoureux des grands vins agr\u00e9ment\u00e9e d\u2019un grain de folie, bienvenue au Domaine Orenga de Gaffory au c\u0153ur de Patrimonio.<\/p>\n<p>&nbsp;<\/p>\n<p>Un savoureux m\u00e9lange d\u2019authenticit\u00e9 et de modernit\u00e9 qui s\u2019\u00e9tend sur 56ha r\u00e9partis sur cinq sites entre les communes de Patrimonio, Saint-Florent, Poggio d\u2019Oletta, Barbaggio et Oletta. Une r\u00e9gion qui ne cesse d\u2019\u00e9tonner par sa beaut\u00e9 captivante et son terroir d\u2019exception. La qualit\u00e9 de nos vins refl\u00e8te la terre d\u2019o\u00f9 ils proviennent, o\u00f9 la nature se fait entendre et la main de l\u2019homme se fait discr\u00e8te. Une v\u00e9ritable volont\u00e9 de pr\u00e9server un terroir unique qui s\u2019exprime aujourd\u2019hui \u00e0 travers le label Bio obtenu en 2019.<\/p>\n<p>&nbsp;<\/p>\n<p>Plus qu\u2019un simple vin, une exp\u00e9rience inoubliable \u2026 un verre, une bonne table et des amis avec qui partager cet instant de simplicit\u00e9 pourtant hors du temps. L\u2019\u00e9l\u00e9gance et la d\u00e9licatesse d\u2019un des plus grands domaines de Patrimonio, le Domaine Orenga de Gaffory vous invite \u00e0 savourer chaque occasion avec un vin de sa collection.<\/p>\n<p>&nbsp;<\/p>\n<p>&nbsp;<\/p>","protected":false},"excerpt":{"rendered":"<p>Domaine Orenga de Gaffory \u00e0 Patrimonio Prenez une bonne dose de savoir-faire de nos amoureux des grands vins agr\u00e9ment\u00e9e d\u2019un grain de folie, bienvenue au Domaine Orenga de Gaffory au c\u0153ur de Patrimonio. &nbsp; Un savoureux m\u00e9lange d\u2019authenticit\u00e9 et de modernit\u00e9 qui s\u2019\u00e9tend sur 56ha r\u00e9partis sur cinq sites entre les communes de Patrimonio, Saint-Florent, [&hellip;]<\/p>","protected":false},"featured_media":0,"template":"","meta":[],"product_cat":[21],"product_tag":[],"_links":{"self":[{"href":"https:\/\/www.grintoura.fr\/en\/wp-json\/wp\/v2\/product\/7727"}],"collection":[{"href":"https:\/\/www.grintoura.fr\/en\/wp-json\/wp\/v2\/product"}],"about":[{"href":"https:\/\/www.grintoura.fr\/en\/wp-json\/wp\/v2\/types\/product"}],"wp:attachment":[{"href":"https:\/\/www.grintoura.fr\/en\/wp-json\/wp\/v2\/media?parent=7727"}],"wp:term":[{"taxonomy":"product_cat","embeddable":true,"href":"https:\/\/www.grintoura.fr\/en\/wp-json\/wp\/v2\/product_cat?post=7727"},{"taxonomy":"product_tag","embeddable":true,"href":"https:\/\/www.grintoura.fr\/en\/wp-json\/wp\/v2\/product_tag?post=7727"}],"curies":[{"name":"wp","href":"https:\/\/api.w.org\/{rel}","templated":true}]}}