	
	
	
	
{"id":7676,"date":"2023-10-27T21:39:41","date_gmt":"2023-10-27T19:39:41","guid":{"rendered":"https:\/\/www.grintoura.fr\/product\/boutique-ephemere-de-noel-les-ateliers-createurs-mittelhausen\/"},"modified":"2023-10-27T21:39:41","modified_gmt":"2023-10-27T19:39:41","slug":"boutique-ephemere-de-noel-les-ateliers-createurs-mittelhausen","status":"publish","type":"product","link":"https:\/\/www.grintoura.fr\/en\/product\/boutique-ephemere-de-noel-les-ateliers-createurs-mittelhausen\/","title":{"rendered":"Boutique Eph\u00e9m\u00e8re de No\u00ebl \u2013 Les ateliers cr\u00e9ateurs Mittelhausen"},"content":{"rendered":"<p><strong>Retrouvez les Artistes, Artisans et Producteurs locaux \u00e0 la Boutique Eph\u00e9m\u00e8re de No\u00ebl \u00e0 Mittelhausen.<\/strong><\/p>\n<p>Les Ateliers Cr\u00e9ateurs prennent place chez Annie Drouard, cr\u00e9atrice de bijoux uniques et intemporels,<\/p>\n<p>les Dimanche 3-10-17 et Samedi 23 d\u00e9cembre,<\/p>\n<p>et tous les jours de la semaine: 10h-12h \/ 14h-18h15 (sauf lundi matin)<\/p>\n<p>&nbsp;<\/p>\n<p>Couronnes de l&rsquo;Avent, livres et albums pour petits et grands, art de la r\u00e9cup&rsquo; et bois flott\u00e9, savons et cosm\u00e9tiques artisanaux et bio, bijoux, cr\u00e9ations tricot\u00e9es, mains en laine, sacs et accessoires, cr\u00e9ations artistiques en carton, personnages en papier m\u00e2ch\u00e9, stylos et objets en bois, tableaux originaux et po\u00e9tiques, bredeles et douceurs de No\u00ebl.<\/p>\n<p>&nbsp;<\/p>","protected":false},"excerpt":{"rendered":"<p>Retrouvez les Artistes, Artisans et Producteurs locaux \u00e0 la Boutique Eph\u00e9m\u00e8re de No\u00ebl \u00e0 Mittelhausen. Les Ateliers Cr\u00e9ateurs prennent place chez Annie Drouard, cr\u00e9atrice de bijoux uniques et intemporels, les Dimanche 3-10-17 et Samedi 23 d\u00e9cembre, et tous les jours de la semaine: 10h-12h \/ 14h-18h15 (sauf lundi matin) &nbsp; Couronnes de l&rsquo;Avent, livres et [&hellip;]<\/p>","protected":false},"featured_media":0,"template":"","meta":[],"product_cat":[21],"product_tag":[],"_links":{"self":[{"href":"https:\/\/www.grintoura.fr\/en\/wp-json\/wp\/v2\/product\/7676"}],"collection":[{"href":"https:\/\/www.grintoura.fr\/en\/wp-json\/wp\/v2\/product"}],"about":[{"href":"https:\/\/www.grintoura.fr\/en\/wp-json\/wp\/v2\/types\/product"}],"wp:attachment":[{"href":"https:\/\/www.grintoura.fr\/en\/wp-json\/wp\/v2\/media?parent=7676"}],"wp:term":[{"taxonomy":"product_cat","embeddable":true,"href":"https:\/\/www.grintoura.fr\/en\/wp-json\/wp\/v2\/product_cat?post=7676"},{"taxonomy":"product_tag","embeddable":true,"href":"https:\/\/www.grintoura.fr\/en\/wp-json\/wp\/v2\/product_tag?post=7676"}],"curies":[{"name":"wp","href":"https:\/\/api.w.org\/{rel}","templated":true}]}}