	
	
	
	
{"id":7465,"date":"2023-10-02T06:55:19","date_gmt":"2023-10-02T04:55:19","guid":{"rendered":"https:\/\/www.grintoura.fr\/product\/la-tribu-de-philia-le-cheval-au-naturel\/"},"modified":"2023-10-05T23:27:53","modified_gmt":"2023-10-05T21:27:53","slug":"la-tribu-de-philia-le-cheval-au-naturel","status":"publish","type":"product","link":"https:\/\/www.grintoura.fr\/en\/product\/la-tribu-de-philia-le-cheval-au-naturel\/","title":{"rendered":"La Tribu de Philia \u2013 Le cheval au Naturel"},"content":{"rendered":"<p>La Tribu de Philia<\/p>\n<p>propose des activit\u00e9s cr\u00e9es sur les bases de l&rsquo;\u00e9quitation \u00e9thologique afin d&rsquo;approfondir vos connaissances et de cr\u00e9er du lien avec le cheval.<\/p>\n<p>latribudephilia@orange.fr<\/p>\n<p><a href=\"https:\/\/www.instagram.com\/la_tribu_de_philia\/\" target=\"_blank\" rel=\"noopener\">https:\/\/www.instagram.com\/la_tribu_de_philia\/<\/a><\/p>\n<p>&nbsp;<\/p>","protected":false},"excerpt":{"rendered":"<p>La Tribu de Philia propose des activit\u00e9s cr\u00e9es sur les bases de l&rsquo;\u00e9quitation \u00e9thologique afin d&rsquo;approfondir vos connaissances et de cr\u00e9er du lien avec le cheval. latribudephilia@orange.fr https:\/\/www.instagram.com\/la_tribu_de_philia\/ &nbsp;<\/p>","protected":false},"featured_media":0,"template":"","meta":[],"product_cat":[21],"product_tag":[],"_links":{"self":[{"href":"https:\/\/www.grintoura.fr\/en\/wp-json\/wp\/v2\/product\/7465"}],"collection":[{"href":"https:\/\/www.grintoura.fr\/en\/wp-json\/wp\/v2\/product"}],"about":[{"href":"https:\/\/www.grintoura.fr\/en\/wp-json\/wp\/v2\/types\/product"}],"wp:attachment":[{"href":"https:\/\/www.grintoura.fr\/en\/wp-json\/wp\/v2\/media?parent=7465"}],"wp:term":[{"taxonomy":"product_cat","embeddable":true,"href":"https:\/\/www.grintoura.fr\/en\/wp-json\/wp\/v2\/product_cat?post=7465"},{"taxonomy":"product_tag","embeddable":true,"href":"https:\/\/www.grintoura.fr\/en\/wp-json\/wp\/v2\/product_tag?post=7465"}],"curies":[{"name":"wp","href":"https:\/\/api.w.org\/{rel}","templated":true}]}}