	
	
	
	
{"id":7442,"date":"2023-09-16T16:52:07","date_gmt":"2023-09-16T14:52:07","guid":{"rendered":"https:\/\/www.grintoura.fr\/product\/elixirs-et-plantes-paysanne-herboriste\/"},"modified":"2023-09-16T21:42:20","modified_gmt":"2023-09-16T19:42:20","slug":"elixirs-et-plantes-paysanne-herboriste","status":"publish","type":"product","link":"https:\/\/www.grintoura.fr\/en\/product\/elixirs-et-plantes-paysanne-herboriste\/","title":{"rendered":"Elixirs et Plantes \u2013 Paysanne herboriste"},"content":{"rendered":"<p>Elixirs et Plantes<br \/>\n1 rue des sapins<br \/>\n67510 Wingen<\/p>\n<p>contact@elixirsetplantes.fr<br \/>\n0666582870<\/p>\n<p>&nbsp;<\/p>\n<p><strong>Paysanne herboriste<\/strong><\/p>\n<p>Implant\u00e9e \u00e0 Wingen en Alsace dans le parc naturel des Vosges du Nord,<br \/>\nla ferme d&rsquo;\u00c9lixirs et Plantes cueille et cultive des plantes aromatiques et m\u00e9dicinales en agriculture biologique.<br \/>\nLes r\u00e9coltes se font \u00e0 la main et sont ensuite transform\u00e9es dans les diff\u00e9rents laboratoires de la ferme.<br \/>\nLa gamme des produits confectionn\u00e9s est diversifi\u00e9e allant des tisanes aux cosm\u00e9tiques naturels en passant par des alcoolatures,<br \/>\nles eaux florales et les aides culinaires. Ils sont produits en petite quantit\u00e9 afin de privil\u00e9gier la qualit\u00e9 des plantes.<\/p>\n<p>&nbsp;<\/p>\n<p>&nbsp;<\/p>\n<p><strong>Distillation par entra\u00eenement \u00e0 la vapeur d&rsquo;eau<\/strong><\/p>\n<p>La distillation se fait dans un alambic traditionnel en cuivre \u00e0 colonne.<\/p>\n<p>La partie appel\u00e9e chaudi\u00e8re contient l\u2019eau n\u00e9cessaire \u00e0 la production de vapeur. Cette vapeur va ensuite traverser les plantes contenues dans la colonne pour se charger des essences contenues dans celles-ci.<\/p>\n<p>Les vapeurs charg\u00e9es vont ensuite passer \u00e0 travers le condenseur o\u00f9 elles seront \u00e0 nouveau transform\u00e9es en liquide afin d\u2019arriver dans l\u2019essencier.<\/p>\n<p>Ce liquide, m\u00e9lange d\u2019huile essentielle et d\u2019hydrolat ou\u00a0eau florale, arrivera \u00e0 l\u2019essencier o\u00f9 la s\u00e9paration entre les deux liquides pourra se faire gr\u00e2ce \u00e0 la diff\u00e9rence de densit\u00e9 de ceux-ci.<\/p>\n<p>La distillation est enti\u00e8rement r\u00e9alis\u00e9e sur l\u2019exploitation avec les plantes issues des cultures pour la plupart. Quelques-unes comme l\u2019ortie sont issues des cueillettes sauvages dans les montagnes environnantes.<\/p>\n<p>Pour les hydrolats et eaux florales nous conservons des hydrolats concentr\u00e9s \u00e0 1\/1 comme le pr\u00e9conise le cahier des charges des simples.<\/p>\n<p>C&rsquo;est-\u00e0-dire que pour obtenir 1 litre d\u2019hydrolat, nous avons utilis\u00e9 1 kg de plante fra\u00eeche, et cela permet de garantir un extrait aromatique riche en principes actifs.<\/p>\n<p>&nbsp;<\/p>\n<p><strong>L&rsquo;atelier plantes s\u00e8ches<\/strong><\/p>\n<p>Les plantes sont r\u00e9colt\u00e9es \u00e0 la main, puis rapidement transport\u00e9es vers le s\u00e9choir pour \u00eatre dispos\u00e9es sur les claies qui sont mises au s\u00e9choir.<\/p>\n<p>Le s\u00e9chage des plantes se fait \u00e0 l\u2019abris de la lumi\u00e8re \u00e0 une temp\u00e9rature inf\u00e9rieure \u00e0 40\u00b0C afin de pr\u00e9server toutes les vertus et qualit\u00e9s des plantes.<\/p>\n<p>Le s\u00e9choir en bois sans formald\u00e9hyde peut fonctionner soit avec l\u2019air sec issu du grenier, soit coupl\u00e9 \u00e0 un d\u00e9shumidificateur si l\u2019air ext\u00e9rieur est trop humide. La circulation de l\u2019air \u00e0 travers les plantes se fait gr\u00e2ce au ventilateur pour permettre un s\u00e9chage uniforme et rapide. Le s\u00e9choir est un caisson ferm\u00e9 permettant une obscurit\u00e9 totale avec un contr\u00f4le de la temp\u00e9rature sans chauffage.<\/p>\n<p>Une fois les plantes s\u00e8ches, elles sont stock\u00e9es dans des sacs en papier kraft \u00e0 l\u2019abris de la lumi\u00e8re dans une pi\u00e8ce \u00e0 l\u2019humidit\u00e9 contr\u00f4l\u00e9e.<\/p>\n<p>Elles seront ensuite tri\u00e9es et effeuill\u00e9es \u00e0 la main avant d\u2019\u00eatre utilis\u00e9es dans les m\u00e9langes ou d\u2019\u00eatre ensach\u00e9es \u00e0 la main pour les simples. Toutes les plantes restent enti\u00e8res pour une conservation optimale des saveurs et des propri\u00e9t\u00e9s.<\/p>\n<p>&nbsp;<\/p>","protected":false},"excerpt":{"rendered":"<p>Elixirs et Plantes 1 rue des sapins 67510 Wingen contact@elixirsetplantes.fr 0666582870 &nbsp; Paysanne herboriste Implant\u00e9e \u00e0 Wingen en Alsace dans le parc naturel des Vosges du Nord, la ferme d&rsquo;\u00c9lixirs et Plantes cueille et cultive des plantes aromatiques et m\u00e9dicinales en agriculture biologique. Les r\u00e9coltes se font \u00e0 la main et sont ensuite transform\u00e9es dans [&hellip;]<\/p>","protected":false},"featured_media":0,"template":"","meta":[],"product_cat":[21],"product_tag":[],"_links":{"self":[{"href":"https:\/\/www.grintoura.fr\/en\/wp-json\/wp\/v2\/product\/7442"}],"collection":[{"href":"https:\/\/www.grintoura.fr\/en\/wp-json\/wp\/v2\/product"}],"about":[{"href":"https:\/\/www.grintoura.fr\/en\/wp-json\/wp\/v2\/types\/product"}],"wp:attachment":[{"href":"https:\/\/www.grintoura.fr\/en\/wp-json\/wp\/v2\/media?parent=7442"}],"wp:term":[{"taxonomy":"product_cat","embeddable":true,"href":"https:\/\/www.grintoura.fr\/en\/wp-json\/wp\/v2\/product_cat?post=7442"},{"taxonomy":"product_tag","embeddable":true,"href":"https:\/\/www.grintoura.fr\/en\/wp-json\/wp\/v2\/product_tag?post=7442"}],"curies":[{"name":"wp","href":"https:\/\/api.w.org\/{rel}","templated":true}]}}