	
	
	
	
{"id":7437,"date":"2023-09-16T15:21:37","date_gmt":"2023-09-16T13:21:37","guid":{"rendered":"https:\/\/www.grintoura.fr\/product\/o-maribelle-producteur-glacier-bio\/"},"modified":"2023-09-16T15:21:37","modified_gmt":"2023-09-16T13:21:37","slug":"o-maribelle-producteur-glacier-bio","status":"publish","type":"product","link":"https:\/\/www.grintoura.fr\/en\/product\/o-maribelle-producteur-glacier-bio\/","title":{"rendered":"\u00d4 Maribelle, producteur glacier bio"},"content":{"rendered":"<p><strong>\u00d4 Maribelle, production-transformation de fruits et de glaces bio \u00e0 Ochey<\/strong><\/p>\n<p>44 Rue Andr\u00e9 David, 54170 Ochey<\/p>\n<p>&nbsp;<\/p>\n<p><strong>Une production 100% Bio\u00a0!<\/strong><\/p>\n<p>Arboriculteur depuis 1993, Bernard Mangin est passionn\u00e9 de mirabelle, fruit embl\u00e9matique de la Lorraine. C&rsquo;est d&rsquo;ailleurs sous le label \u00ab\u00a0Mirabelles de Lorraine IGP\u00a0\u00bb qu&rsquo;il les produit. Ce label implique un d\u00e9sherbage m\u00e9canique, un amendement organique et l&rsquo;introduction de faune auxiliaire pour la lutte contre les parasites. Ces proc\u00e9d\u00e9s lui permettent d&rsquo;obtenir des fruits d&rsquo;une qualit\u00e9 rare. Bernard est aussi exploitant de quetsches d&rsquo;Alsace, de pommes, cerises ou encore de fruits rouges (fraises, framboises, cassis, m\u00fbres&#8230;). Son exploitation situ\u00e9e \u00e0 Ochey est 100% biologique<\/p>\n<p>&nbsp;<\/p>\n<p><strong>Producteur et transformateur<\/strong><\/p>\n<p>C&rsquo;est en 2011 qu&rsquo;\u00d4 Maribelle ouvre atelier de transformation de fruits. C&rsquo;est avec la production de l&rsquo;exploitation que les fruits sont transform\u00e9s en sorbets, nectars, jus, mirabelles s\u00e9ch\u00e9es, mirabelles au sirop ou encore confitures. Les sorbets plein fruit (55% de fruit minimum), sont la principale activit\u00e9 de l&rsquo;entreprise \u00d4 Maribelle. Ils sont sans lactose et sans gluten. Tous ces produits respectent un cahier des charges tr\u00e8s strict pour garantir des produits 100% biologiques aux saveurs tr\u00e8s riches en go\u00fbt et en fruits.<\/p>\n<p>&nbsp;<\/p>\n<p><strong>Nous sommes pr\u00e9sents sur plusieurs lieux de distributions locales :<\/strong><\/p>\n<p>Meurthe et Moselle (54)Ochey : Dans nos locaux<br \/>\nEmplettes Paysannes : Ludres, Tomblaine, Laxou, Brabois, Toul<br \/>\nLes Fermes Vertes : Montenoy, Lay-Saint-Remy, Royaumeix, Arraye-et-Han, Bl\u00e9nod-les-Pont-\u00e0-Mousson<br \/>\nVandoeuvre-l\u00e8s-Nancy : La Belle Campagne, 8 Rue Roberval<br \/>\nNancy : Croc&rsquo;us, 137 Rue Mac Mahon<br \/>\nNancy : Naturalia, 9 Place Henri Mengin<br \/>\nEssey-l\u00e8s-Nancy : Naturalia, Rue Catherine Sauvage ZAC de la Porte Verte II<br \/>\nNancy : So Bio, 47 Rue du Faubourg des Trois &#8211; Maisons<br \/>\nDommartin-Les-Toul : E.Leclerc, Zac de Jonchery, Rue de la Haye Plaisante<\/p>\n<p>Dombasle sur Meurthe : Les Malices de Suzette, 14 Rue Mathieu de Dombasle<\/p>\n<p>Pont-\u00e0-Mousson : PAM BIO, 7\/9 rue du 26eme BCP<br \/>\nMoselle (57)Saint-Avold : Champ&rsquo;\u00catre, Rue de Saint-Avold<br \/>\nAy-Sur-Moselle : L&rsquo;Ayotte, 1 rue jean auguste schleiter<br \/>\nAugny : Les Grands Pr\u00e8s, Rue des Gravi\u00e8res<br \/>\nHaute-Marne (52)Saint-Dizier : Saveur de nos Terroirs, Av. du Ch\u00eane Saint-Amand<br \/>\nMeuse (55)Bar-le-Duc : Super Fermier, 2 Rue des Brielles<br \/>\nSaint Mihiel : Au Petit Paysan, 10 Rue du March\u00e9<br \/>\nVerdun : Brin de Paille, 1 quai du g\u00e9n\u00e9ral leclerc<br \/>\nVosges (88)Neufch\u00e2teau : Saison Paysanne, 200 Rte de Langres<\/p>\n<p>&nbsp;<\/p>\n<p>44 Rue Andr\u00e9 David, 54170\u00a0Ochey<\/p>\n<p>contact@omaribelle.fr<\/p>\n<p>Par t\u00e9l\u00e9phone :<br \/>\nContact commercial : 06.29.60.17.40 \/ 07.66.74.64.68<br \/>\nBernard Mangin : 06.03.95.53.08<\/p>\n<p>&nbsp;<\/p>","protected":false},"excerpt":{"rendered":"<p>\u00d4 Maribelle, production-transformation de fruits et de glaces bio \u00e0 Ochey 44 Rue Andr\u00e9 David, 54170 Ochey &nbsp; Une production 100% Bio\u00a0! Arboriculteur depuis 1993, Bernard Mangin est passionn\u00e9 de mirabelle, fruit embl\u00e9matique de la Lorraine. C&rsquo;est d&rsquo;ailleurs sous le label \u00ab\u00a0Mirabelles de Lorraine IGP\u00a0\u00bb qu&rsquo;il les produit. Ce label implique un d\u00e9sherbage m\u00e9canique, un [&hellip;]<\/p>","protected":false},"featured_media":0,"template":"","meta":[],"product_cat":[21],"product_tag":[],"_links":{"self":[{"href":"https:\/\/www.grintoura.fr\/en\/wp-json\/wp\/v2\/product\/7437"}],"collection":[{"href":"https:\/\/www.grintoura.fr\/en\/wp-json\/wp\/v2\/product"}],"about":[{"href":"https:\/\/www.grintoura.fr\/en\/wp-json\/wp\/v2\/types\/product"}],"wp:attachment":[{"href":"https:\/\/www.grintoura.fr\/en\/wp-json\/wp\/v2\/media?parent=7437"}],"wp:term":[{"taxonomy":"product_cat","embeddable":true,"href":"https:\/\/www.grintoura.fr\/en\/wp-json\/wp\/v2\/product_cat?post=7437"},{"taxonomy":"product_tag","embeddable":true,"href":"https:\/\/www.grintoura.fr\/en\/wp-json\/wp\/v2\/product_tag?post=7437"}],"curies":[{"name":"wp","href":"https:\/\/api.w.org\/{rel}","templated":true}]}}