	
	
	
	
{"id":7418,"date":"2023-09-16T13:47:42","date_gmt":"2023-09-16T11:47:42","guid":{"rendered":"https:\/\/www.grintoura.fr\/product\/ma-dam-coffee\/"},"modified":"2023-09-16T13:50:29","modified_gmt":"2023-09-16T11:50:29","slug":"ma-dam-coffee","status":"publish","type":"product","link":"https:\/\/www.grintoura.fr\/en\/product\/ma-dam-coffee\/","title":{"rendered":"Ma.Dam Coffee"},"content":{"rendered":"<p>4, Noehlen-Weg, 68000 COLMAR<\/p>\n<p>06 35 39 98 46<br \/>\n06 35 39 98 45<\/p>\n<p>Horaires<br \/>\nJeudi matin de 7h30 \u00e0 12h<br \/>\nDevant les Halles Couvertes de Colmar<\/p>\n<p>Samedi matin de 7h30 \u00e0 12h<br \/>\nAu march\u00e9 Saint-Joseph de Colmar<\/p>\n<p><strong>Ma.Dam Coffee<\/strong><br \/>\nUn caf\u00e9 de sp\u00e9cialit\u00e9, mais surtout un caf\u00e9 de femmes ! Engag\u00e9 et diff\u00e9rent : r\u00e9alis\u00e9 pour les femmes&#8230; qui pla\u00eet beaucoup aux hommes<\/p>\n<p><strong>Caf\u00e9 du moment<\/strong><br \/>\nVous faire plaisir, c&rsquo;est faire plaisir \u00e0 Maria, Stella, Elisabeth&#8230; et toutes les femmes que nous accompagnons et qui travaillent leur plantation avec passion !<\/p>\n<p>&nbsp;<\/p>","protected":false},"excerpt":{"rendered":"<p>4, Noehlen-Weg, 68000 COLMAR 06 35 39 98 46 06 35 39 98 45 Horaires Jeudi matin de 7h30 \u00e0 12h Devant les Halles Couvertes de Colmar Samedi matin de 7h30 \u00e0 12h Au march\u00e9 Saint-Joseph de Colmar Ma.Dam Coffee Un caf\u00e9 de sp\u00e9cialit\u00e9, mais surtout un caf\u00e9 de femmes ! Engag\u00e9 et diff\u00e9rent : [&hellip;]<\/p>","protected":false},"featured_media":0,"template":"","meta":[],"product_cat":[21],"product_tag":[],"_links":{"self":[{"href":"https:\/\/www.grintoura.fr\/en\/wp-json\/wp\/v2\/product\/7418"}],"collection":[{"href":"https:\/\/www.grintoura.fr\/en\/wp-json\/wp\/v2\/product"}],"about":[{"href":"https:\/\/www.grintoura.fr\/en\/wp-json\/wp\/v2\/types\/product"}],"wp:attachment":[{"href":"https:\/\/www.grintoura.fr\/en\/wp-json\/wp\/v2\/media?parent=7418"}],"wp:term":[{"taxonomy":"product_cat","embeddable":true,"href":"https:\/\/www.grintoura.fr\/en\/wp-json\/wp\/v2\/product_cat?post=7418"},{"taxonomy":"product_tag","embeddable":true,"href":"https:\/\/www.grintoura.fr\/en\/wp-json\/wp\/v2\/product_tag?post=7418"}],"curies":[{"name":"wp","href":"https:\/\/api.w.org\/{rel}","templated":true}]}}