	
	
	
	
{"id":7168,"date":"2023-08-27T06:51:46","date_gmt":"2023-08-27T04:51:46","guid":{"rendered":"https:\/\/www.grintoura.fr\/product\/ciarus-culture-expositions-art-a-strasbourg\/"},"modified":"2023-08-27T06:52:26","modified_gmt":"2023-08-27T04:52:26","slug":"ciarus-culture-expositions-art-a-strasbourg","status":"publish","type":"product","link":"https:\/\/www.grintoura.fr\/en\/product\/ciarus-culture-expositions-art-a-strasbourg\/","title":{"rendered":"CIARUS \u2013 Culture- expositions art \u00e0 Strasbourg"},"content":{"rendered":"<p>EXPOSITION \u00c0 STRASBOURG : UN \u00c9CRIN DE L\u2019ART CONTEMPORAIN<\/p>\n<p>7 RUE FINKMATT, 67000 STRASBOURG<br \/>\n+33 (0)3 88 152 788<\/p>\n<p>&nbsp;<\/p>\n<p><strong>D\u00e9ambuler au fil de l\u2019art<\/strong><br \/>\nDepuis sa transformation, le CIARUS offre une place de choix \u00e0 l\u2019art contemporain en mettant en lumi\u00e8re des artistes locaux, r\u00e9gionaux et nationaux. Chaque vernissage est un \u00e9v\u00e9nement qui se partage autour d\u2019un \u00ab Brunch\u2019Art \u00bb ouvert \u00e0 tous, durant lequel l\u2019artiste se m\u00eale aux convives. Au sein d\u2019espaces d\u00e9cloisonn\u00e9s et baign\u00e9s de lumi\u00e8re, les publics ont ainsi acc\u00e8s<br \/>\n\u00e0 une offre mus\u00e9ale \u00e9clectique. Dans ce lieu charg\u00e9 d\u2019histoire, l\u2019\u00e9quipe du CIARUS prend soin d\u2019inviter des artistes d\u2019horizons divers. Un peu partout, du lobby d\u2019accueil aux espaces de d\u00e9tente, l\u2019\u0153il averti remarque ces accrochages qui dialoguent entre eux.<br \/>\nAutant de moments envo\u00fbtants qui offrent le luxe d\u2019appr\u00e9cier l\u2019art en toute intimit\u00e9.<\/p>\n<p><strong>Un moment de tourisme exp\u00e9rientiel<\/strong><br \/>\nParce que la rencontre se d\u00e9cline sur tous les tons, le CIARUS a pour ambition de cr\u00e9er un lien entre ses publics \u00e0 travers le regard artistique. D\u00e9ambuler d\u2019\u0153uvres en \u0153uvres, relier les sensibilit\u00e9s \u00e0 chaque pas, interroger et susciter l\u2019\u00e9change, c\u2019est toute l\u2019exp\u00e9rience que nous souhaitons vous offrir. Chaque exposition temporaire s\u2019inaugure par un vernissage dans lequel l\u2019univers de l\u2019artiste est partag\u00e9 avec tous les publics pr\u00e9sents. Notre id\u00e9e du partage, c\u2019est de rendre ces expositions accessibles \u00e0 tous : aux clients qui s\u00e9journent comme \u00e0 ceux qui se restaurent, aux visiteurs d\u2019une journ\u00e9e comme \u00e0 ceux qui ne restent qu\u2019une heure&#8230;<\/p>\n<p>C\u2019est \u00e9galement un parfait compromis pour les clients dont le s\u00e9jour est trop court pour vivre une escapade artistique dans les nombreux mus\u00e9es de Strasbourg et sa r\u00e9gion.<\/p>\n<p><strong>Partager la culture avec tous, partout<\/strong><br \/>\nPour relever le d\u00e9fi d\u2019un acc\u00e8s universel et \u00e9quitable de la culture, le CIARUS soutient les artistes de talent. En se voyant offrir un espace d\u2019exposition, ils mettent en valeur leurs \u0153uvres et b\u00e9n\u00e9ficient d\u2019un important \u00e9cho m\u00e9diatique. Cette d\u00e9marche philanthropique entend agir concr\u00e8tement pour faire tomber les barri\u00e8res sociales et cr\u00e9er des ponts entre les personnes.<\/p>\n<p>&nbsp;<\/p>\n<p>&nbsp;<\/p>\n<p><strong>EXOPOSITION AU CIARUS\u00a0<\/strong><\/p>\n<p><strong>DU 13 JUILLET AU 08 SEPTEMBRE A LA M\u00c9MOIRE DE PICASSO<\/strong><\/p>\n<p>Aucune \u0153uvre de Picasso n\u2019est expos\u00e9e, les 60 \u0153uvres propos\u00e9es sont l\u2019expression du ressenti des artistes sur l\u2019\u0153uvre et le personnage de Picasso au moyen des styles et techniques propres \u00e0 chacun des artistes participants.<\/p>\n<p>Ainsi certains artistes se sont appropri\u00e9s une \u0153uvre du ma\u00eetre et l\u2019ont traduite ou interpr\u00e9t\u00e9e \u00e0 leur fa\u00e7on\u00a0; signalons la reprise des \u00ab\u00a0femmes courant sur la plage\u00a0\u00bb en version terre cuite, \u00ab\u00a0les demoiselles d\u2019Avignon\u00a0\u00bb dans une version photographique ou encore \u00ab\u00a0la dame au chapeau\u00a0\u00bb. D\u2019autres ont repris des \u0153uvres d\u2019autres grands ma\u00eetres pour les traiter \u00e0 la \u00ab\u00a0mani\u00e8re de\u00a0\u00bb telle la relecture du \u00ab\u00a0d\u00e9jeuner sur l\u2019herbe\u00a0\u00bb de Renoir.<\/p>\n<p>La d\u00e9clinaison du portrait de Picasso est tr\u00e8s pr\u00e9sente. On le retrouve dans ce portrait tr\u00e8s r\u00e9aliste trac\u00e9 au crayon blanc sur papier noir, en majest\u00e9 per\u00e7ant et provocateur ou tr\u00e8s \u00ab\u00a0djeuns\u00a0\u00bb casquette riv\u00e9e sur la t\u00eate.<\/p>\n<p>On rencontre aussi le questionnement des relations de Picasso avec les femmes.<\/p>\n<p>Signalons aussi la \u00ab\u00a0colombe de la paix\u00a0\u00bb, \u0153uvre collective de la classe de CE1-CE2 de l\u2019\u00e9cole Wentzel, et le \u00ab\u00a0damier de portraits\u00a0\u00bb des classes de 3PMET du Lyc\u00e9e Stanislas de Wissembourg<\/p>\n<p>Bon nombre d\u2019artistes se sont attach\u00e9s \u00e0 un ressenti dans l\u2019abstraction reprenant des \u00e9l\u00e9ments caract\u00e9ristiques des \u0153uvres de Picasso comme le taureau ou la tauromachie, des \u00ab\u00a0p\u00e9riodes\u00a0\u00bb de Picasso ou, se sont totalement l\u00e2ch\u00e9s pour aboutir \u00e0 des statues et tableaux des plus curieux. Au bilan l\u2019exposition propos\u00e9e par\u00a0Wissembourg en arts\u00a0en partenariat avec les\u00a0Artistes Libres d\u2019Alsace\u00a0est tr\u00e8s vari\u00e9e rassemblant artistes professionnels et amateurs, jeunes et moins jeunes, utilisant une large palette de styles et de techniques.<\/p>\n<p>&nbsp;<\/p>\n<p>Wissembourg en arts\u00a0: wissembourg-en-arts.fr<\/p>\n<p>Artistes Libres d\u2019Alsace\u00a0: artistes-libres.fr<\/p>\n<p>Contact\u00a0: gilbert.schlewer@bbox.fr<\/p>\n<p>&nbsp;<\/p>","protected":false},"excerpt":{"rendered":"<p>EXPOSITION \u00c0 STRASBOURG : UN \u00c9CRIN DE L\u2019ART CONTEMPORAIN 7 RUE FINKMATT, 67000 STRASBOURG +33 (0)3 88 152 788 &nbsp; D\u00e9ambuler au fil de l\u2019art Depuis sa transformation, le CIARUS offre une place de choix \u00e0 l\u2019art contemporain en mettant en lumi\u00e8re des artistes locaux, r\u00e9gionaux et nationaux. Chaque vernissage est un \u00e9v\u00e9nement qui se [&hellip;]<\/p>","protected":false},"featured_media":0,"template":"","meta":[],"product_cat":[21],"product_tag":[],"_links":{"self":[{"href":"https:\/\/www.grintoura.fr\/en\/wp-json\/wp\/v2\/product\/7168"}],"collection":[{"href":"https:\/\/www.grintoura.fr\/en\/wp-json\/wp\/v2\/product"}],"about":[{"href":"https:\/\/www.grintoura.fr\/en\/wp-json\/wp\/v2\/types\/product"}],"wp:attachment":[{"href":"https:\/\/www.grintoura.fr\/en\/wp-json\/wp\/v2\/media?parent=7168"}],"wp:term":[{"taxonomy":"product_cat","embeddable":true,"href":"https:\/\/www.grintoura.fr\/en\/wp-json\/wp\/v2\/product_cat?post=7168"},{"taxonomy":"product_tag","embeddable":true,"href":"https:\/\/www.grintoura.fr\/en\/wp-json\/wp\/v2\/product_tag?post=7168"}],"curies":[{"name":"wp","href":"https:\/\/api.w.org\/{rel}","templated":true}]}}