	
	
	
	
{"id":6925,"date":"2023-07-28T13:57:00","date_gmt":"2023-07-28T11:57:00","guid":{"rendered":"https:\/\/www.grintoura.fr\/product\/brasserie-du-vallon-bieres-et-hydromels-dalsace\/"},"modified":"2023-07-28T13:57:06","modified_gmt":"2023-07-28T11:57:06","slug":"brasserie-du-vallon-bieres-et-hydromels-dalsace","status":"publish","type":"product","link":"https:\/\/www.grintoura.fr\/en\/product\/brasserie-du-vallon-bieres-et-hydromels-dalsace\/","title":{"rendered":"Brasserie du vallon \u2013 Bi\u00e8res et Hydromels d\u2019Alsace"},"content":{"rendered":"<p><strong>La Brasserie du Vallon<\/strong><\/p>\n<p>Modeste micro-brasserie artisanale install\u00e9e en 2016 dans le vallon de Steinbach, dans le sud de l&rsquo;Alsace, j&rsquo;ai d\u00e9m\u00e9nag\u00e9 d\u00e9but 2021 au centre de Bollwiller. J&rsquo;y produis toujours des bi\u00e8res de toutes sortes en petits lots, parfois quelques limonades et des crackers aux dr\u00eaches&#8230; mais aussi de l&rsquo;hydromel (vin de miel sec) avec le miel d&rsquo;apiculteurs fran\u00e7ais, le tout dans une d\u00e9marche \u00e9cologique coh\u00e9rente<\/p>\n<p><strong>Horaires<\/strong><br \/>\nOuvert tous les mercredi et jeudi de 10H \u00e0 18H, tout simplement. Quand le bar ouvrira, les horaires seront \u00e9largis<\/p>\n<p>Je suis parfois sur place \u00e0 d\u2019autres moments en semaine, rarement tr\u00e8s t\u00f4t le matin, souvent tard le soir\u2026<\/p>\n<p>Je suis tr\u00e8s peu dispo les weekends.<\/p>\n<p>Contactez moi:\u00a006 29 21 74 00<\/p>\n<p>&nbsp;<\/p>","protected":false},"excerpt":{"rendered":"<p>La Brasserie du Vallon Modeste micro-brasserie artisanale install\u00e9e en 2016 dans le vallon de Steinbach, dans le sud de l&rsquo;Alsace, j&rsquo;ai d\u00e9m\u00e9nag\u00e9 d\u00e9but 2021 au centre de Bollwiller. J&rsquo;y produis toujours des bi\u00e8res de toutes sortes en petits lots, parfois quelques limonades et des crackers aux dr\u00eaches&#8230; mais aussi de l&rsquo;hydromel (vin de miel sec) [&hellip;]<\/p>","protected":false},"featured_media":0,"template":"","meta":[],"product_cat":[21],"product_tag":[],"_links":{"self":[{"href":"https:\/\/www.grintoura.fr\/en\/wp-json\/wp\/v2\/product\/6925"}],"collection":[{"href":"https:\/\/www.grintoura.fr\/en\/wp-json\/wp\/v2\/product"}],"about":[{"href":"https:\/\/www.grintoura.fr\/en\/wp-json\/wp\/v2\/types\/product"}],"wp:attachment":[{"href":"https:\/\/www.grintoura.fr\/en\/wp-json\/wp\/v2\/media?parent=6925"}],"wp:term":[{"taxonomy":"product_cat","embeddable":true,"href":"https:\/\/www.grintoura.fr\/en\/wp-json\/wp\/v2\/product_cat?post=6925"},{"taxonomy":"product_tag","embeddable":true,"href":"https:\/\/www.grintoura.fr\/en\/wp-json\/wp\/v2\/product_tag?post=6925"}],"curies":[{"name":"wp","href":"https:\/\/api.w.org\/{rel}","templated":true}]}}