	
	
	
	
{"id":6881,"date":"2023-07-22T06:35:24","date_gmt":"2023-07-22T04:35:24","guid":{"rendered":"https:\/\/www.grintoura.fr\/product\/parc-naturel-regional-du-morvan\/"},"modified":"2023-07-22T06:35:37","modified_gmt":"2023-07-22T04:35:37","slug":"parc-naturel-regional-du-morvan","status":"publish","type":"product","link":"https:\/\/www.grintoura.fr\/en\/product\/parc-naturel-regional-du-morvan\/","title":{"rendered":"Parc Naturel R\u00e9gional du Morvan"},"content":{"rendered":"<p><strong>PARC NATUREL REGIONAL DU MORVAN<\/strong><\/p>\n<p>Maison du Parc,<br \/>\nLes petites Fourches<br \/>\n530 route de Saulieu<br \/>\n58230 Saint-Brisson<br \/>\nT\u00e9l : 03 86 78 79 00<\/p>\n<p><a href=\"https:\/\/www.parcdumorvan.org\" target=\"_blank\" rel=\"noopener\">https:\/\/www.parcdumorvan.org<\/a><\/p>\n<p><a href=\"https:\/\/tourisme.parcdumorvan.org\" target=\"_blank\" rel=\"noopener\">https:\/\/tourisme.parcdumorvan.org<\/a><\/p>\n<p>Reconnu comme une destination touristique \u00e0 part enti\u00e8re, situ\u00e9 entre Paris et Lyon, au c\u0153ur de la Bourgogne, le Morvan est un territoire d\u2019\u00e9cotourisme, de tourisme de nature et de culture.<br \/>\n\u00c0 moins de deux heures de grandes m\u00e9tropoles, son offre touristique est bas\u00e9e sur trois piliers :<\/p>\n<p>les activit\u00e9s sportives de nature (randonn\u00e9e p\u00e9destre, \u00e9questre, VTT, eaux vives, lacs, p\u00eache\u2026),<br \/>\nle patrimoine culturel (V\u00e9zelay, Bibracte, Avallon, Autun, l\u2019offre d\u2019\u00e9comus\u00e9e et de mus\u00e9es\u2026)<br \/>\net le patrimoine naturel et paysager (sentiers de d\u00e9couverte des milieux remarquables, points de vue).<\/p>\n<ul>\n<li><strong>Morvan, Terre de culture<\/strong><br \/>\n20 mus\u00e9es et \u00e9comus\u00e9es<\/li>\n<li><strong>Morvan, Terre de sports nature<\/strong><br \/>\nDes itin\u00e9raires phares : le GR13 et le GR de Pays Tour du Morvan<br \/>\nDes itin\u00e9raires historiques, cultuels et spirituels : Vezelay-St-Jacques-de-Compostelle, Bibracte-Al\u00e9sia, les chemins p\u00e8lerins<br \/>\n1500 km de sentiers de randonn\u00e9es p\u00e9destres balis\u00e9s<br \/>\n2500 km de circuits VTT balis\u00e9s<br \/>\nLa 8e GTM \u00e0 VTT en France : 330 km d\u2019Avallon \u00e0 Autun<br \/>\nLe Parc site VTT-FFC avec une vingtaine de communes points de d\u00e9part<br \/>\nLe Tour du Morvan \u00e9questre : 600 km<br \/>\nDes activit\u00e9s d\u2019eaux vives ( Kayak, rafting, nage en eaux vives)<\/li>\n<\/ul>\n<p>&nbsp;<\/p>\n<p><strong>L\u2019institution<\/strong><\/p>\n<p>Comme tous les autres Parcs naturels r\u00e9gionaux, celui du Morvan est n\u00e9 d\u2019un constat : le Morvan est une zone rurale, au patrimoine naturel, culturel, paysage remarquable mais menac\u00e9 par la d\u00e9sertification, l\u2019intensification agricole ou foresti\u00e8re, et un d\u00e9veloppement urbain et touristique mal ma\u00eetris\u00e9.<\/p>\n<p>C\u2019est en 1970 que fut cr\u00e9\u00e9 le Parc naturel r\u00e9gional du Morvan, notamment \u00e0 l\u2019initiative de Paul Flandin, alors conseiller g\u00e9n\u00e9ral de l\u2019Yonne et de Fran\u00e7ois Mitterrand, d\u00e9put\u00e9 de la Ni\u00e8vre. Le Parc est un des plus anciensParcs cr\u00e9\u00e9s en France \u00e0 l\u2019instar du Parc du Vercors ou de la Camargue. Il constitue, avec les Parcs naturels r\u00e9gionaux des Ballons des Vosges, du Haut-Jura et du Doubs Horloger, un des quatre Parcs de Bourgogne-Franche-Comt\u00e9.<\/p>\n<p>Il r\u00e9unit aujourd\u2019hui 133 communes class\u00e9es, r\u00e9parties sur les d\u00e9partements de la Ni\u00e8vre, de la Sa\u00f4ne-et-Loire, de l\u2019Yonne et de la C\u00f4te-d\u2019Or, et 3 communes partenaires : Arnay-le-Duc,\u00a0 Corbigny, Ch\u00e2tillon-en-Bazois.<\/p>\n<p>En quelques chiffres: le Parc a une superficie de 3 220 km2 et sa population compte plus de 67 900 habitants, soit 21 hab.\/km2<\/p>\n<p>Depuis sa cr\u00e9ation, le Parc contribue \u00e0 l\u2019am\u00e9nagement du territoire, et au d\u00e9veloppement \u00e9conomique, social et culturel, dans le respect d\u2019une charte r\u00e9vis\u00e9e tous les 15 ans.<\/p>\n<p>&nbsp;<\/p>","protected":false},"excerpt":{"rendered":"<p>PARC NATUREL REGIONAL DU MORVAN Maison du Parc, Les petites Fourches 530 route de Saulieu 58230 Saint-Brisson T\u00e9l : 03 86 78 79 00 https:\/\/www.parcdumorvan.org https:\/\/tourisme.parcdumorvan.org Reconnu comme une destination touristique \u00e0 part enti\u00e8re, situ\u00e9 entre Paris et Lyon, au c\u0153ur de la Bourgogne, le Morvan est un territoire d\u2019\u00e9cotourisme, de tourisme de nature et [&hellip;]<\/p>","protected":false},"featured_media":0,"template":"","meta":[],"product_cat":[21],"product_tag":[],"_links":{"self":[{"href":"https:\/\/www.grintoura.fr\/en\/wp-json\/wp\/v2\/product\/6881"}],"collection":[{"href":"https:\/\/www.grintoura.fr\/en\/wp-json\/wp\/v2\/product"}],"about":[{"href":"https:\/\/www.grintoura.fr\/en\/wp-json\/wp\/v2\/types\/product"}],"wp:attachment":[{"href":"https:\/\/www.grintoura.fr\/en\/wp-json\/wp\/v2\/media?parent=6881"}],"wp:term":[{"taxonomy":"product_cat","embeddable":true,"href":"https:\/\/www.grintoura.fr\/en\/wp-json\/wp\/v2\/product_cat?post=6881"},{"taxonomy":"product_tag","embeddable":true,"href":"https:\/\/www.grintoura.fr\/en\/wp-json\/wp\/v2\/product_tag?post=6881"}],"curies":[{"name":"wp","href":"https:\/\/api.w.org\/{rel}","templated":true}]}}