	
	
	
	
{"id":6822,"date":"2023-07-08T18:48:32","date_gmt":"2023-07-08T16:48:32","guid":{"rendered":"https:\/\/www.grintoura.fr\/product\/fort-national-a-saint-malo\/"},"modified":"2023-07-08T19:14:21","modified_gmt":"2023-07-08T17:14:21","slug":"fort-national-a-saint-malo","status":"publish","type":"product","link":"https:\/\/www.grintoura.fr\/en\/product\/fort-national-a-saint-malo\/","title":{"rendered":"Fort National \u00e0 Saint Malo"},"content":{"rendered":"<p>Toutes les visites du Fort sont comment\u00e9es par un guide exp\u00e9riment\u00e9 qui vous accueillera en haut du pont-levis.<\/p>\n<p>Elles durent environ 35 minutes. Accessible \u00e0 pied \u00e0 mar\u00e9e basse, le Fort National vous invite \u00e0 franchir son pont-levis pour traverser les si\u00e8cles.<\/p>\n<p>La visite du bastion, dont les murs en granit font corps avec le roc, vous fera revivre plus de trois si\u00e8cles de la vie militaire du Fort : de l&rsquo;imposante citerne au cachot-soute \u00e0 munitions, des attaques maritimes de l\u00e9gende aux duels \u00e9piques du corsaire Robert Surcouf, des souvenirs de Chateaubriand aux heures tragiques de la seconde guerre mondiale. Le texte de la visite est mis \u00e0 disposition des visiteurs \u00e9trangers dans les langues suivantes : anglais, allemand, n\u00e9erlandais, italien et espagnol.<\/p>\n<p>Tarifs Individuel :<\/p>\n<p>Adultes : 5 \u20ac<br \/>\nEnfant ( 6 &#8211; 16 ans ) : 3 \u20ac<\/p>\n<p>Jeux de connaissances \u00ab Les Carnets Aventures \u00bb pour les enfants et les plus grands \u00a0\ud83d\ude42<\/p>\n<p>&nbsp;<\/p>\n<p>Horaires selon les mar\u00e9es, \u00e0 voir sur le site:<\/p>\n<p>https:\/\/www.fortnational.com\/st-malo-fort-national.html<\/p>","protected":false},"excerpt":{"rendered":"<p>Toutes les visites du Fort sont comment\u00e9es par un guide exp\u00e9riment\u00e9 qui vous accueillera en haut du pont-levis. Elles durent environ 35 minutes. Accessible \u00e0 pied \u00e0 mar\u00e9e basse, le Fort National vous invite \u00e0 franchir son pont-levis pour traverser les si\u00e8cles. La visite du bastion, dont les murs en granit font corps avec le [&hellip;]<\/p>","protected":false},"featured_media":0,"template":"","meta":[],"product_cat":[21],"product_tag":[],"_links":{"self":[{"href":"https:\/\/www.grintoura.fr\/en\/wp-json\/wp\/v2\/product\/6822"}],"collection":[{"href":"https:\/\/www.grintoura.fr\/en\/wp-json\/wp\/v2\/product"}],"about":[{"href":"https:\/\/www.grintoura.fr\/en\/wp-json\/wp\/v2\/types\/product"}],"wp:attachment":[{"href":"https:\/\/www.grintoura.fr\/en\/wp-json\/wp\/v2\/media?parent=6822"}],"wp:term":[{"taxonomy":"product_cat","embeddable":true,"href":"https:\/\/www.grintoura.fr\/en\/wp-json\/wp\/v2\/product_cat?post=6822"},{"taxonomy":"product_tag","embeddable":true,"href":"https:\/\/www.grintoura.fr\/en\/wp-json\/wp\/v2\/product_tag?post=6822"}],"curies":[{"name":"wp","href":"https:\/\/api.w.org\/{rel}","templated":true}]}}