	
	
	
	
{"id":6794,"date":"2023-07-01T19:26:02","date_gmt":"2023-07-01T17:26:02","guid":{"rendered":"https:\/\/www.grintoura.fr\/product\/la-cuisine-de-demain\/"},"modified":"2023-07-01T19:26:09","modified_gmt":"2023-07-01T17:26:09","slug":"la-cuisine-de-demain","status":"publish","type":"product","link":"https:\/\/www.grintoura.fr\/en\/product\/la-cuisine-de-demain\/","title":{"rendered":"La Cuisine de demain !"},"content":{"rendered":"<p>LA CUISINE DE DEMAIN<br \/>\nDU REPAS INDIVIDUEL AU BUFFET TRAITEUR<\/p>\n<p>-Tous nos plats sont certifi\u00e9s bio<\/p>\n<p>-Tous nos contenants sont r\u00e9utilisables<\/p>\n<p>-95% de nos produits viennent de moins de 100 km de Strasbourg<\/p>\n<p>-Utilisation raisonn\u00e9e des produits issus de l&rsquo;\u00e9levage<\/p>\n<p>&nbsp;<\/p>\n<p>BIEN MANGER AUJOURD\u2019HUI POUR BIEN VIVRE DEMAIN<\/p>\n<p>DECOUVREZ NOS FORMULES<\/p>\n<p>-PLAT + BOISSON<br \/>\n10,50\u20ac<br \/>\n-PLAT + ENTREE OU DESSERT<br \/>\n11,90\u20ac<br \/>\n-PLAT + ENTREE OU DESSERT + BOISSON<br \/>\n13,50\u20ac<br \/>\n-ENTREE + PLAT + DESSERT<br \/>\n14,90\u20ac<br \/>\n-ENTREE + PLAT + DESSERT + BOISSON<br \/>\n16,50\u20ac<br \/>\n-FORMULE ETUDIANTE<br \/>\nplat \u00e0 8,90\u20ac + dessert + boisson 33cl ou 50cl<br \/>\n9,90\u20ac<br \/>\n-SUPPLEMENT<br \/>\n+1\u20ac PLAT AVEC VIANDE<br \/>\n+2\u20ac PLAT AVEC POISSON<br \/>\nPrix hors consigne (entr\u00e9e\/dessert +1\u20ac, plat +2\u20ac)<\/p>\n<p>&nbsp;<\/p>","protected":false},"excerpt":{"rendered":"<p>LA CUISINE DE DEMAIN DU REPAS INDIVIDUEL AU BUFFET TRAITEUR -Tous nos plats sont certifi\u00e9s bio -Tous nos contenants sont r\u00e9utilisables -95% de nos produits viennent de moins de 100 km de Strasbourg -Utilisation raisonn\u00e9e des produits issus de l&rsquo;\u00e9levage &nbsp; BIEN MANGER AUJOURD\u2019HUI POUR BIEN VIVRE DEMAIN DECOUVREZ NOS FORMULES -PLAT + BOISSON 10,50\u20ac [&hellip;]<\/p>","protected":false},"featured_media":0,"template":"","meta":[],"product_cat":[21],"product_tag":[],"_links":{"self":[{"href":"https:\/\/www.grintoura.fr\/en\/wp-json\/wp\/v2\/product\/6794"}],"collection":[{"href":"https:\/\/www.grintoura.fr\/en\/wp-json\/wp\/v2\/product"}],"about":[{"href":"https:\/\/www.grintoura.fr\/en\/wp-json\/wp\/v2\/types\/product"}],"wp:attachment":[{"href":"https:\/\/www.grintoura.fr\/en\/wp-json\/wp\/v2\/media?parent=6794"}],"wp:term":[{"taxonomy":"product_cat","embeddable":true,"href":"https:\/\/www.grintoura.fr\/en\/wp-json\/wp\/v2\/product_cat?post=6794"},{"taxonomy":"product_tag","embeddable":true,"href":"https:\/\/www.grintoura.fr\/en\/wp-json\/wp\/v2\/product_tag?post=6794"}],"curies":[{"name":"wp","href":"https:\/\/api.w.org\/{rel}","templated":true}]}}