	
	
	
	
{"id":6776,"date":"2023-06-30T16:58:37","date_gmt":"2023-06-30T14:58:37","guid":{"rendered":"https:\/\/www.grintoura.fr\/product\/les-domaines-de-la-taste\/"},"modified":"2023-06-30T16:58:54","modified_gmt":"2023-06-30T14:58:54","slug":"les-domaines-de-la-taste","status":"publish","type":"product","link":"https:\/\/www.grintoura.fr\/en\/product\/les-domaines-de-la-taste\/","title":{"rendered":"Les domaines de la Taste"},"content":{"rendered":"<p>Entre mer et montagne, les Domaines de la Taste s\u2019\u00e9tendent sur 110 hectares dans la plaine orientale de Pianiccia.<br \/>\nCe terroir corse exceptionnel produit depuis plus de 60 ans, ses fruits gorg\u00e9s de soleil et de vitamines.<\/p>\n<p><strong>Une histoire familial<\/strong><\/p>\n<p>En 1964, sur ce qui n\u2019\u00e9tait alors que du maquis, Yves et Genevi\u00e8ve de la Taste plant\u00e8rent de la vigne et les premi\u00e8res parcelles de cl\u00e9mentines. Lorsque son fils Bertrand rejoint la propri\u00e9t\u00e9 familiale en 1984, les domaines s\u2019agrandissent de 30 hectares. Avec son p\u00e8re, il restructure les parcelles et diversifie la production en plantant du kiwi, du pomelo et de nouvelles vari\u00e9t\u00e9s de cl\u00e9mentines ; la vigne sera progressivement abandonn\u00e9e au profit des agrumes.<\/p>\n<p>Et puis c\u2019est au tour de la troisi\u00e8me g\u00e9n\u00e9ration de prendre la rel\u00e8ve sur la propri\u00e9t\u00e9. Les Domaines de La Taste pratiquent aujourd\u2019hui une agriculture 100% biologique. Avec ses fils Yoann, Anthony et Lo\u00efc, Bertrand De La Taste a construit une marque, un label de qualit\u00e9 Made in Corsica.<\/p>\n<p>Ici on travaille la terre avec amour pour cr\u00e9er un domaine d\u2019exception o\u00f9 passion et exigence se conjuguent au pr\u00e9sent et au futur. Cette connaissance, transmise de p\u00e8re en fils, a permis aux Domaines de la Taste de prosp\u00e9rer et de se d\u00e9velopper pour devenir un mod\u00e8le d\u2019exploitation et une r\u00e9f\u00e9rence de qualit\u00e9.<\/p>\n<p>&nbsp;<\/p>","protected":false},"excerpt":{"rendered":"<p>Entre mer et montagne, les Domaines de la Taste s\u2019\u00e9tendent sur 110 hectares dans la plaine orientale de Pianiccia. Ce terroir corse exceptionnel produit depuis plus de 60 ans, ses fruits gorg\u00e9s de soleil et de vitamines. Une histoire familial En 1964, sur ce qui n\u2019\u00e9tait alors que du maquis, Yves et Genevi\u00e8ve de la [&hellip;]<\/p>","protected":false},"featured_media":0,"template":"","meta":[],"product_cat":[21],"product_tag":[],"_links":{"self":[{"href":"https:\/\/www.grintoura.fr\/en\/wp-json\/wp\/v2\/product\/6776"}],"collection":[{"href":"https:\/\/www.grintoura.fr\/en\/wp-json\/wp\/v2\/product"}],"about":[{"href":"https:\/\/www.grintoura.fr\/en\/wp-json\/wp\/v2\/types\/product"}],"wp:attachment":[{"href":"https:\/\/www.grintoura.fr\/en\/wp-json\/wp\/v2\/media?parent=6776"}],"wp:term":[{"taxonomy":"product_cat","embeddable":true,"href":"https:\/\/www.grintoura.fr\/en\/wp-json\/wp\/v2\/product_cat?post=6776"},{"taxonomy":"product_tag","embeddable":true,"href":"https:\/\/www.grintoura.fr\/en\/wp-json\/wp\/v2\/product_tag?post=6776"}],"curies":[{"name":"wp","href":"https:\/\/api.w.org\/{rel}","templated":true}]}}