	
	
	
	
{"id":6692,"date":"2023-06-28T22:53:26","date_gmt":"2023-06-28T20:53:26","guid":{"rendered":"https:\/\/www.grintoura.fr\/product\/cidre-du-sundgau\/"},"modified":"2023-06-30T11:26:29","modified_gmt":"2023-06-30T09:26:29","slug":"cidre-du-sundgau","status":"publish","type":"product","link":"https:\/\/www.grintoura.fr\/en\/product\/cidre-du-sundgau\/","title":{"rendered":"Cidre du Sundgau"},"content":{"rendered":"<p><strong>Des pommes, des copains et des bulles<\/strong><\/p>\n<p>Le paysage de nos campagnes alsaciennes est compos\u00e9 de collines, de p\u00e2turages et de vergers regorgeants de vie et de diversit\u00e9. Mais TOUS les ans, une quantit\u00e9 titanesque de pomme est laiss\u00e9e au sol, destin\u00e9e \u00e0 pourrir. Les arbres de vieux vergers sont arrach\u00e9s pour planter du ma\u00efs, d\u2019autres sont menac\u00e9s par l\u2019agrandissement des Zones Urbaines, et certains ont d\u00e9j\u00e0 laiss\u00e9 place \u00e0 de gros blocs de b\u00e9ton froid. La cidrerie Ren\u00e9-Sens est avant tout le fruit de ce constat. Notre volont\u00e9 est de participer \u00e0 la sauvegarde du patrimoine alsacien. C\u2019est donc avec plaisir et passion que nous confectionnons ces cidres d\u2019Alsace.<\/p>\n<p>&nbsp;<\/p>\n<p>Le cidre d\u2019Alsace est r\u00e9alis\u00e9 en suivant ces principes :<\/p>\n<p>Les pommes sont d\u2019Alsace, au minimum&nbsp;BIO et au mieux non trait\u00e9es.<\/p>\n<p>AUCUN&nbsp;produit exog\u00e8ne dans les jus : Jus sans aucuns intrants ni sulfites.<\/p>\n<p>Filtration naturelle par gravit\u00e9 et d\u00e9gorgement<\/p>\n<p>Effervescence naturelle<\/p>\n<p>Les pommes sont toujours d\u2019Alsace et&nbsp;seulement&nbsp;du Sundgau pour les cuv\u00e9es parcellaires.<\/p>\n<p>&nbsp;<\/p>","protected":false},"excerpt":{"rendered":"<p>Des pommes, des copains et des bulles Le paysage de nos campagnes alsaciennes est compos\u00e9 de collines, de p\u00e2turages et de vergers regorgeants de vie et de diversit\u00e9. Mais TOUS les ans, une quantit\u00e9 titanesque de pomme est laiss\u00e9e au sol, destin\u00e9e \u00e0 pourrir. Les arbres de vieux vergers sont arrach\u00e9s pour planter du ma\u00efs, [&hellip;]<\/p>","protected":false},"featured_media":0,"template":"","meta":[],"product_cat":[21],"product_tag":[],"_links":{"self":[{"href":"https:\/\/www.grintoura.fr\/en\/wp-json\/wp\/v2\/product\/6692"}],"collection":[{"href":"https:\/\/www.grintoura.fr\/en\/wp-json\/wp\/v2\/product"}],"about":[{"href":"https:\/\/www.grintoura.fr\/en\/wp-json\/wp\/v2\/types\/product"}],"wp:attachment":[{"href":"https:\/\/www.grintoura.fr\/en\/wp-json\/wp\/v2\/media?parent=6692"}],"wp:term":[{"taxonomy":"product_cat","embeddable":true,"href":"https:\/\/www.grintoura.fr\/en\/wp-json\/wp\/v2\/product_cat?post=6692"},{"taxonomy":"product_tag","embeddable":true,"href":"https:\/\/www.grintoura.fr\/en\/wp-json\/wp\/v2\/product_tag?post=6692"}],"curies":[{"name":"wp","href":"https:\/\/api.w.org\/{rel}","templated":true}]}}