	
	
	
	
{"id":6686,"date":"2023-06-28T22:17:47","date_gmt":"2023-06-28T20:17:47","guid":{"rendered":"https:\/\/www.grintoura.fr\/product\/domaine-andre-kleinknecht\/"},"modified":"2023-06-30T11:18:47","modified_gmt":"2023-06-30T09:18:47","slug":"domaine-andre-kleinknecht","status":"publish","type":"product","link":"https:\/\/www.grintoura.fr\/en\/product\/domaine-andre-kleinknecht\/","title":{"rendered":"Domaine Andr\u00e9 Kleinknecht"},"content":{"rendered":"<p>LE DOMAINE ANDR\u00c9 KLEINKNECHT \u00c0 MITTELBERGHEIM EN ALSACE<\/p>\n<p>C&rsquo;est dans le&nbsp;Village Alsacien de Mittelbergheim, class\u00e9 parmi les plus beaux de France et qui compte une bonne vingtaine de vignerons, que la famille Kleinknecht travaille la terre depuis de nombreuses g\u00e9n\u00e9rations dans le&nbsp;respect de la nature et des traditions.<\/p>\n<p>En Bio depuis 1998, Andr\u00e9 Kleinknecht d\u00e9cide de passer en biodynamie, selon les pr\u00e9ceptes de son \u00ab\u00a0guide\u00a0\u00bb spirituel Rudolf Steiner, en 2012.<\/p>\n<p>&nbsp;<\/p>\n<p>Il en profite pour s&rsquo;extirper des labels Bio Europ\u00e9ens et \u00ab\u00a0de leurs cahiers des charges trop laxistes\u00a0\u00bb \u00e0 son go\u00fbt \u00ab\u00a0\u00e0 force de vouloir faire plaisir au plus grand nombre\u00a0\u00bb et appose la certification&nbsp;DEMETER, plus rigoureuse, en 2014.<\/p>\n<p>Sa vision viticole est de&nbsp;produire les meilleurs raisins possible&nbsp;gr\u00e2ce \u00e0 un travail m\u00e9ticuleux en \u00e9tant pr\u00e9sent au plus pr\u00e8s de ce qui se passe au niveau du sol et de la plante. Et l&rsquo;apparition sur certaines parcelles de chevaux pour \u00e9viter de comprimer la terre est un autre message envoy\u00e9 en ce sens.<\/p>\n<p>Andr\u00e9 utilise de&nbsp;nombreuses d\u00e9coctions de plantes&nbsp;comme l&rsquo;ortie, la val\u00e9riane, la pr\u00eale, le pissenlit ou la consoude toujours dans le respect du vivant.<\/p>","protected":false},"excerpt":{"rendered":"<p>LE DOMAINE ANDR\u00c9 KLEINKNECHT \u00c0 MITTELBERGHEIM EN ALSACE C&rsquo;est dans le&nbsp;Village Alsacien de Mittelbergheim, class\u00e9 parmi les plus beaux de France et qui compte une bonne vingtaine de vignerons, que la famille Kleinknecht travaille la terre depuis de nombreuses g\u00e9n\u00e9rations dans le&nbsp;respect de la nature et des traditions. En Bio depuis 1998, Andr\u00e9 Kleinknecht d\u00e9cide [&hellip;]<\/p>","protected":false},"featured_media":0,"template":"","meta":[],"product_cat":[21],"product_tag":[],"_links":{"self":[{"href":"https:\/\/www.grintoura.fr\/en\/wp-json\/wp\/v2\/product\/6686"}],"collection":[{"href":"https:\/\/www.grintoura.fr\/en\/wp-json\/wp\/v2\/product"}],"about":[{"href":"https:\/\/www.grintoura.fr\/en\/wp-json\/wp\/v2\/types\/product"}],"wp:attachment":[{"href":"https:\/\/www.grintoura.fr\/en\/wp-json\/wp\/v2\/media?parent=6686"}],"wp:term":[{"taxonomy":"product_cat","embeddable":true,"href":"https:\/\/www.grintoura.fr\/en\/wp-json\/wp\/v2\/product_cat?post=6686"},{"taxonomy":"product_tag","embeddable":true,"href":"https:\/\/www.grintoura.fr\/en\/wp-json\/wp\/v2\/product_tag?post=6686"}],"curies":[{"name":"wp","href":"https:\/\/api.w.org\/{rel}","templated":true}]}}