	
	
	
	
{"id":6660,"date":"2023-06-28T12:15:12","date_gmt":"2023-06-28T10:15:12","guid":{"rendered":"https:\/\/www.grintoura.fr\/product\/cave-clos-3-4-vins-bios-biodynamiques-et-naturels\/"},"modified":"2023-06-28T12:15:12","modified_gmt":"2023-06-28T10:15:12","slug":"cave-clos-3-4-vins-bios-biodynamiques-et-naturels","status":"publish","type":"product","link":"https:\/\/www.grintoura.fr\/en\/product\/cave-clos-3-4-vins-bios-biodynamiques-et-naturels\/","title":{"rendered":"Cave Clos 3\/4 Vins bios, biodynamiques et naturels"},"content":{"rendered":"<p>Cave \u00e0 vin Mulhouse, notre cave est situ\u00e9e c\u0153ur du centre ville : au sein de la\u00a0Maison Engelmann. Cette galerie marchande et gourmande est un lieu de vie et de d\u00e9gustation hors du commun. Vielle b\u00e2tisse riche de son histoire : c\u2019est sans h\u00e9sitation que le\u00a0<a href=\"https:\/\/www.clos34.com\/\" target=\"_blank\" rel=\"noopener\">Clos \u00be<\/a> a voulu rejoindre le projet. Nous proposons une\u00a0large gamme de vins\u00a0dans notre cave \u00e0 Mulhouse. Celle-ci va dans la continuit\u00e9 du travail de s\u00e9lection r\u00e9alis\u00e9e en amont par le\u00a0Clos \u00be\u00a0. Mais elle est aussi le reflet de\u00a0nos ambassadeurs\u00a0pr\u00e9sents sur place. C\u2019est pourquoi vous trouverez une abondance de spiritueux, de champagnes, de grands vins et de grands crus diff\u00e9rents. Un choix de bouteille\u00a0pr\u00e9cis et de qualit\u00e9\u00a0en mati\u00e8re de Whiskies, Rhums, Vodkas, Cognacs et Armagnacs\u2026 Et bien \u00e9videmment des eaux de vie d\u2019exception comme la\u00a0distillerie Cazotte\u00a0ou plus locales comme celles de Mett\u00e9.<\/p>","protected":false},"excerpt":{"rendered":"<p>Cave \u00e0 vin Mulhouse, notre cave est situ\u00e9e c\u0153ur du centre ville : au sein de la\u00a0Maison Engelmann. Cette galerie marchande et gourmande est un lieu de vie et de d\u00e9gustation hors du commun. Vielle b\u00e2tisse riche de son histoire : c\u2019est sans h\u00e9sitation que le\u00a0Clos \u00be a voulu rejoindre le projet. Nous proposons une\u00a0large [&hellip;]<\/p>","protected":false},"featured_media":0,"template":"","meta":[],"product_cat":[21],"product_tag":[],"_links":{"self":[{"href":"https:\/\/www.grintoura.fr\/en\/wp-json\/wp\/v2\/product\/6660"}],"collection":[{"href":"https:\/\/www.grintoura.fr\/en\/wp-json\/wp\/v2\/product"}],"about":[{"href":"https:\/\/www.grintoura.fr\/en\/wp-json\/wp\/v2\/types\/product"}],"wp:attachment":[{"href":"https:\/\/www.grintoura.fr\/en\/wp-json\/wp\/v2\/media?parent=6660"}],"wp:term":[{"taxonomy":"product_cat","embeddable":true,"href":"https:\/\/www.grintoura.fr\/en\/wp-json\/wp\/v2\/product_cat?post=6660"},{"taxonomy":"product_tag","embeddable":true,"href":"https:\/\/www.grintoura.fr\/en\/wp-json\/wp\/v2\/product_tag?post=6660"}],"curies":[{"name":"wp","href":"https:\/\/api.w.org\/{rel}","templated":true}]}}