	
	
	
	
{"id":6646,"date":"2023-06-24T06:55:54","date_gmt":"2023-06-24T04:55:54","guid":{"rendered":"https:\/\/www.grintoura.fr\/product\/lpo-alsace\/"},"modified":"2023-06-25T06:45:08","modified_gmt":"2023-06-25T04:45:08","slug":"lpo-alsace","status":"publish","type":"product","link":"https:\/\/www.grintoura.fr\/en\/product\/lpo-alsace\/","title":{"rendered":"LPO \u2013 Alsace"},"content":{"rendered":"<p>LPO Alsace<br \/>\n1 rue du Wisch 67560 ROSENWILLER<br \/>\nT\u00e9l. : 03 88 22 07 35<br \/>\nalsace@lpo.fr<br \/>\nhttp:\/\/alsace.lpo.fr<\/p>\n<p>En ville, \u00e0 la campagne, dans votre jardin ou au bord d\u2019une route, il peut vous arriver de trouver un oiseau ou un petit mammif\u00e8re bless\u00e9 ou malade. Quotidiennement, de nombreuses personnes d\u00e9sarm\u00e9es devant un animal en difficult\u00e9 contactent la LPO \u00e0 la recherche de conseils. Quelques gestes simples peuvent vous aider \u00e0 r\u00e9agir de mani\u00e8re ad\u00e9quate.<\/p>\n<p>Vos contacts en Alsace<\/p>\n<p><strong>Environs de Strasbourg :<\/strong><br \/>\nCentre de soins LPO Alsace<br \/>\nT\u00e9l. : 03 88 22 07 35<br \/>\nalsace.centredesauvegarde@lpo.fr<\/p>\n<p><strong>Zone Nord\u00a0Alsace :<\/strong><br \/>\nGORNA<br \/>\nT\u00e9l. : 03 88 01 48 00<br \/>\nhttp:\/\/www.gorna.org<\/p>\n<p><strong>Haut-Rhin :<\/strong><br \/>\nLa Brigade Verte<br \/>\nT\u00e9l. : 03 89 74 84 04<\/p>\n<p>&nbsp;<\/p>\n<p>&nbsp;<\/p>\n<p>&nbsp;<\/p>\n<p>&nbsp;<\/p>\n<p>&nbsp;<\/p>\n<p>N\u2019oubliez pas de pr\u00e9ciser vos coordonn\u00e9es, l&rsquo;esp\u00e8ce (si vous avez pu l&rsquo;identifier), l&rsquo;\u00e9tat de l&rsquo;oiseau (saignements, aile cass\u00e9e, patte ab\u00eem\u00e9e), le lieu de d\u00e9couverte et la date.<\/p>\n<p>Note : les soigneurs sont souvent aupr\u00e8s des animaux et ne sont donc pas toujours disponibles, mais ils consultent le r\u00e9pondeur fr\u00e9quemment tout au long de la journ\u00e9e, entre 8h30 et 19h. Et ce, chaque jour de l\u2019ann\u00e9e, jour f\u00e9ri\u00e9 et dimanche inclus.<\/p>\n<p>&nbsp;<\/p>\n<p><em><strong>Les gestes qui sauvent<\/strong><\/em><\/p>\n<p><strong>Capturez l&rsquo;animal avec prudence<\/strong><\/p>\n<p>&nbsp;<\/p>\n<p>L&rsquo;animal doit \u00eatre captur\u00e9 avec pr\u00e9caution. Evitez de lui parler, m\u00eame pour le calmer, proscrivez tout geste brusque et toute manipulation superflue.<\/p>\n<p>S\u2019il s\u2019agit d\u2019un oiseau : aidez-vous d&rsquo;un tissu ou de gants, notamment pour vous prot\u00e9ger des serres des rapaces et des becs des \u00e9chassiers, mais aussi pour \u00e9viter un contact avec d&rsquo;\u00e9ventuels parasites. Durant les manipulations, l&rsquo;oiseau devra \u00eatre maintenu les ailes repli\u00e9es le long du corps et la t\u00eate cach\u00e9e (sous un torchon, par exemple).<\/p>\n<p>S\u2019il s\u2019agit d\u2019un mammif\u00e8re : utilisez syst\u00e9matiquement des gants \u00e9pais (risque de morsures). Ne le manipuler jamais par un membre, mais tenez le corps au niveau des \u00e9paules.<\/p>\n<p>S\u2019il s\u2019agit d\u2019une grosse esp\u00e8ce (blaireau, chat forestier, fouine), contactez le centre de soins le plus proche ou \u00e0 d\u00e9faut, les pompiers.<\/p>\n<p><strong>Isolez-le au calme<\/strong><\/p>\n<p>Placez l&rsquo;animal d\u00e9licatement dans un carton, dans une pi\u00e8ce obscure, calme et temp\u00e9r\u00e9e.<\/p>\n<p>Le carton doit \u00eatre adapt\u00e9 \u00e0 la taille de l&rsquo;animal, avec un couvercle perc\u00e9 de quelques trous (de la taille d&rsquo;un stylo) pour l&rsquo;a\u00e9ration.<\/p>\n<p>Le carton doit porter la mention : \u00ab\u00a0Animal vivant + vos coordonn\u00e9es + le lieu et la date de d\u00e9couverte\u00a0\u00bb.<br \/>\nEviter l&rsquo;utilisation de cage en grillage ou \u00e0 barreaux (o\u00f9 il aggraverait les blessures, ab\u00eemerait le plumage\u2026).<\/p>\n<p><strong>Vous \u00eates responsable de l&rsquo;animal<\/strong><\/p>\n<p>Ne le nourrissez pas, ne le forcez pas \u00e0 boire (risque d&rsquo;\u00e9touffement\u2026).<br \/>\nNe lui donnez pas de m\u00e9dicaments.<br \/>\nNe l\u2019exibez pas : un animal bless\u00e9 a besoin de calme.<\/p>\n<p><strong>Confiez l\u2019animal \u00e0 un sp\u00e9cialiste<\/strong><\/p>\n<p>Acheminez l\u2019animal dans les meilleurs d\u00e9lais vers un centre sp\u00e9cialis\u00e9 pour les soins aux animaux sauvages. Au-del\u00e0 de deux jours sans soins, les chances de rel\u00e2cher un animal victime d&rsquo;une fracture sont quasiment nulles. Les soins aux animaux de la faune sauvage requi\u00e8rent des connaissances et des installations particuli\u00e8res et ne peuvent \u00eatre prodigu\u00e9s que par des sp\u00e9cialistes.<\/p>\n<p>S\u2019il s\u2019agit d\u2019un jeune, lui apporter une nourriture inadapt\u00e9e pendant quelques jours seulement peut compromettre sa croissance et lui provoquer des carences irr\u00e9versibles.<\/p>\n<p>&nbsp;<\/p>\n<p>ATTENTION :<\/p>\n<p>La majorit\u00e9 des oiseaux sauvages sont des animaux prot\u00e9g\u00e9s par la loi. Leur possession, leur d\u00e9tention et leur transport sont r\u00e9glement\u00e9s.<br \/>\nToutefois, leur transport sans formalit\u00e9 est tol\u00e9r\u00e9 en cas d\u2019absolue n\u00e9cessit\u00e9, par exemple pour le conduire dans un centre de soins. C\u2019est \u00e9galement le cas pour la plupart des esp\u00e8ces chassables.<br \/>\nInformez au pr\u00e9alable un agent asserment\u00e9 (Gendarmerie, Office National de la Chasse et de la Faune Sauvage&#8230;) de votre intention de transport.<br \/>\nNote :<\/p>\n<p>En cas d&rsquo;alerte \u00e0 la grippe aviaire, les pr\u00e9fets peuvent suspendre l&rsquo;acheminement et l&rsquo;accueil des oiseaux bless\u00e9s ou en perdition. Renseignez-vous en cas de doute.<br \/>\nLe message sera \u00e9galement relay\u00e9 sur ce site.<\/p>\n<p><em><strong>Cas particuliers<\/strong><\/em><\/p>\n<p><strong>Oiseau bagu\u00e9<\/strong><\/p>\n<p>Si l&rsquo;oiseau est vivant,\u00a0ne touchez pas la bague. Pr\u00e9venez la LPO en pr\u00e9cisant le lieu, la date, les circonstances de la d\u00e9couverte, ainsi que les indications de la bague et vos coordonn\u00e9es compl\u00e8tes. Rapatriez l\u2019oiseau vers un centre de soins en suivant les indications ci-dessus.<br \/>\nSi l\u2019oiseau est mort, envoyez la bague dans une enveloppe avec toutes les pr\u00e9cisions n\u00e9cessaires (cause pr\u00e9sum\u00e9e de la mort, esp\u00e8ce, date, lieu\u2026) au si\u00e8ge de la LPO \u00e0 Rosenwiller. Si vous avez des doutes sur l&rsquo;identification de l&rsquo;esp\u00e8ce, joignez une photo de l&rsquo;oiseau.<\/p>\n<p>&nbsp;<\/p>\n<p><strong>Oisillons tomb\u00e9s \u00e0 terre<\/strong><\/p>\n<p>Les jeunes oiseaux \u00e0 terre d\u00e9j\u00e0 emplum\u00e9s ne doivent pas syst\u00e9matiquement \u00eatre r\u00e9cup\u00e9r\u00e9s : les parents ne sont certainement pas loin et reviendront les nourrir d\u00e8s que le \u00ab\u00a0danger\u00a0\u00bb que vous repr\u00e9sentez se sera \u00e9loign\u00e9. S\u2019il y a un chat \u00e0 proximit\u00e9, c\u2019est celui-ci qu\u2019il faudra garder \u00e0 l\u2019int\u00e9rieur ! Le d\u00e9veloppement rapide des oisillons leur permet de voler en quelques jours, voire en 24h. Il existe \u00e9galement des techniques pour remettre les jeunes dans leur environnement naturel \u00e0 l\u2019abris des pr\u00e9dateurs.<\/p>\n<p>Dans tous les cas, contactez imm\u00e9diatement le service \u00ab m\u00e9diation faune sauvage \u00bb de la LPO et du GEPMA pour savoir que faire.<\/p>\n<p>S&rsquo;il vous appara\u00eet comme vital de r\u00e9cup\u00e9rer l&rsquo;oisillon (proximit\u00e9 d&rsquo;une route, pr\u00e9sence de chats et de chiens, parents trouv\u00e9s morts&#8230;), il est alors important de le confier le plus rapidement possible \u00e0 une structure sp\u00e9cialis\u00e9e et de ne pas l&rsquo;alimenter soi-m\u00eame : chaque esp\u00e8ce a un r\u00e9gime alimentaire particulier et certains aliments peuvent provoquer des carences irr\u00e9versibles.<\/p>\n<p>&nbsp;<\/p>\n<p><strong>S\u2019il s\u2019agit de jeunes rapaces :<\/strong><\/p>\n<p>Les jeunes rapaces ayant quitt\u00e9 pr\u00e9matur\u00e9ment leur nid ne doivent \u00eatre syst\u00e9matiquement ramass\u00e9s m\u00eame s\u2019ils sont tr\u00e8s petits (taille d\u2019une poign\u00e9e) et couverts d\u2019un duvet blanc. Chez de nombreuses esp\u00e8ces, les parents continuent \u00e0 les nourrir au sol.<\/p>\n<p>&nbsp;<\/p>\n<p>En cas de danger imm\u00e9diat, il convient de placer ces oiseaux dans un cageot fix\u00e9 \u00e0 une branche haute et de vous assurer que les adultes soient pr\u00e9sents et que l\u2019oiseau ne soit pas bless\u00e9.<\/p>\n<p>Dans tous les cas, n\u2019h\u00e9sitez pas \u00e0 contacter le service \u00ab m\u00e9diation faune sauvage \u00bb de la LPO et du GEPMA pour de plus amples informations.<\/p>\n<p>N\u2019essayez pas d\u2019\u00e9lever les jeunes oiseaux vous-m\u00eame :<\/p>\n<p>Vous les priveriez de toute chance de retrouver un jour une vie sauvage et autonome.<br \/>\nNe jamais nourrir des poussins car les besoins alimentaires sont tr\u00e8s pr\u00e9cis.<br \/>\nDans tous les cas, t\u00e9l\u00e9phonez \u00e0 l\u2019un des centres de soins et demandez conseil !<\/p>","protected":false},"excerpt":{"rendered":"<p>LPO Alsace 1 rue du Wisch 67560 ROSENWILLER T\u00e9l. : 03 88 22 07 35 alsace@lpo.fr http:\/\/alsace.lpo.fr En ville, \u00e0 la campagne, dans votre jardin ou au bord d\u2019une route, il peut vous arriver de trouver un oiseau ou un petit mammif\u00e8re bless\u00e9 ou malade. Quotidiennement, de nombreuses personnes d\u00e9sarm\u00e9es devant un animal en difficult\u00e9 [&hellip;]<\/p>","protected":false},"featured_media":0,"template":"","meta":[],"product_cat":[21],"product_tag":[],"_links":{"self":[{"href":"https:\/\/www.grintoura.fr\/en\/wp-json\/wp\/v2\/product\/6646"}],"collection":[{"href":"https:\/\/www.grintoura.fr\/en\/wp-json\/wp\/v2\/product"}],"about":[{"href":"https:\/\/www.grintoura.fr\/en\/wp-json\/wp\/v2\/types\/product"}],"wp:attachment":[{"href":"https:\/\/www.grintoura.fr\/en\/wp-json\/wp\/v2\/media?parent=6646"}],"wp:term":[{"taxonomy":"product_cat","embeddable":true,"href":"https:\/\/www.grintoura.fr\/en\/wp-json\/wp\/v2\/product_cat?post=6646"},{"taxonomy":"product_tag","embeddable":true,"href":"https:\/\/www.grintoura.fr\/en\/wp-json\/wp\/v2\/product_tag?post=6646"}],"curies":[{"name":"wp","href":"https:\/\/api.w.org\/{rel}","templated":true}]}}