	
	
	
	
{"id":6586,"date":"2023-06-14T17:22:54","date_gmt":"2023-06-14T15:22:54","guid":{"rendered":"https:\/\/www.grintoura.fr\/product\/jardin-des-alpilles-maussanne-les-alpilles\/"},"modified":"2023-06-14T17:35:42","modified_gmt":"2023-06-14T15:35:42","slug":"jardin-des-alpilles-maussanne-les-alpilles","status":"publish","type":"product","link":"https:\/\/www.grintoura.fr\/en\/product\/jardin-des-alpilles-maussanne-les-alpilles\/","title":{"rendered":"Jardin des Alpilles \u2013 Maussanne les Alpilles"},"content":{"rendered":"<p>LE JARDIN DES ALPILLES C\u2019EST, DES FRUITS ET DES L\u00c9GUMES \u2026 MAIS AUSSI DES FROMAGES, DU VIN, DE L\u2019HUILE D\u2019OLIVE ET BIEN D\u2019AUTRES CHOSES<\/p>\n<p>&nbsp;<\/p>\n<p>PR\u00c9SENTATION<br \/>\nDans les ann\u00e9es 70, notre grand-m\u00e8re Marie-Claire vendait les l\u00e9gumes de son jardin \u00e0 l\u2019angle de sa maison.<\/p>\n<p>Aujourd\u2019hui commer\u00e7ant, nous avons gard\u00e9 de nos racines paysannes cette volonte : \u00eatre le lien entre le producteur et le consommateur, afin de valoriser le travail des paysans.<\/p>","protected":false},"excerpt":{"rendered":"<p>LE JARDIN DES ALPILLES C\u2019EST, DES FRUITS ET DES L\u00c9GUMES \u2026 MAIS AUSSI DES FROMAGES, DU VIN, DE L\u2019HUILE D\u2019OLIVE ET BIEN D\u2019AUTRES CHOSES &nbsp; PR\u00c9SENTATION Dans les ann\u00e9es 70, notre grand-m\u00e8re Marie-Claire vendait les l\u00e9gumes de son jardin \u00e0 l\u2019angle de sa maison. Aujourd\u2019hui commer\u00e7ant, nous avons gard\u00e9 de nos racines paysannes cette volonte [&hellip;]<\/p>","protected":false},"featured_media":0,"template":"","meta":[],"product_cat":[21],"product_tag":[],"_links":{"self":[{"href":"https:\/\/www.grintoura.fr\/en\/wp-json\/wp\/v2\/product\/6586"}],"collection":[{"href":"https:\/\/www.grintoura.fr\/en\/wp-json\/wp\/v2\/product"}],"about":[{"href":"https:\/\/www.grintoura.fr\/en\/wp-json\/wp\/v2\/types\/product"}],"wp:attachment":[{"href":"https:\/\/www.grintoura.fr\/en\/wp-json\/wp\/v2\/media?parent=6586"}],"wp:term":[{"taxonomy":"product_cat","embeddable":true,"href":"https:\/\/www.grintoura.fr\/en\/wp-json\/wp\/v2\/product_cat?post=6586"},{"taxonomy":"product_tag","embeddable":true,"href":"https:\/\/www.grintoura.fr\/en\/wp-json\/wp\/v2\/product_tag?post=6586"}],"curies":[{"name":"wp","href":"https:\/\/api.w.org\/{rel}","templated":true}]}}